{"id":2553,"date":"2023-11-14T12:47:42","date_gmt":"2023-11-14T05:47:42","guid":{"rendered":"https:\/\/bynature.vn\/product\/50g-xoai-say-deo\/"},"modified":"2024-04-03T16:26:24","modified_gmt":"2024-04-03T09:26:24","slug":"50g-xoai-say-deo","status":"publish","type":"product","link":"https:\/\/bynature.vn\/vi\/product\/50g-xoai-say-deo\/","title":{"rendered":"50g Xo\u00e0i S\u1ea5y D\u1ebbo"},"content":{"rendered":"<h6>Xo\u00e0i s\u1ea5y d\u1ebbo t\u1ef1 nhi\u00ean ByNature<\/h6>\n<p>M\u00f3n \u0103n v\u1eb7t ho\u00e0n h\u1ea3o, l\u1ea1 mi\u1ec7ng v\u00e0 v\u00f4 c\u00f9ng ti\u1ec7n l\u1ee3i, d\u1ec5 d\u00e0ng mang theo khi di chuy\u1ec3n.<\/p>\n<p>Xo\u00e0i \u0111\u01b0\u1ee3c tr\u1ed3ng, thu ho\u1ea1ch v\u00e0 s\u1ea5y d\u1ebbo thu\u1eadn t\u1ef1 nhi\u00ean, s\u1ea1ch v\u00e0 an to\u00e0n.<\/p>\n<p>Xem th\u00eam: <span style=\"text-decoration: underline; color: #008000;\"><a style=\"color: #008000; text-decoration: underline;\" href=\"https:\/\/bynature.vn\/vi\/danh-muc-san-pham\/do-kho\/snacks-vi\/trai-cay-say-deo\/\">Tr\u00e1i c\u00e2y s\u1ea5y d\u1ebbo<\/a><\/span><\/p>\n","protected":false},"excerpt":{"rendered":"<p>Xo\u00e0i s\u1ea5y d\u1ebbo t\u1ef1 nhi\u00ean ByNature M\u00f3n \u0103n v\u1eb7t ho\u00e0n h\u1ea3o, l\u1ea1 mi\u1ec7ng v\u00e0 v\u00f4 c\u00f9ng ti\u1ec7n l\u1ee3i, d\u1ec5 d\u00e0ng mang theo khi di chuy\u1ec3n. Xo\u00e0i \u0111\u01b0\u1ee3c tr\u1ed3ng, thu ho\u1ea1ch v\u00e0 s\u1ea5y d\u1ebbo thu\u1eadn t\u1ef1 nhi\u00ean, s\u1ea1ch v\u00e0 an to\u00e0n. Xem th\u00eam: Tr\u00e1i c\u00e2y s\u1ea5y d\u1ebbo<\/p>\n","protected":false},"featured_media":751,"template":"","meta":[],"pwb-brand":[288],"product_cat":[260],"product_tag":[],"class_list":{"0":"post-2553","1":"product","2":"type-product","3":"status-publish","4":"has-post-thumbnail","6":"pwb-brand-bynature-vi","7":"product_cat-trai-cay-say-deo","9":"first","10":"instock","11":"purchasable","12":"product-type-simple"},"acf":[],"brands":[{"id":288,"name":"ByNature","slug":"bynature-vi"}],"_links":{"self":[{"href":"https:\/\/bynature.vn\/vi\/wp-json\/wp\/v2\/product\/2553","targetHints":{"allow":["GET"]}}],"collection":[{"href":"https:\/\/bynature.vn\/vi\/wp-json\/wp\/v2\/product"}],"about":[{"href":"https:\/\/bynature.vn\/vi\/wp-json\/wp\/v2\/types\/product"}],"wp:featuredmedia":[{"embeddable":true,"href":"https:\/\/bynature.vn\/vi\/wp-json\/wp\/v2\/media\/751"}],"wp:attachment":[{"href":"https:\/\/bynature.vn\/vi\/wp-json\/wp\/v2\/media?parent=2553"}],"wp:term":[{"taxonomy":"pwb-brand","embeddable":true,"href":"https:\/\/bynature.vn\/vi\/wp-json\/wp\/v2\/pwb-brand?post=2553"},{"taxonomy":"product_cat","embeddable":true,"href":"https:\/\/bynature.vn\/vi\/wp-json\/wp\/v2\/product_cat?post=2553"},{"taxonomy":"product_tag","embeddable":true,"href":"https:\/\/bynature.vn\/vi\/wp-json\/wp\/v2\/product_tag?post=2553"}],"curies":[{"name":"wp","href":"https:\/\/api.w.org\/{rel}","templated":true}]}}