{"id":2548,"date":"2023-11-14T12:47:42","date_gmt":"2023-11-14T05:47:42","guid":{"rendered":"https:\/\/bynature.vn\/product\/1kg-gao-nep-cam-organic\/"},"modified":"2026-01-15T10:53:48","modified_gmt":"2026-01-15T03:53:48","slug":"1kg-gao-nep-cam-organic","status":"publish","type":"product","link":"https:\/\/bynature.vn\/vi\/product\/1kg-gao-nep-cam-organic\/","title":{"rendered":"1kg G\u1ea1o N\u1ebfp C\u1ea9m H\u1eefu C\u01a1"},"content":{"rendered":"<h3 data-path-to-node=\"0\"><b>G\u1ea1o N\u1ebfp C\u1ea9m H\u1eefu C\u01a1 (1 kg)<\/b><\/h3>\n<p data-path-to-node=\"1\"><b>Gi\u00e0u dinh d\u01b0\u1ee1ng. Th\u01a1m t\u1ef1 nhi\u00ean. M\u00e0u s\u1eafc \u1ea5n t\u01b0\u1ee3ng.  <\/b><\/p>\n<p data-path-to-node=\"2\">Kh\u00e1m ph\u00e1 \u201cg\u1ea1o c\u1ea5m\u201d c\u1ee7a th\u1ebf gi\u1edbi c\u1ed5 \u0111\u1ea1i. <span class=\"citation-85 citation-end-85\">G\u1ea1o N\u1ebfp C\u1ea9m H\u1eefu C\u01a1 c\u1ee7a ch\u00fang t\u00f4i l\u00e0 lo\u1ea1i ng\u0169 c\u1ed1c nguy\u00ean h\u1ea1t cao c\u1ea5p, n\u1ed5i b\u1eadt v\u1edbi m\u00e0u t\u00edm \u0111\u1eadm, v\u1ecb b\u00f9i v\u00e0 k\u1ebft c\u1ea5u d\u1ebbo dai, dai nh\u1eb9.<\/span> \u0110\u01b0\u1ee3c canh t\u00e1c b\u1ec1n v\u1eefng v\u00e0 100% t\u1ef1 nhi\u00ean, s\u1ea3n ph\u1ea9m mang \u0111\u1ebfn c\u1ea3 m\u00e0u s\u1eafc s\u1ed1ng \u0111\u1ed9ng l\u1eabn gi\u00e1 tr\u1ecb dinh d\u01b0\u1ee1ng v\u01b0\u1ee3t tr\u1ed9i cho m\u1ecdi b\u1eefa \u0103n.<\/p>\n<h3 data-path-to-node=\"4\"><b>L\u1ee3i \u00cdch N\u1ed5i B\u1eadt<\/b><\/h3>\n<ul data-path-to-node=\"5\">\n<li>\n<p data-path-to-node=\"5,0,0\"><b><span class=\"citation-84\">Gi\u00e0u Ch\u1ea5t Ch\u1ed1ng Oxy H\u00f3a:<\/span><\/b><span class=\"citation-84 citation-end-84\"> H\u00e0m l\u01b0\u1ee3ng anthocyanin cao (c\u00f9ng nh\u00f3m s\u1eafc t\u1ed1 t\u1ed1t cho tim m\u1ea1ch nh\u01b0 trong vi\u1ec7t qu\u1ea5t).<\/span><\/p>\n<\/li>\n<li>\n<p data-path-to-node=\"5,1,0\"><b>Gi\u00e0u Ch\u1ea5t X\u01a1:<\/b><span class=\"citation-83 citation-end-83\"> H\u1ed7 tr\u1ee3 ti\u00eau h\u00f3a kh\u1ecfe m\u1ea1nh v\u00e0 t\u1ea1o c\u1ea3m gi\u00e1c no l\u00e2u.<\/span><\/p>\n<\/li>\n<li>\n<p data-path-to-node=\"5,2,0\"><b>Kho\u00e1ng Ch\u1ea5t Thi\u1ebft Y\u1ebfu:<\/b> Ngu\u1ed3n cung c\u1ea5p t\u1ef1 nhi\u00ean s\u1eaft v\u00e0 magie gi\u00fap duy tr\u00ec n\u0103ng l\u01b0\u1ee3ng b\u1ec1n b\u1ec9.<\/p>\n<\/li>\n<li>\n<p data-path-to-node=\"5,3,0\"><b><span class=\"citation-82\">Ch\u1ec9 S\u1ed1 \u0110\u01b0\u1eddng Huy\u1ebft Th\u1ea5p:<\/span><\/b><span class=\"citation-82 citation-end-82\"> Gi\u00fap \u1ed5n \u0111\u1ecbnh \u0111\u01b0\u1eddng huy\u1ebft t\u1ed1t h\u01a1n so v\u1edbi g\u1ea1o tr\u1eafng.<\/span><\/p>\n<\/li>\n<\/ul>\n<p data-path-to-node=\"7\">M\u1eb9o nhanh: Ng\u00e2m g\u1ea1o 30 ph\u00fat tr\u01b0\u1edbc khi n\u1ea5u \u0111\u1ec3 \u0111\u1ea1t \u0111\u1ed9 m\u1ec1m v\u00e0 t\u01a1i x\u1ed1p l\u00fd t\u01b0\u1edfng. Ph\u00f9 h\u1ee3p d\u00f9ng k\u00e8m th\u1ecbt n\u01b0\u1edbng, salad t\u01b0\u01a1i, ho\u1eb7c l\u00e0m n\u1ec1n nhi\u1ec1u m\u00e0u s\u1eafc cho salad c\u00e1 ng\u1eeb. <\/p>\n","protected":false},"excerpt":{"rendered":"<h3 data-path-to-node=\"0\"><b>G\u1ea1o N\u1ebfp C\u1ea9m H\u1eefu C\u01a1 (1 kg)<\/b><\/h3>\n<p data-path-to-node=\"1\"><b>Gi\u00e0u D\u01b0\u1ee1ng Ch\u1ea5t. \u0110\u1eadm Ch\u1ea5t Ch\u1ed1ng Oxy H\u00f3a. Chu\u1ea9n \u1ea8m Th\u1ef1c Cao C\u1ea5p.  <\/b><\/p>\n<p data-path-to-node=\"2\">G\u1ea1o t\u00edm h\u1eefu c\u01a1 100% c\u1ee7a ch\u00fang t\u00f4i n\u1ed5i ti\u1ebfng v\u1edbi m\u00e0u t\u00edm s\u1eabm \u1ea5n t\u01b0\u1ee3ng v\u00e0 h\u01b0\u01a1ng th\u01a1m b\u00f9i \u0111\u1eb7c tr\u01b0ng. Lo\u1ea1i \u201csi\u00eau ng\u0169 c\u1ed1c\u201d c\u1ed5 \u0111\u1ea1i n\u00e0y l\u00e0 l\u1ef1a ch\u1ecdn nguy\u00ean h\u1ea1t ngon mi\u1ec7ng, l\u00e0nh m\u1ea1nh thay th\u1ebf cho g\u1ea1o truy\u1ec1n th\u1ed1ng. <span class=\"citation-97 citation-end-97\">G\u1ea1o gi\u1eef nguy\u00ean l\u1edbp c\u00e1m, mang l\u1ea1i k\u1ebft c\u1ea5u dai v\u1eeba v\u00e0 h\u00e0m l\u01b0\u1ee3ng d\u01b0\u1ee1ng ch\u1ea5t t\u1ef1 nhi\u00ean phong ph\u00fa.<\/span><\/p>\n<p data-path-to-node=\"3\"><b>T\u1ea1i Sao B\u1ea1n S\u1ebd Y\u00eau Th\u00edch Th\u1ee9c U\u1ed1ng N\u00e0y:<\/b><\/p>\n<ul data-path-to-node=\"4\">\n<li>\n<p data-path-to-node=\"4,0,0\"><b>Ch\u1ed1ng Oxy H\u00f3a M\u1ea1nh M\u1ebd:<\/b><span class=\"citation-96 citation-end-96\"> D\u1ed3i d\u00e0o anthocyanin h\u1ed7 tr\u1ee3 tim m\u1ea1ch v\u00e0 mi\u1ec5n d\u1ecbch.<\/span><\/p>\n<\/li>\n<li>\n<p data-path-to-node=\"4,1,0\"><b><span class=\"citation-95\">Gi\u00e0u Ch\u1ea5t X\u01a1 &amp; S\u1eaft:<\/span><\/b><span class=\"citation-95 citation-end-95\"> Th\u00fac \u0111\u1ea9y ti\u00eau h\u00f3a kh\u1ecfe m\u1ea1nh v\u00e0 n\u0103ng l\u01b0\u1ee3ng b\u1ec1n l\u00e2u.<\/span><\/p>\n<\/li>\n<li>\n<p data-path-to-node=\"4,2,0\"><b>Thu\u1ea7n Khi\u1ebft &amp; L\u00e0nh M\u1ea1nh:<\/b> Ch\u1ee9ng nh\u1eadn h\u1eefu c\u01a1, kh\u00f4ng bi\u1ebfn \u0111\u1ed5i gen, v\u00e0 kh\u00f4ng h\u00f3a ch\u1ea5t t\u1ed5ng h\u1ee3p.<\/p>\n<\/li>\n<\/ul>\n","protected":false},"featured_media":12667,"template":"","meta":[],"pwb-brand":[],"product_cat":[252,254,253],"product_tag":[],"class_list":{"0":"post-2548","1":"product","2":"type-product","3":"status-publish","4":"has-post-thumbnail","6":"product_cat-do-kho","7":"product_cat-gao-ngu-coc","8":"product_cat-hang-kho","10":"first","11":"instock","12":"purchasable","13":"product-type-simple"},"acf":[],"brands":[],"_links":{"self":[{"href":"https:\/\/bynature.vn\/vi\/wp-json\/wp\/v2\/product\/2548","targetHints":{"allow":["GET"]}}],"collection":[{"href":"https:\/\/bynature.vn\/vi\/wp-json\/wp\/v2\/product"}],"about":[{"href":"https:\/\/bynature.vn\/vi\/wp-json\/wp\/v2\/types\/product"}],"wp:featuredmedia":[{"embeddable":true,"href":"https:\/\/bynature.vn\/vi\/wp-json\/wp\/v2\/media\/12667"}],"wp:attachment":[{"href":"https:\/\/bynature.vn\/vi\/wp-json\/wp\/v2\/media?parent=2548"}],"wp:term":[{"taxonomy":"pwb-brand","embeddable":true,"href":"https:\/\/bynature.vn\/vi\/wp-json\/wp\/v2\/pwb-brand?post=2548"},{"taxonomy":"product_cat","embeddable":true,"href":"https:\/\/bynature.vn\/vi\/wp-json\/wp\/v2\/product_cat?post=2548"},{"taxonomy":"product_tag","embeddable":true,"href":"https:\/\/bynature.vn\/vi\/wp-json\/wp\/v2\/product_tag?post=2548"}],"curies":[{"name":"wp","href":"https:\/\/api.w.org\/{rel}","templated":true}]}}