{"id":2547,"date":"2023-11-14T12:47:42","date_gmt":"2023-11-14T05:47:42","guid":{"rendered":"https:\/\/bynature.vn\/product\/1kg-gao-lut-organic\/"},"modified":"2026-01-15T11:49:31","modified_gmt":"2026-01-15T04:49:31","slug":"1kg-gao-lut-organic","status":"publish","type":"product","link":"https:\/\/bynature.vn\/vi\/product\/1kg-gao-lut-organic\/","title":{"rendered":"1kg G\u1ea1o Nh\u1eadt H\u1eefu C\u01a1"},"content":{"rendered":"<h3 data-path-to-node=\"0\"><b>G\u1ea1o Nh\u1eadt H\u1eefu C\u01a1<\/b><\/h3>\n<p data-path-to-node=\"1\"><b>Th\u1eadt. M\u1ec1m m\u1ecbn. Nguy\u00ean ch\u1ea5t.  <\/b><\/p>\n<p data-path-to-node=\"2\">Tr\u1ea3i nghi\u1ec7m \u1ea9m th\u1ef1c Nh\u1eadt B\u1ea3n v\u1edbi G\u1ea1o Nh\u1eadt \u0111\u01b0\u1ee3c Ch\u1ee9ng Nh\u1eadn H\u1eefu C\u01a1 c\u1ee7a ch\u00fang t\u00f4i. \u0110\u01b0\u1ee3c tr\u1ed3ng b\u1ec1n v\u1eefng m\u00e0 kh\u00f4ng c\u1ea7n thu\u1ed1c tr\u1eeb s\u00e2u t\u1ed5ng h\u1ee3p ho\u1eb7c ph\u00e2n b\u00f3n, nh\u1eefng h\u1ea1t ng\u1eafn, \u0111\u1ea7y \u0111\u1eb7n n\u00e0y mang l\u1ea1i k\u1ebft c\u1ea5u &#8220;mochi-mochi&#8221; (m\u1ec1m v\u00e0 dai) ho\u00e0n h\u1ea3o c\u0169ng nh\u01b0 v\u1ecb ng\u1ecdt trong, tinh t\u1ebf. <\/p>\n<h3 data-path-to-node=\"4\"><b>T\u1ea1i Sao Ch\u1ecdn G\u1ea1o Nh\u1eadt H\u1eefu C\u01a1 C\u1ee7a Ch\u00fang T\u00f4i?<\/b><\/h3>\n<ul data-path-to-node=\"5\">\n<li>\n<p data-path-to-node=\"5,0,0\"><b>100% H\u1eefu C\u01a1 &amp; Kh\u00f4ng Bi\u1ebfn \u0110\u1ed5i Gen:<\/b> \u0110\u01b0\u1ee3c tr\u1ed3ng b\u1eb1ng ph\u01b0\u01a1ng ph\u00e1p th\u00e2n thi\u1ec7n v\u1edbi m\u00f4i tr\u01b0\u1eddng \u0111\u1ec3 \u0111\u1ea3m b\u1ea3o h\u1ea1t nguy\u00ean ch\u1ea5t, kh\u00f4ng c\u00f3 h\u00f3a ch\u1ea5t.<\/p>\n<\/li>\n<li>\n<p data-path-to-node=\"5,1,0\"><b>\u0110\u1ed9 D\u00ednh Ho\u00e0n H\u1ea3o:<\/b> H\u00e0m l\u01b0\u1ee3ng tinh b\u1ed9t cao t\u1ef1 nhi\u00ean, t\u1ea1o n\u00ean s\u1ef1 ch\u1eafc ch\u1eafn l\u00fd t\u01b0\u1edfng cho m\u00f3n sushi, onigiri ho\u1eb7c c\u00e1c m\u00f3n c\u01a1m c\u1ed5 \u0111i\u1ec3n.<\/p>\n<\/li>\n<li>\n<p data-path-to-node=\"5,2,0\"><b>B\u00f3ng &amp; S\u00e1ng:<\/b> \u0110\u01b0\u1ee3c xay c\u1ea9n th\u1eadn \u0111\u1ec3 \u0111\u1ea1t \u0111\u01b0\u1ee3c \u0111\u1ed9 trong m\u1edd \u0111\u1eb9p m\u1eaft v\u00e0 c\u1ea3m gi\u00e1c m\u1ec1m m\u1ecbn trong mi\u1ec7ng.<\/p>\n<\/li>\n<li>\n<p data-path-to-node=\"5,3,0\"><b>N\u0103ng L\u01b0\u1ee3ng S\u1ea1ch:<\/b> L\u00e0 ngu\u1ed3n carbohydrate l\u00e0nh m\u1ea1nh, d\u1ec5 ti\u00eau h\u00f3a cho c\u1ea3 gia \u0111\u00ecnh.<\/p>\n<\/li>\n<\/ul>\n<p style=\"text-align: justify;\"><span style=\"text-decoration: underline; color: #008000;\"><a style=\"color: #008000; text-decoration: underline;\" href=\"https:\/\/bynature.vn\/product-category\/pantry\/dried-foods\/grains\/\">Mua th\u00eam Ng\u0169 C\u1ed1c<\/a><\/span><\/p>\n","protected":false},"excerpt":{"rendered":"<h3 data-path-to-node=\"0\"><b>G\u1ea1o Nh\u1eadt H\u1eefu C\u01a1<\/b><\/h3>\n<p data-path-to-node=\"1\"><b>Th\u1eadt. M\u1ec1m m\u1ecbn. \u0110\u1ed9 d\u00ednh ho\u00e0n h\u1ea3o.  <\/b><\/p>\n<p data-path-to-node=\"2\"><span class=\"citation-110 citation-end-110\">G\u1ea1o Nh\u1eadt B\u1ea3n \u0111\u01b0\u1ee3c Ch\u1ee9ng Nh\u1eadn H\u1eefu C\u01a1 c\u1ee7a ch\u00fang t\u00f4i mang ch\u1ea5t l\u01b0\u1ee3ng cao c\u1ea5p c\u1ee7a lo\u1ea1i g\u1ea1o h\u1ea1t ng\u1eafn truy\u1ec1n th\u1ed1ng \u0111\u1ebfn nh\u00e0 b\u1ebfp c\u1ee7a b\u1ea1n, \u0111\u01b0\u1ee3c tr\u1ed3ng m\u00e0 kh\u00f4ng s\u1eed d\u1ee5ng h\u00f3a ch\u1ea5t t\u1ed5ng h\u1ee3p ho\u1eb7c thu\u1ed1c tr\u1eeb s\u00e2u.<\/span> \u0110\u01b0\u1ee3c bi\u1ebft \u0111\u1ebfn v\u1edbi b\u1ec1 m\u1eb7t b\u00f3ng \u0111\u1eb9p v\u00e0 k\u1ebft c\u1ea5u &#8220;mochi-mochi&#8221; (m\u1ec1m v\u00e0 dai) \u0111\u1eb7c tr\u01b0ng, \u200b\u200b\u0111\u00e2y l\u00e0 s\u1ef1 l\u1ef1a ch\u1ecdn thi\u1ebft y\u1ebfu cho b\u1ea5t k\u1ef3 ai t\u00ecm ki\u1ebfm s\u1ef1 thu\u1ea7n khi\u1ebft v\u00e0 hi\u1ec7u qu\u1ea3 trong n\u1ea5u n\u01b0\u1edbng.<\/p>\n<ul data-path-to-node=\"3\">\n<li>\n<p data-path-to-node=\"3,0,0\"><b>100% H\u1eefu C\u01a1 &amp; Kh\u00f4ng Bi\u1ebfn \u0110\u1ed5i Gen:<\/b> G\u1ea1o nguy\u00ean ch\u1ea5t \u0111\u01b0\u1ee3c tr\u1ed3ng v\u1edbi s\u1ef1 t\u00f4n tr\u1ecdng thi\u00ean nhi\u00ean.<\/p>\n<\/li>\n<li>\n<p data-path-to-node=\"3,1,0\"><b>K\u1ebft C\u1ea5u Ho\u00e0n H\u1ea3o: \u0110\u1ed9<\/b> d\u00ednh t\u1ef1 nhi\u00ean, l\u00fd t\u01b0\u1edfng cho m\u00f3n sushi, onigiri v\u00e0 salad c\u00e1 ng\u1eeb.<\/p>\n<\/li>\n<li>\n<p data-path-to-node=\"3,2,0\"><b>H\u01b0\u01a1ng V\u1ecb Tinh T\u1ebf, S\u1ea1ch S\u1ebd:<\/b> V\u1ecb ng\u1ecdt tinh t\u1ebf k\u1ebft h\u1ee3p ho\u00e0n h\u1ea3o v\u1edbi b\u1ea5t k\u1ef3 m\u00f3n \u0103n n\u00e0o.<\/p>\n<\/li>\n<li>\n<p data-path-to-node=\"3,3,0\"><b><span class=\"citation-109\">Dinh D\u01b0\u1ee1ng L\u00e0nh M\u1ea1nh:<\/span><\/b><span class=\"citation-109 citation-end-109\"> Kh\u00f4ng ch\u1ee9a gluten t\u1ef1 nhi\u00ean v\u00e0 d\u1ec5 ti\u00eau h\u00f3a.<\/span><\/p>\n<\/li>\n<\/ul>\n<p data-path-to-node=\"4\"><b>Ti\u00eau chu\u1ea9n v\u00e0ng cho b\u1eefa \u0103n l\u1ea5y c\u1ea3m h\u1ee9ng t\u1eeb ch\u00e2u \u00c1 y\u00eau th\u00edch c\u1ee7a b\u1ea1n.<\/b><\/p>\n","protected":false},"featured_media":12669,"template":"","meta":[],"pwb-brand":[],"product_cat":[252,254,253],"product_tag":[],"class_list":{"0":"post-2547","1":"product","2":"type-product","3":"status-publish","4":"has-post-thumbnail","6":"product_cat-do-kho","7":"product_cat-gao-ngu-coc","8":"product_cat-hang-kho","10":"first","11":"outofstock","12":"purchasable","13":"product-type-simple"},"acf":[],"brands":[],"_links":{"self":[{"href":"https:\/\/bynature.vn\/vi\/wp-json\/wp\/v2\/product\/2547","targetHints":{"allow":["GET"]}}],"collection":[{"href":"https:\/\/bynature.vn\/vi\/wp-json\/wp\/v2\/product"}],"about":[{"href":"https:\/\/bynature.vn\/vi\/wp-json\/wp\/v2\/types\/product"}],"wp:featuredmedia":[{"embeddable":true,"href":"https:\/\/bynature.vn\/vi\/wp-json\/wp\/v2\/media\/12669"}],"wp:attachment":[{"href":"https:\/\/bynature.vn\/vi\/wp-json\/wp\/v2\/media?parent=2547"}],"wp:term":[{"taxonomy":"pwb-brand","embeddable":true,"href":"https:\/\/bynature.vn\/vi\/wp-json\/wp\/v2\/pwb-brand?post=2547"},{"taxonomy":"product_cat","embeddable":true,"href":"https:\/\/bynature.vn\/vi\/wp-json\/wp\/v2\/product_cat?post=2547"},{"taxonomy":"product_tag","embeddable":true,"href":"https:\/\/bynature.vn\/vi\/wp-json\/wp\/v2\/product_tag?post=2547"}],"curies":[{"name":"wp","href":"https:\/\/api.w.org\/{rel}","templated":true}]}}