{"id":2546,"date":"2023-11-14T12:47:42","date_gmt":"2023-11-14T05:47:42","guid":{"rendered":"https:\/\/bynature.vn\/product\/1kg-gao-trang-organic\/"},"modified":"2026-01-15T11:37:09","modified_gmt":"2026-01-15T04:37:09","slug":"1kg-gao-trang-organic","status":"publish","type":"product","link":"https:\/\/bynature.vn\/vi\/product\/1kg-gao-trang-organic\/","title":{"rendered":"1kg G\u1ea1o Tr\u1eafng Th\u01a1m H\u1eefu C\u01a1"},"content":{"rendered":"<p data-path-to-node=\"2\"><b>G\u1ea1o Tr\u1eafng H\u1eefu C\u01a1 \u0110\u1ea1t Ch\u1ee9ng Nh\u1eadn<\/b>. \u0110\u01b0\u1ee3c tr\u1ed3ng kh\u00f4ng s\u1eed d\u1ee5ng thu\u1ed1c tr\u1eeb s\u00e2u t\u1ed5ng h\u1ee3p hay ph\u00e2n b\u00f3n h\u00f3a h\u1ecdc, g\u1ea1o mang \u0111\u1ebfn tr\u1ea3i nghi\u1ec7m tinh khi\u1ebft t\u1eeb n\u00f4ng tr\u1ea1i \u0111\u1ebfn b\u00e0n \u0103n.<br \/>  <span class=\"citation-67 citation-end-67\">D\u00f9 b\u1ea1n n\u1ea5u c\u01a1m t\u01a1i x\u1ed1p \u0103n k\u00e8m, m\u00f3n x\u00e0o \u0111\u1eadm \u0111\u00e0 hay ch\u00e1o \u1ea5m b\u1ee5ng, nguy\u00ean li\u1ec7u nh\u00e0 b\u1ebfp thi\u1ebft y\u1ebfu n\u00e0y lu\u00f4n l\u00e0 n\u1ec1n t\u1ea3ng ho\u00e0n h\u1ea3o cho m\u1ecdi s\u00e1ng t\u1ea1o \u1ea9m th\u1ef1c.<\/span><\/p>\n<h3 data-path-to-node=\"4\"><b>T\u1ea1i Sao Ch\u1ecdn G\u1ea1o Tr\u1eafng H\u1eefu C\u01a1 C\u1ee7a Ch\u00fang T\u00f4i?<\/b><\/h3>\n<ul data-path-to-node=\"5\">\n<li>\n<p data-path-to-node=\"5,0,0\"><b>100% H\u1eefu C\u01a1 &amp; Kh\u00f4ng Bi\u1ebfn \u0110\u1ed5i Gen:<\/b> Canh t\u00e1c theo ph\u01b0\u01a1ng ph\u00e1p t\u1ef1 nhi\u00ean, b\u1ea3o v\u1ec7 \u0111\u1ea5t v\u00e0 h\u1ec7 sinh th\u00e1i xung quanh. Kh\u00f4ng h\u00f3a ch\u1ea5t \u1ea9n, ch\u1ec9 h\u1ea1t g\u1ea1o thu\u1ea7n khi\u1ebft. <\/p>\n<\/li>\n<li>\n<p data-path-to-node=\"5,1,0\"><b>B\u1ea1n C\u00f3 Th\u1ec3 C\u1ea3m Nh\u1eadn \u0110\u1ed9 Tinh Khi\u1ebft:<\/b> Kh\u00f4ng ph\u1ee5 gia hay ch\u1ea5t b\u1ea3o qu\u1ea3n nh\u00e2n t\u1ea1o, cho h\u01b0\u01a1ng v\u1ecb s\u1ea1ch v\u00e0 t\u1ef1 nhi\u00ean h\u01a1n so v\u1edbi g\u1ea1o tr\u1eafng th\u00f4ng th\u01b0\u1eddng.<\/p>\n<\/li>\n<li>\n<p data-path-to-node=\"5,2,0\"><b>K\u1ebft C\u1ea5u Nh\u1eb9 &amp; T\u01a1i:<\/b> Xay x\u00e1t k\u1ef9 \u0111\u1ec3 lo\u1ea1i b\u1ecf v\u1ecf tr\u1ea5u v\u00e0 c\u00e1m, t\u1ea1o h\u1ea1t g\u1ea1o m\u1ecbn, khi n\u1ea5u cho c\u01a1m nh\u1eb9, t\u01a1i v\u00e0 kh\u00f4ng d\u00ednh.<\/p>\n<\/li>\n<li>\n<p data-path-to-node=\"5,3,0\"><b><span class=\"citation-66\">Kh\u00f4ng Ch\u1ee9a Gluten T\u1ef1 Nhi\u00ean:<\/span><\/b><span class=\"citation-66 citation-end-66\"> Ngu\u1ed3n n\u0103ng l\u01b0\u1ee3ng d\u1ec5 ti\u00eau h\u00f3a, ph\u00f9 h\u1ee3p cho ng\u01b0\u1eddi nh\u1ea1y c\u1ea3m v\u1edbi gluten ho\u1eb7c c\u00f3 nhu c\u1ea7u \u0103n ki\u00eang \u0111\u1eb7c th\u00f9.<\/span><\/p>\n<\/li>\n<li>\n<p data-path-to-node=\"5,4,0\"><b>Nguy\u00ean Li\u1ec7u Linh Ho\u1ea1t:<\/b> H\u01b0\u01a1ng th\u01a1m trung t\u00ednh, thoang tho\u1ea3ng ng\u1ecdt nh\u1eb9, tr\u1edf th\u00e0nh ng\u01b0\u1eddi b\u1ea1n \u0111\u1ed3ng h\u00e0nh ho\u00e0n h\u1ea3o cho m\u1ecdi m\u00f3n \u0103n, ph\u00f9 h\u1ee3p t\u1eeb c\u00e0 ri cay \u0111\u1ebfn m\u00f3n h\u1ea3i s\u1ea3n tinh t\u1ebf.<\/p>\n<\/li>\n<\/ul>\n<p><span style=\"text-decoration: underline; color: #008000;\"><a style=\"color: #008000; text-decoration: underline;\" href=\"https:\/\/bynature.vn\/product-category\/pantry\/dried-foods\/grains\/\">Mua th\u00eam Ng\u0169 C\u1ed1c<\/a><\/span><\/p>\n","protected":false},"excerpt":{"rendered":"<p data-path-to-node=\"2\">G\u1ea1o Tr\u1eafng \u0111\u01b0\u1ee3c Ch\u1ee9ng Nh\u1eadn H\u1eefu C\u01a1 c\u1ea3u ch\u00fang t\u00f4i \u0111\u01b0\u1ee3c tr\u1ed3ng kh\u00f4ng d\u00f9ng thu\u1ed1c tr\u1eeb s\u00e2u t\u1ed5ng h\u1ee3p, mang h\u01b0\u01a1ng v\u1ecb thanh nh\u1eb9, tinh t\u1ebf v\u00e0 k\u1ebft c\u1ea5u t\u01a1i x\u1ed1p. Lo\u1ea1i th\u1ef1c ph\u1ea9m \u0111a n\u0103ng v\u00e0 thi\u1ebft y\u1ebfu trong nh\u00e0 b\u1ebfp n\u00e0y 100% kh\u00f4ng bi\u1ebfn \u0111\u1ed5i gen, kh\u00f4ng ch\u1ee9a gluten t\u1ef1 nhi\u00ean l\u00e0 n\u1ec1n t\u1ea3ng ho\u00e0n h\u1ea3o cho c\u00e1c b\u1eefa \u0103n h\u1eb1ng ng\u00e0y y\u00eau th\u00edch c\u1ee7a b\u1ea1n. <\/p>\n<ul data-path-to-node=\"3\">\n<li>\n<p data-path-to-node=\"3,0,0\"><b>100% H\u1eefu C\u01a1 &amp; Kh\u00f4ng Bi\u1ebfn \u0110\u1ed5i Gen<\/b><\/p>\n<\/li>\n<li>\n<p data-path-to-node=\"3,1,0\"><b><span class=\"citation-75 citation-end-75\">Kh\u00f4ng c\u00f3 h\u00f3a ch\u1ea5t t\u1ed5ng h\u1ee3p ho\u1eb7c ph\u1ee5 gia<\/span><\/b><\/p>\n<\/li>\n<li>\n<p data-path-to-node=\"3,2,0\"><b><span class=\"citation-74 citation-end-74\">Kh\u00f4ng ch\u1ee9a gluten t\u1ef1 nhi\u00ean<\/span><\/b><\/p>\n<\/li>\n<\/ul>\n<p data-path-to-node=\"4\"><b>N\u1ea5u \u0103n ho\u00e0n h\u1ea3o m\u1ecdi l\u00fac<\/b><\/p>\n","protected":false},"featured_media":12665,"template":"","meta":[],"pwb-brand":[],"product_cat":[252,254,253],"product_tag":[],"class_list":{"0":"post-2546","1":"product","2":"type-product","3":"status-publish","4":"has-post-thumbnail","6":"product_cat-do-kho","7":"product_cat-gao-ngu-coc","8":"product_cat-hang-kho","10":"first","11":"instock","12":"purchasable","13":"product-type-simple"},"acf":[],"brands":[],"_links":{"self":[{"href":"https:\/\/bynature.vn\/vi\/wp-json\/wp\/v2\/product\/2546","targetHints":{"allow":["GET"]}}],"collection":[{"href":"https:\/\/bynature.vn\/vi\/wp-json\/wp\/v2\/product"}],"about":[{"href":"https:\/\/bynature.vn\/vi\/wp-json\/wp\/v2\/types\/product"}],"wp:featuredmedia":[{"embeddable":true,"href":"https:\/\/bynature.vn\/vi\/wp-json\/wp\/v2\/media\/12665"}],"wp:attachment":[{"href":"https:\/\/bynature.vn\/vi\/wp-json\/wp\/v2\/media?parent=2546"}],"wp:term":[{"taxonomy":"pwb-brand","embeddable":true,"href":"https:\/\/bynature.vn\/vi\/wp-json\/wp\/v2\/pwb-brand?post=2546"},{"taxonomy":"product_cat","embeddable":true,"href":"https:\/\/bynature.vn\/vi\/wp-json\/wp\/v2\/product_cat?post=2546"},{"taxonomy":"product_tag","embeddable":true,"href":"https:\/\/bynature.vn\/vi\/wp-json\/wp\/v2\/product_tag?post=2546"}],"curies":[{"name":"wp","href":"https:\/\/api.w.org\/{rel}","templated":true}]}}