{"id":2537,"date":"2023-11-14T12:47:37","date_gmt":"2023-11-14T05:47:37","guid":{"rendered":"https:\/\/bynature.vn\/product\/tieu-den-40g\/"},"modified":"2024-04-04T09:32:26","modified_gmt":"2024-04-04T02:32:26","slug":"tieu-den-40g","status":"publish","type":"product","link":"https:\/\/bynature.vn\/vi\/product\/tieu-den-40g\/","title":{"rendered":"Ti\u00eau \u0110en 40g"},"content":{"rendered":"<h6>Ti\u00eau \u0111en t\u1ef1 nhi\u00ean nguy\u00ean h\u1ea1t<\/h6>\n<p>\u0110\u1ecdc th\u00eam: <span style=\"text-decoration: underline; color: #008000;\"><a style=\"color: #008000; text-decoration: underline;\" href=\"https:\/\/bynature.vn\/vi\/thuan-tu-nhien-de-khoe-manh-hon\/\">Thu\u1eadn t\u1ef1 nhi\u00ean \u0111\u1ec3 kho\u1ebb m\u1ea1nh h\u01a1n!<\/a><\/span><\/p>\n","protected":false},"excerpt":{"rendered":"<p>Ti\u00eau \u0111en t\u1ef1 nhi\u00ean nguy\u00ean h\u1ea1t \u0110\u1ecdc th\u00eam: Thu\u1eadn t\u1ef1 nhi\u00ean \u0111\u1ec3 kho\u1ebb m\u1ea1nh h\u01a1n!<\/p>\n","protected":false},"featured_media":3190,"template":"","meta":[],"pwb-brand":[288],"product_cat":[263],"product_tag":[],"class_list":{"0":"post-2537","1":"product","2":"type-product","3":"status-publish","4":"has-post-thumbnail","6":"pwb-brand-bynature-vi","7":"product_cat-tieu-den","9":"first","10":"outofstock","11":"purchasable","12":"product-type-simple"},"acf":[],"brands":[{"id":288,"name":"ByNature","slug":"bynature-vi"}],"_links":{"self":[{"href":"https:\/\/bynature.vn\/vi\/wp-json\/wp\/v2\/product\/2537","targetHints":{"allow":["GET"]}}],"collection":[{"href":"https:\/\/bynature.vn\/vi\/wp-json\/wp\/v2\/product"}],"about":[{"href":"https:\/\/bynature.vn\/vi\/wp-json\/wp\/v2\/types\/product"}],"wp:featuredmedia":[{"embeddable":true,"href":"https:\/\/bynature.vn\/vi\/wp-json\/wp\/v2\/media\/3190"}],"wp:attachment":[{"href":"https:\/\/bynature.vn\/vi\/wp-json\/wp\/v2\/media?parent=2537"}],"wp:term":[{"taxonomy":"pwb-brand","embeddable":true,"href":"https:\/\/bynature.vn\/vi\/wp-json\/wp\/v2\/pwb-brand?post=2537"},{"taxonomy":"product_cat","embeddable":true,"href":"https:\/\/bynature.vn\/vi\/wp-json\/wp\/v2\/product_cat?post=2537"},{"taxonomy":"product_tag","embeddable":true,"href":"https:\/\/bynature.vn\/vi\/wp-json\/wp\/v2\/product_tag?post=2537"}],"curies":[{"name":"wp","href":"https:\/\/api.w.org\/{rel}","templated":true}]}}