{"id":2534,"date":"2023-11-14T12:47:37","date_gmt":"2023-11-14T05:47:37","guid":{"rendered":"https:\/\/bynature.vn\/product\/500g-man\/"},"modified":"2026-01-15T10:58:23","modified_gmt":"2026-01-15T03:58:23","slug":"500g-man","status":"publish","type":"product","link":"https:\/\/bynature.vn\/vi\/product\/500g-man\/","title":{"rendered":"500g M\u1eadn"},"content":{"rendered":"<p>M\u1eadn ho\u00e0n to\u00e0n t\u1ef1 nhi\u00ean:<\/p>\n<p>M\u1eadn ByNature \u0111\u01b0\u1ee3c tr\u1ed3ng v\u00e0 thu ho\u1ea1ch ho\u00e0n to\u00e0n t\u1ef1 nhi\u00ean, kh\u00f4ng ch\u1ee9a h\u00f3a ch\u1ea5t n\u00f4ng nghi\u1ec7p, thu\u1ed1c v\u00e0 nhi\u1ec1u ch\u1ea5t ph\u1ee5 gia phi t\u1ef1 nhi\u00ean kh\u00e1c.<br \/>\nS\u1ea1ch v\u00e0 an to\u00e0n khi \u0103n.<\/p>\n<p>T\u00ecm hi\u1ec3u th\u00eam: Top 5 l\u00fd do t\u1ea1i sao \u0103n tr\u00e1i c\u00e2y t\u1ed1t cho s\u1ee9c kh\u1ecfe c\u1ee7a b\u1ea1n<\/p>\n","protected":false},"excerpt":{"rendered":"<p>M\u1eadn ho\u00e0n to\u00e0n t\u1ef1 nhi\u00ean: M\u1eadn ByNature \u0111\u01b0\u1ee3c tr\u1ed3ng v\u00e0 thu ho\u1ea1ch ho\u00e0n to\u00e0n t\u1ef1 nhi\u00ean, kh\u00f4ng ch\u1ee9a h\u00f3a ch\u1ea5t n\u00f4ng nghi\u1ec7p, thu\u1ed1c v\u00e0 nhi\u1ec1u ch\u1ea5t ph\u1ee5 gia phi t\u1ef1 nhi\u00ean kh\u00e1c. S\u1ea1ch v\u00e0 an to\u00e0n khi \u0103n. T\u00ecm hi\u1ec3u th\u00eam: Top 5 l\u00fd do t\u1ea1i sao \u0103n tr\u00e1i c\u00e2y t\u1ed1t cho s\u1ee9c kh\u1ecfe c\u1ee7a &hellip; <\/p>\n<p class=\"link-more\"><a href=\"https:\/\/bynature.vn\/vi\/product\/500g-man\/\" class=\"more-link\">Continue reading<span class=\"screen-reader-text\"> &#8220;500g M\u1eadn&#8221;<\/span><\/a><\/p>\n","protected":false},"featured_media":11642,"template":"","meta":[],"pwb-brand":[],"product_cat":[239],"product_tag":[],"class_list":{"0":"post-2534","1":"product","2":"type-product","3":"status-publish","4":"has-post-thumbnail","6":"product_cat-trai-cay","8":"first","9":"out_of_season","10":"product-type-simple"},"acf":[],"brands":[],"_links":{"self":[{"href":"https:\/\/bynature.vn\/vi\/wp-json\/wp\/v2\/product\/2534","targetHints":{"allow":["GET"]}}],"collection":[{"href":"https:\/\/bynature.vn\/vi\/wp-json\/wp\/v2\/product"}],"about":[{"href":"https:\/\/bynature.vn\/vi\/wp-json\/wp\/v2\/types\/product"}],"wp:featuredmedia":[{"embeddable":true,"href":"https:\/\/bynature.vn\/vi\/wp-json\/wp\/v2\/media\/11642"}],"wp:attachment":[{"href":"https:\/\/bynature.vn\/vi\/wp-json\/wp\/v2\/media?parent=2534"}],"wp:term":[{"taxonomy":"pwb-brand","embeddable":true,"href":"https:\/\/bynature.vn\/vi\/wp-json\/wp\/v2\/pwb-brand?post=2534"},{"taxonomy":"product_cat","embeddable":true,"href":"https:\/\/bynature.vn\/vi\/wp-json\/wp\/v2\/product_cat?post=2534"},{"taxonomy":"product_tag","embeddable":true,"href":"https:\/\/bynature.vn\/vi\/wp-json\/wp\/v2\/product_tag?post=2534"}],"curies":[{"name":"wp","href":"https:\/\/api.w.org\/{rel}","templated":true}]}}