{"id":2530,"date":"2023-11-14T12:47:37","date_gmt":"2023-11-14T05:47:37","guid":{"rendered":"https:\/\/bynature.vn\/product\/dua-luoi-lon-gia-1kg\/"},"modified":"2024-03-25T16:33:36","modified_gmt":"2024-03-25T09:33:36","slug":"dua-luoi-lon-gia-1kg","status":"publish","type":"product","link":"https:\/\/bynature.vn\/vi\/product\/dua-luoi-lon-gia-1kg\/","title":{"rendered":"D\u01b0a l\u01b0\u1edbi Ru\u1ed9t Cam (Gi\u00e1 1 kg)"},"content":{"rendered":"<h6 style=\"text-align: justify;\">D\u01b0a l\u01b0\u1edbi ru\u1ed9t cam<\/h6>\n<ul style=\"text-align: justify;\">\n<li>D\u01b0a l\u01b0\u1edbi thu\u1eadn t\u1ef1 nhi\u00ean, t\u01b0\u01a1i ngon t\u1eeb v\u01b0\u1eddn, ru\u1ed9t c\u00f3 m\u00e0u cam \u0111\u00e0o, ng\u1ecdt. Tr\u00e1i l\u1edbn v\u00e0 c\u00f3 h\u00ecnh b\u1ea7u d\u1ee5c.<\/li>\n<li>D\u01b0a l\u01b0\u1edbi ByNature ByNature \u0111\u01b0\u1ee3c tr\u1ed3ng v\u00e0 thu ho\u1ea1ch theo h\u01b0\u1edbng thu\u1eadn t\u1ef1 nhi\u00ean, theo m\u00f9a.<\/li>\n<li>Kh\u00f4ng thu\u1ed1c tr\u1eeb s\u00e2u v\u00e0 h\u00f3a ch\u1ea5t n\u00f4ng nghi\u1ec7p, s\u1ea1ch v\u00e0 an to\u00e0n cho s\u1ee9c kh\u1ecfe.<\/li>\n<\/ul>\n<p style=\"text-align: justify;\">\u0110\u1ecdc th\u00eam: <span style=\"color: #008000;\"><a style=\"color: #008000;\" href=\"https:\/\/bynature.vn\/vi\/vi-sao-an-trai-cay-lai-tot-cho-suc-khoe\/\">V\u00ec sao \u0103n tr\u00e1i c\u00e2y l\u1ea1i t\u1ed1t cho s\u1ee9c kh\u1ecfe?<\/a><\/span><\/p>\n","protected":false},"excerpt":{"rendered":"<p>D\u01b0a l\u01b0\u1edbi ru\u1ed9t cam D\u01b0a l\u01b0\u1edbi thu\u1eadn t\u1ef1 nhi\u00ean, t\u01b0\u01a1i ngon t\u1eeb v\u01b0\u1eddn, ru\u1ed9t c\u00f3 m\u00e0u cam \u0111\u00e0o, ng\u1ecdt. Tr\u00e1i l\u1edbn v\u00e0 c\u00f3 h\u00ecnh b\u1ea7u d\u1ee5c. D\u01b0a l\u01b0\u1edbi ByNature ByNature \u0111\u01b0\u1ee3c tr\u1ed3ng v\u00e0 thu ho\u1ea1ch theo h\u01b0\u1edbng thu\u1eadn t\u1ef1 nhi\u00ean, theo m\u00f9a. Kh\u00f4ng thu\u1ed1c tr\u1eeb s\u00e2u v\u00e0 h\u00f3a ch\u1ea5t n\u00f4ng nghi\u1ec7p, s\u1ea1ch v\u00e0 an to\u00e0n &hellip; <\/p>\n<p class=\"link-more\"><a href=\"https:\/\/bynature.vn\/vi\/product\/dua-luoi-lon-gia-1kg\/\" class=\"more-link\">Continue reading<span class=\"screen-reader-text\"> &#8220;D\u01b0a l\u01b0\u1edbi Ru\u1ed9t Cam (Gi\u00e1 1 kg)&#8221;<\/span><\/a><\/p>\n","protected":false},"featured_media":3411,"template":"","meta":[],"pwb-brand":[],"product_cat":[239],"product_tag":[],"class_list":{"0":"post-2530","1":"product","2":"type-product","3":"status-publish","4":"has-post-thumbnail","6":"product_cat-trai-cay","8":"first","9":"out_of_season","10":"product-type-simple"},"acf":[],"brands":[],"_links":{"self":[{"href":"https:\/\/bynature.vn\/vi\/wp-json\/wp\/v2\/product\/2530","targetHints":{"allow":["GET"]}}],"collection":[{"href":"https:\/\/bynature.vn\/vi\/wp-json\/wp\/v2\/product"}],"about":[{"href":"https:\/\/bynature.vn\/vi\/wp-json\/wp\/v2\/types\/product"}],"wp:featuredmedia":[{"embeddable":true,"href":"https:\/\/bynature.vn\/vi\/wp-json\/wp\/v2\/media\/3411"}],"wp:attachment":[{"href":"https:\/\/bynature.vn\/vi\/wp-json\/wp\/v2\/media?parent=2530"}],"wp:term":[{"taxonomy":"pwb-brand","embeddable":true,"href":"https:\/\/bynature.vn\/vi\/wp-json\/wp\/v2\/pwb-brand?post=2530"},{"taxonomy":"product_cat","embeddable":true,"href":"https:\/\/bynature.vn\/vi\/wp-json\/wp\/v2\/product_cat?post=2530"},{"taxonomy":"product_tag","embeddable":true,"href":"https:\/\/bynature.vn\/vi\/wp-json\/wp\/v2\/product_tag?post=2530"}],"curies":[{"name":"wp","href":"https:\/\/api.w.org\/{rel}","templated":true}]}}