{"id":2527,"date":"2023-11-14T12:47:32","date_gmt":"2023-11-14T05:47:32","guid":{"rendered":"https:\/\/bynature.vn\/product\/thanh-long-ruot-trang\/"},"modified":"2024-03-25T13:15:47","modified_gmt":"2024-03-25T06:15:47","slug":"thanh-long-ruot-trang","status":"publish","type":"product","link":"https:\/\/bynature.vn\/vi\/product\/thanh-long-ruot-trang\/","title":{"rendered":"Thanh Long Ru\u1ed9t Tr\u1eafng"},"content":{"rendered":"<h6 style=\"text-align: justify;\">Thanh long ru\u1ed9t tr\u1eafng<\/h6>\n<ul style=\"text-align: justify;\">\n<li>Thanh long ru\u1ed9t tr\u1eafng c\u00f3 v\u1ecb ng\u1ecdt tinh t\u1ebf, ng\u1ecdt h\u01a1n thanh long ru\u1ed9t \u0111\u1ecf nh\u01b0ng c\u00f3 l\u01b0\u1ee3ng \u0111\u01b0\u1eddng t\u1ef1 nhi\u00ean \u00edt h\u01a1n.<\/li>\n<li>\u0110\u01b0\u1ee3c l\u1ef1a ch\u1ecdn k\u1ef9 c\u00e0ng t\u1eeb c\u00e1c nh\u00e0 v\u01b0\u1eddn \u0111\u1ed1i t\u00e1c c\u1ee7a ByNature.<\/li>\n<li>Thanh long ru\u1ed9t tr\u1eafng ByNature \u0111\u01b0\u1ee3c tr\u1ed3ng v\u00e0 thu ho\u1ea1ch theo h\u01b0\u1edbng thu\u1eadn t\u1ef1 nhi\u00ean.<\/li>\n<li>Kh\u00f4ng thu\u1ed1c tr\u1eeb s\u00e2u v\u00e0 h\u00f3a ch\u1ea5t n\u00f4ng nghi\u1ec7p.<\/li>\n<li>S\u1ea1ch v\u00e0 an to\u00e0n cho s\u1ee9c kh\u1ecfe, t\u01b0\u01a1i ngon t\u1eeb v\u01b0\u1eddn.<\/li>\n<\/ul>\n<p style=\"text-align: justify;\">\u0110\u1ecdc th\u00eam: <span style=\"color: #008000;\"><a style=\"color: #008000;\" href=\"https:\/\/bynature.vn\/vi\/vi-sao-an-trai-cay-lai-tot-cho-suc-khoe\/\">V\u00ec sao \u0103n tr\u00e1i c\u00e2y l\u1ea1i t\u1ed1t cho s\u1ee9c kh\u1ecfe?<\/a><\/span><\/p>\n","protected":false},"excerpt":{"rendered":"<p>Thanh long ru\u1ed9t tr\u1eafng Thanh long ru\u1ed9t tr\u1eafng c\u00f3 v\u1ecb ng\u1ecdt tinh t\u1ebf, ng\u1ecdt h\u01a1n thanh long ru\u1ed9t \u0111\u1ecf nh\u01b0ng c\u00f3 l\u01b0\u1ee3ng \u0111\u01b0\u1eddng t\u1ef1 nhi\u00ean \u00edt h\u01a1n. \u0110\u01b0\u1ee3c l\u1ef1a ch\u1ecdn k\u1ef9 c\u00e0ng t\u1eeb c\u00e1c nh\u00e0 v\u01b0\u1eddn \u0111\u1ed1i t\u00e1c c\u1ee7a ByNature. Thanh long ru\u1ed9t tr\u1eafng ByNature \u0111\u01b0\u1ee3c tr\u1ed3ng v\u00e0 thu ho\u1ea1ch theo h\u01b0\u1edbng thu\u1eadn t\u1ef1 nhi\u00ean. &hellip; <\/p>\n<p class=\"link-more\"><a href=\"https:\/\/bynature.vn\/vi\/product\/thanh-long-ruot-trang\/\" class=\"more-link\">Continue reading<span class=\"screen-reader-text\"> &#8220;Thanh Long Ru\u1ed9t Tr\u1eafng&#8221;<\/span><\/a><\/p>\n","protected":false},"featured_media":2910,"template":"","meta":[],"pwb-brand":[],"product_cat":[239],"product_tag":[],"class_list":{"0":"post-2527","1":"product","2":"type-product","3":"status-publish","4":"has-post-thumbnail","6":"product_cat-trai-cay","8":"first","9":"instock","10":"purchasable","11":"product-type-simple"},"acf":[],"brands":[],"_links":{"self":[{"href":"https:\/\/bynature.vn\/vi\/wp-json\/wp\/v2\/product\/2527","targetHints":{"allow":["GET"]}}],"collection":[{"href":"https:\/\/bynature.vn\/vi\/wp-json\/wp\/v2\/product"}],"about":[{"href":"https:\/\/bynature.vn\/vi\/wp-json\/wp\/v2\/types\/product"}],"wp:featuredmedia":[{"embeddable":true,"href":"https:\/\/bynature.vn\/vi\/wp-json\/wp\/v2\/media\/2910"}],"wp:attachment":[{"href":"https:\/\/bynature.vn\/vi\/wp-json\/wp\/v2\/media?parent=2527"}],"wp:term":[{"taxonomy":"pwb-brand","embeddable":true,"href":"https:\/\/bynature.vn\/vi\/wp-json\/wp\/v2\/pwb-brand?post=2527"},{"taxonomy":"product_cat","embeddable":true,"href":"https:\/\/bynature.vn\/vi\/wp-json\/wp\/v2\/product_cat?post=2527"},{"taxonomy":"product_tag","embeddable":true,"href":"https:\/\/bynature.vn\/vi\/wp-json\/wp\/v2\/product_tag?post=2527"}],"curies":[{"name":"wp","href":"https:\/\/api.w.org\/{rel}","templated":true}]}}