{"id":2526,"date":"2023-11-14T12:47:32","date_gmt":"2023-11-14T05:47:32","guid":{"rendered":"https:\/\/bynature.vn\/product\/dua-hau-gia-1-kg\/"},"modified":"2024-03-20T14:43:05","modified_gmt":"2024-03-20T07:43:05","slug":"dua-hau-gia-1-kg","status":"publish","type":"product","link":"https:\/\/bynature.vn\/vi\/product\/dua-hau-gia-1-kg\/","title":{"rendered":"D\u01b0a H\u1ea5u Thu\u1eadn T\u1ef1 Nhi\u00ean (Gi\u00e1 1kg)"},"content":{"rendered":"<h6 style=\"text-align: justify;\">D\u01b0a h\u1ea5u thu\u1eadn t\u1ef1 nhi\u00ean<\/h6>\n<ul style=\"text-align: justify;\">\n<li>\u0110\u01b0\u1ee3c l\u1ef1a ch\u1ecdn k\u1ef9 c\u00e0ng t\u1eeb c\u00e1c nh\u00e0 v\u01b0\u1eddn \u0111\u1ed1i t\u00e1c c\u1ee7a ByNature.<\/li>\n<li>\u0110\u01b0\u1ee3c tr\u1ed3ng v\u00e0 thu ho\u1ea1ch theo h\u01b0\u1edbng thu\u1eadn t\u1ef1 nhi\u00ean. Kh\u00f4ng thu\u1ed1c tr\u1eeb s\u00e2u v\u00e0 h\u00f3a ch\u1ea5t n\u00f4ng nghi\u1ec7p. S\u1ea1ch v\u00e0 an to\u00e0n cho s\u1ee9c kh\u1ecfe, t\u01b0\u01a1i ngon t\u1eeb v\u01b0\u1eddn.<\/li>\n<\/ul>\n<p style=\"text-align: justify;\">\u0110\u1ecdc th\u00eam: <span style=\"color: #008000;\"><a style=\"color: #008000;\" href=\"https:\/\/bynature.vn\/vi\/vi-sao-an-trai-cay-lai-tot-cho-suc-khoe\/\">V\u00ec sao \u0103n tr\u00e1i c\u00e2y l\u1ea1i t\u1ed1t cho s\u1ee9c kh\u1ecfe?<\/a><\/span><\/p>\n","protected":false},"excerpt":{"rendered":"<p>D\u01b0a h\u1ea5u thu\u1eadn t\u1ef1 nhi\u00ean \u0110\u01b0\u1ee3c l\u1ef1a ch\u1ecdn k\u1ef9 c\u00e0ng t\u1eeb c\u00e1c nh\u00e0 v\u01b0\u1eddn \u0111\u1ed1i t\u00e1c c\u1ee7a ByNature. \u0110\u01b0\u1ee3c tr\u1ed3ng v\u00e0 thu ho\u1ea1ch theo h\u01b0\u1edbng thu\u1eadn t\u1ef1 nhi\u00ean. Kh\u00f4ng thu\u1ed1c tr\u1eeb s\u00e2u v\u00e0 h\u00f3a ch\u1ea5t n\u00f4ng nghi\u1ec7p. S\u1ea1ch v\u00e0 an to\u00e0n cho s\u1ee9c kh\u1ecfe, t\u01b0\u01a1i ngon t\u1eeb v\u01b0\u1eddn. \u0110\u1ecdc th\u00eam: V\u00ec sao \u0103n tr\u00e1i c\u00e2y &hellip; <\/p>\n<p class=\"link-more\"><a href=\"https:\/\/bynature.vn\/vi\/product\/dua-hau-gia-1-kg\/\" class=\"more-link\">Continue reading<span class=\"screen-reader-text\"> &#8220;D\u01b0a H\u1ea5u Thu\u1eadn T\u1ef1 Nhi\u00ean (Gi\u00e1 1kg)&#8221;<\/span><\/a><\/p>\n","protected":false},"featured_media":3174,"template":"","meta":[],"pwb-brand":[],"product_cat":[239],"product_tag":[],"class_list":{"0":"post-2526","1":"product","2":"type-product","3":"status-publish","4":"has-post-thumbnail","6":"product_cat-trai-cay","8":"first","9":"instock","10":"purchasable","11":"product-type-simple"},"acf":[],"brands":[],"_links":{"self":[{"href":"https:\/\/bynature.vn\/vi\/wp-json\/wp\/v2\/product\/2526","targetHints":{"allow":["GET"]}}],"collection":[{"href":"https:\/\/bynature.vn\/vi\/wp-json\/wp\/v2\/product"}],"about":[{"href":"https:\/\/bynature.vn\/vi\/wp-json\/wp\/v2\/types\/product"}],"wp:featuredmedia":[{"embeddable":true,"href":"https:\/\/bynature.vn\/vi\/wp-json\/wp\/v2\/media\/3174"}],"wp:attachment":[{"href":"https:\/\/bynature.vn\/vi\/wp-json\/wp\/v2\/media?parent=2526"}],"wp:term":[{"taxonomy":"pwb-brand","embeddable":true,"href":"https:\/\/bynature.vn\/vi\/wp-json\/wp\/v2\/pwb-brand?post=2526"},{"taxonomy":"product_cat","embeddable":true,"href":"https:\/\/bynature.vn\/vi\/wp-json\/wp\/v2\/product_cat?post=2526"},{"taxonomy":"product_tag","embeddable":true,"href":"https:\/\/bynature.vn\/vi\/wp-json\/wp\/v2\/product_tag?post=2526"}],"curies":[{"name":"wp","href":"https:\/\/api.w.org\/{rel}","templated":true}]}}