{"id":2524,"date":"2023-11-14T12:47:32","date_gmt":"2023-11-14T05:47:32","guid":{"rendered":"https:\/\/bynature.vn\/product\/500g-bo\/"},"modified":"2024-03-25T13:36:09","modified_gmt":"2024-03-25T06:36:09","slug":"500g-bo","status":"publish","type":"product","link":"https:\/\/bynature.vn\/vi\/product\/500g-bo\/","title":{"rendered":"500g B\u01a1"},"content":{"rendered":"<h6 style=\"text-align: justify;\">B\u01a1<\/h6>\n<ul style=\"text-align: justify;\">\n<li>Cung c\u1ea5p nhi\u1ec1u vitamin v\u00e0 kho\u00e1ng ch\u1ea5t cho c\u01a1 th\u1ec3 nh\u01b0 folate, magi\u00ea v\u00e0 kali.<\/li>\n<li>B\u01a1 ByNature \u0111\u01b0\u1ee3c tr\u1ed3ng v\u00e0 thu ho\u1ea1ch theo h\u01b0\u1edbng thu\u1eadn t\u1ef1 nhi\u00ean.<\/li>\n<li>Kh\u00f4ng thu\u1ed1c tr\u1eeb s\u00e2u v\u00e0 h\u00f3a ch\u1ea5t n\u00f4ng nghi\u1ec7p, s\u1ea1ch v\u00e0 an to\u00e0n cho s\u1ee9c kh\u1ecfe, t\u01b0\u01a1i ngon t\u1eeb v\u01b0\u1eddn.<\/li>\n<\/ul>\n<p style=\"text-align: justify;\">\u0110\u1ecdc th\u00eam: <span style=\"color: #008000;\"><a style=\"color: #008000;\" href=\"https:\/\/bynature.vn\/vi\/vi-sao-an-trai-cay-lai-tot-cho-suc-khoe\/\">V\u00ec sao \u0103n tr\u00e1i c\u00e2y l\u1ea1i t\u1ed1t cho s\u1ee9c kh\u1ecfe?<\/a><\/span><\/p>\n","protected":false},"excerpt":{"rendered":"<p>B\u01a1 Cung c\u1ea5p nhi\u1ec1u vitamin v\u00e0 kho\u00e1ng ch\u1ea5t cho c\u01a1 th\u1ec3 nh\u01b0 folate, magi\u00ea v\u00e0 kali. B\u01a1 ByNature \u0111\u01b0\u1ee3c tr\u1ed3ng v\u00e0 thu ho\u1ea1ch theo h\u01b0\u1edbng thu\u1eadn t\u1ef1 nhi\u00ean. Kh\u00f4ng thu\u1ed1c tr\u1eeb s\u00e2u v\u00e0 h\u00f3a ch\u1ea5t n\u00f4ng nghi\u1ec7p, s\u1ea1ch v\u00e0 an to\u00e0n cho s\u1ee9c kh\u1ecfe, t\u01b0\u01a1i ngon t\u1eeb v\u01b0\u1eddn. \u0110\u1ecdc th\u00eam: V\u00ec sao \u0103n tr\u00e1i c\u00e2y &hellip; <\/p>\n<p class=\"link-more\"><a href=\"https:\/\/bynature.vn\/vi\/product\/500g-bo\/\" class=\"more-link\">Continue reading<span class=\"screen-reader-text\"> &#8220;500g B\u01a1&#8221;<\/span><\/a><\/p>\n","protected":false},"featured_media":3170,"template":"","meta":[],"pwb-brand":[],"product_cat":[239],"product_tag":[],"class_list":{"0":"post-2524","1":"product","2":"type-product","3":"status-publish","4":"has-post-thumbnail","6":"product_cat-trai-cay","8":"first","9":"out_of_season","10":"product-type-simple"},"acf":[],"brands":[],"_links":{"self":[{"href":"https:\/\/bynature.vn\/vi\/wp-json\/wp\/v2\/product\/2524","targetHints":{"allow":["GET"]}}],"collection":[{"href":"https:\/\/bynature.vn\/vi\/wp-json\/wp\/v2\/product"}],"about":[{"href":"https:\/\/bynature.vn\/vi\/wp-json\/wp\/v2\/types\/product"}],"wp:featuredmedia":[{"embeddable":true,"href":"https:\/\/bynature.vn\/vi\/wp-json\/wp\/v2\/media\/3170"}],"wp:attachment":[{"href":"https:\/\/bynature.vn\/vi\/wp-json\/wp\/v2\/media?parent=2524"}],"wp:term":[{"taxonomy":"pwb-brand","embeddable":true,"href":"https:\/\/bynature.vn\/vi\/wp-json\/wp\/v2\/pwb-brand?post=2524"},{"taxonomy":"product_cat","embeddable":true,"href":"https:\/\/bynature.vn\/vi\/wp-json\/wp\/v2\/product_cat?post=2524"},{"taxonomy":"product_tag","embeddable":true,"href":"https:\/\/bynature.vn\/vi\/wp-json\/wp\/v2\/product_tag?post=2524"}],"curies":[{"name":"wp","href":"https:\/\/api.w.org\/{rel}","templated":true}]}}