{"id":2521,"date":"2023-11-14T12:47:32","date_gmt":"2023-11-14T05:47:32","guid":{"rendered":"https:\/\/bynature.vn\/product\/500g-xoai\/"},"modified":"2026-02-10T11:24:48","modified_gmt":"2026-02-10T04:24:48","slug":"500g-xoai","status":"publish","type":"product","link":"https:\/\/bynature.vn\/vi\/product\/500g-xoai\/","title":{"rendered":"500g Xo\u00e0i"},"content":{"rendered":"<h6 style=\"text-align: justify;\">Xo\u00e0i ho\u00e0n to\u00e0n t\u1ef1 nhi\u00ean<\/h6>\n<ul>\n<li>Th\u01b0\u1edfng th\u1ee9c xo\u00e0i c\u00f3 h\u01b0\u01a1ng v\u1ecb nhi\u1ec7t \u0111\u1edbi ng\u1ecdt ng\u00e0o, c\u00f3 v\u1ecb tr\u00e1i c\u00e2y, c\u00f3 v\u1ecb ng\u1ecdt c\u1ee7a kem v\u1edbi k\u1ebft c\u1ea5u kem v\u00e0 m\u1ec1m. C\u00e0ng ch\u00edn c\u00e0ng ng\u1ecdt. <\/li>\n<li>Nh\u1eefng tr\u00e1i xo\u00e0i m\u1ecdng n\u01b0\u1edbc, ho\u00e0n to\u00e0n t\u1ef1 nhi\u00ean c\u1ee7a ch\u00fang t\u00f4i \u0111\u01b0\u1ee3c giao t\u1eadn tay b\u1ea1n, kh\u00f4ng s\u1eed d\u1ee5ng bao b\u00ec nh\u1ef1a.<\/li>\n<\/ul>\n<p style=\"text-align: justify;\">\u0110\u1ecdc th\u00eam: <span style=\"text-decoration: underline; color: #008000;\"><a style=\"color: #008000; text-decoration: underline;\" href=\"https:\/\/bynature.vn\/top-5-reasons-why-eating-fruits-is-good-for-your-health\/\">Top 5 reasons why eating fruits good for your health<\/a><\/span><\/p>\n","protected":false},"excerpt":{"rendered":"<p>Xo\u00e0i ho\u00e0n to\u00e0n t\u1ef1 nhi\u00ean Th\u01b0\u1edfng th\u1ee9c xo\u00e0i c\u00f3 h\u01b0\u01a1ng v\u1ecb nhi\u1ec7t \u0111\u1edbi ng\u1ecdt ng\u00e0o, c\u00f3 v\u1ecb tr\u00e1i c\u00e2y, c\u00f3 v\u1ecb ng\u1ecdt c\u1ee7a kem v\u1edbi k\u1ebft c\u1ea5u kem v\u00e0 m\u1ec1m. C\u00e0ng ch\u00edn c\u00e0ng ng\u1ecdt. Nh\u1eefng tr\u00e1i xo\u00e0i m\u1ecdng n\u01b0\u1edbc, ho\u00e0n to\u00e0n t\u1ef1 nhi\u00ean c\u1ee7a ch\u00fang t\u00f4i \u0111\u01b0\u1ee3c giao t\u1eadn tay b\u1ea1n, kh\u00f4ng s\u1eed d\u1ee5ng bao &hellip; <\/p>\n<p class=\"link-more\"><a href=\"https:\/\/bynature.vn\/vi\/product\/500g-xoai\/\" class=\"more-link\">Continue reading<span class=\"screen-reader-text\"> &#8220;500g Xo\u00e0i&#8221;<\/span><\/a><\/p>\n","protected":false},"featured_media":3168,"template":"","meta":[],"pwb-brand":[],"product_cat":[239],"product_tag":[],"class_list":{"0":"post-2521","1":"product","2":"type-product","3":"status-publish","4":"has-post-thumbnail","6":"product_cat-trai-cay","8":"first","9":"instock","10":"purchasable","11":"product-type-simple"},"acf":[],"brands":[],"_links":{"self":[{"href":"https:\/\/bynature.vn\/vi\/wp-json\/wp\/v2\/product\/2521","targetHints":{"allow":["GET"]}}],"collection":[{"href":"https:\/\/bynature.vn\/vi\/wp-json\/wp\/v2\/product"}],"about":[{"href":"https:\/\/bynature.vn\/vi\/wp-json\/wp\/v2\/types\/product"}],"wp:featuredmedia":[{"embeddable":true,"href":"https:\/\/bynature.vn\/vi\/wp-json\/wp\/v2\/media\/3168"}],"wp:attachment":[{"href":"https:\/\/bynature.vn\/vi\/wp-json\/wp\/v2\/media?parent=2521"}],"wp:term":[{"taxonomy":"pwb-brand","embeddable":true,"href":"https:\/\/bynature.vn\/vi\/wp-json\/wp\/v2\/pwb-brand?post=2521"},{"taxonomy":"product_cat","embeddable":true,"href":"https:\/\/bynature.vn\/vi\/wp-json\/wp\/v2\/product_cat?post=2521"},{"taxonomy":"product_tag","embeddable":true,"href":"https:\/\/bynature.vn\/vi\/wp-json\/wp\/v2\/product_tag?post=2521"}],"curies":[{"name":"wp","href":"https:\/\/api.w.org\/{rel}","templated":true}]}}