{"id":2520,"date":"2023-11-14T12:47:32","date_gmt":"2023-11-14T05:47:32","guid":{"rendered":"https:\/\/bynature.vn\/product\/dua-khom\/"},"modified":"2026-02-10T11:28:27","modified_gmt":"2026-02-10T04:28:27","slug":"dua-khom","status":"publish","type":"product","link":"https:\/\/bynature.vn\/vi\/product\/dua-khom\/","title":{"rendered":"D\u1ee9a"},"content":{"rendered":"<h6>D\u1ee9a ho\u00e0n to\u00e0n t\u1ef1 nhi\u00ean<\/h6>\n<ul>\n<li>S\u1ef1 h\u00f2a quy\u1ec7n gi\u1eefa v\u1ecb ng\u1ecdt v\u00e0 ch\u00fat chua thanh c\u1ee7a cam chanh.<\/li>\n<li>C\u00e0ng ch\u00edn c\u00e0ng ng\u1ecdt. Kho\u1ea3ng 1kg m\u1ed7i tr\u00e1i  <\/li>\n<\/ul>\n<p>\u0110\u1ecdc th\u00eam: <span style=\"text-decoration: underline; color: #008000;\"><a style=\"color: #008000; text-decoration: underline;\" href=\"https:\/\/bynature.vn\/top-5-reasons-why-eating-fruits-is-good-for-your-health\/\">Top 5 reasons why eating fruits good for your health<\/a><\/span><\/p>\n","protected":false},"excerpt":{"rendered":"<p>D\u1ee9a ho\u00e0n to\u00e0n t\u1ef1 nhi\u00ean S\u1ef1 h\u00f2a quy\u1ec7n gi\u1eefa v\u1ecb ng\u1ecdt v\u00e0 ch\u00fat chua thanh c\u1ee7a cam chanh. C\u00e0ng ch\u00edn c\u00e0ng ng\u1ecdt. Kho\u1ea3ng 1kg m\u1ed7i tr\u00e1i \u0110\u1ecdc th\u00eam: Top 5 reasons why eating fruits good for your health<\/p>\n","protected":false},"featured_media":692,"template":"","meta":[],"pwb-brand":[],"product_cat":[239],"product_tag":[],"class_list":{"0":"post-2520","1":"product","2":"type-product","3":"status-publish","4":"has-post-thumbnail","6":"product_cat-trai-cay","8":"first","9":"instock","10":"purchasable","11":"product-type-simple"},"acf":[],"brands":[],"_links":{"self":[{"href":"https:\/\/bynature.vn\/vi\/wp-json\/wp\/v2\/product\/2520","targetHints":{"allow":["GET"]}}],"collection":[{"href":"https:\/\/bynature.vn\/vi\/wp-json\/wp\/v2\/product"}],"about":[{"href":"https:\/\/bynature.vn\/vi\/wp-json\/wp\/v2\/types\/product"}],"wp:featuredmedia":[{"embeddable":true,"href":"https:\/\/bynature.vn\/vi\/wp-json\/wp\/v2\/media\/692"}],"wp:attachment":[{"href":"https:\/\/bynature.vn\/vi\/wp-json\/wp\/v2\/media?parent=2520"}],"wp:term":[{"taxonomy":"pwb-brand","embeddable":true,"href":"https:\/\/bynature.vn\/vi\/wp-json\/wp\/v2\/pwb-brand?post=2520"},{"taxonomy":"product_cat","embeddable":true,"href":"https:\/\/bynature.vn\/vi\/wp-json\/wp\/v2\/product_cat?post=2520"},{"taxonomy":"product_tag","embeddable":true,"href":"https:\/\/bynature.vn\/vi\/wp-json\/wp\/v2\/product_tag?post=2520"}],"curies":[{"name":"wp","href":"https:\/\/api.w.org\/{rel}","templated":true}]}}