{"id":2515,"date":"2023-11-14T12:47:32","date_gmt":"2023-11-14T05:47:32","guid":{"rendered":"https:\/\/bynature.vn\/product\/500g-oi\/"},"modified":"2024-03-25T13:24:24","modified_gmt":"2024-03-25T06:24:24","slug":"500g-oi","status":"publish","type":"product","link":"https:\/\/bynature.vn\/vi\/product\/500g-oi\/","title":{"rendered":"500g \u1ed4i"},"content":{"rendered":"<h6>\u1ed4i<\/h6>\n<p>Ng\u1ecdt v\u00e0 th\u01a1m, l\u00e0 ngu\u1ed3n cung c\u1ea5p vitamin C d\u1ed3i d\u00e0o.<\/p>\n<p>\u1ed4i ByNature \u0111\u01b0\u1ee3c tr\u1ed3ng v\u00e0 thu ho\u1ea1ch theo h\u01b0\u1edbng thu\u1eadn t\u1ef1 nhi\u00ean.<\/p>\n<p>Kh\u00f4ng thu\u1ed1c tr\u1eeb s\u00e2u v\u00e0 h\u00f3a ch\u1ea5t n\u00f4ng nghi\u1ec7p, s\u1ea1ch v\u00e0 an to\u00e0n cho s\u1ee9c kh\u1ecfe, t\u01b0\u01a1i ngon t\u1eeb v\u01b0\u1eddn.<\/p>\n<p>\u0110\u1ecdc th\u00eam: <span style=\"color: #008000;\"><a style=\"color: #008000;\" href=\"https:\/\/bynature.vn\/vi\/vi-sao-an-trai-cay-lai-tot-cho-suc-khoe\/\">V\u00ec sao \u0103n tr\u00e1i c\u00e2y l\u1ea1i t\u1ed1t cho s\u1ee9c kh\u1ecfe?<\/a><\/span><\/p>\n","protected":false},"excerpt":{"rendered":"<p>\u1ed4i Ng\u1ecdt v\u00e0 th\u01a1m, l\u00e0 ngu\u1ed3n cung c\u1ea5p vitamin C d\u1ed3i d\u00e0o. \u1ed4i ByNature \u0111\u01b0\u1ee3c tr\u1ed3ng v\u00e0 thu ho\u1ea1ch theo h\u01b0\u1edbng thu\u1eadn t\u1ef1 nhi\u00ean. Kh\u00f4ng thu\u1ed1c tr\u1eeb s\u00e2u v\u00e0 h\u00f3a ch\u1ea5t n\u00f4ng nghi\u1ec7p, s\u1ea1ch v\u00e0 an to\u00e0n cho s\u1ee9c kh\u1ecfe, t\u01b0\u01a1i ngon t\u1eeb v\u01b0\u1eddn. \u0110\u1ecdc th\u00eam: V\u00ec sao \u0103n tr\u00e1i c\u00e2y l\u1ea1i t\u1ed1t cho s\u1ee9c &hellip; <\/p>\n<p class=\"link-more\"><a href=\"https:\/\/bynature.vn\/vi\/product\/500g-oi\/\" class=\"more-link\">Continue reading<span class=\"screen-reader-text\"> &#8220;500g \u1ed4i&#8221;<\/span><\/a><\/p>\n","protected":false},"featured_media":3164,"template":"","meta":[],"pwb-brand":[],"product_cat":[239],"product_tag":[],"class_list":{"0":"post-2515","1":"product","2":"type-product","3":"status-publish","4":"has-post-thumbnail","6":"product_cat-trai-cay","8":"first","9":"instock","10":"purchasable","11":"product-type-simple"},"acf":[],"brands":[],"_links":{"self":[{"href":"https:\/\/bynature.vn\/vi\/wp-json\/wp\/v2\/product\/2515","targetHints":{"allow":["GET"]}}],"collection":[{"href":"https:\/\/bynature.vn\/vi\/wp-json\/wp\/v2\/product"}],"about":[{"href":"https:\/\/bynature.vn\/vi\/wp-json\/wp\/v2\/types\/product"}],"wp:featuredmedia":[{"embeddable":true,"href":"https:\/\/bynature.vn\/vi\/wp-json\/wp\/v2\/media\/3164"}],"wp:attachment":[{"href":"https:\/\/bynature.vn\/vi\/wp-json\/wp\/v2\/media?parent=2515"}],"wp:term":[{"taxonomy":"pwb-brand","embeddable":true,"href":"https:\/\/bynature.vn\/vi\/wp-json\/wp\/v2\/pwb-brand?post=2515"},{"taxonomy":"product_cat","embeddable":true,"href":"https:\/\/bynature.vn\/vi\/wp-json\/wp\/v2\/product_cat?post=2515"},{"taxonomy":"product_tag","embeddable":true,"href":"https:\/\/bynature.vn\/vi\/wp-json\/wp\/v2\/product_tag?post=2515"}],"curies":[{"name":"wp","href":"https:\/\/api.w.org\/{rel}","templated":true}]}}