{"id":2514,"date":"2023-11-14T12:47:32","date_gmt":"2023-11-14T05:47:32","guid":{"rendered":"https:\/\/bynature.vn\/product\/500g-chanh-day\/"},"modified":"2026-02-10T11:34:39","modified_gmt":"2026-02-10T04:34:39","slug":"500g-chanh-day","status":"publish","type":"product","link":"https:\/\/bynature.vn\/vi\/product\/500g-chanh-day\/","title":{"rendered":"500g Chanh D\u00e2y"},"content":{"rendered":"<h6 style=\"text-align: justify;\">Chanh d\u00e2y ho\u00e0n to\u00e0n t\u1ef1 nhi\u00ean<\/h6>\n<ul>\n<li style=\"text-align: justify;\">B\u00f9ng n\u1ed5 h\u01b0\u01a1ng v\u1ecb l\u00e0 c\u00e1ch m\u00f4 t\u1ea3 ch\u00ednh x\u00e1c nh\u1ea5t v\u1ec1 nh\u1eefng tr\u00e1i chanh d\u00e2y ho\u00e0n to\u00e0n t\u1ef1 nhi\u00ean c\u1ee7a ch\u00fang t\u00f4i. H\u01b0\u01a1ng tr\u00e1i c\u00e2y \u0111\u1eadm \u0111\u00e0, ng\u1ecdt v\u00e0 chua thanh h\u00e0i h\u00f2a! <\/li>\n<li style=\"text-align: justify;\">Chanh d\u00e2y ByNature \u0111\u01b0\u1ee3c tr\u1ed3ng v\u00e0 thu ho\u1ea1ch theo ph\u01b0\u01a1ng ph\u00e1p t\u1ef1 nhi\u00ean. Kh\u00f4ng s\u1eed d\u1ee5ng thu\u1ed1c tr\u1eeb s\u00e2u hay h\u00f3a ch\u1ea5t n\u00f4ng nghi\u1ec7p, kh\u00f4ng ch\u1ea5t k\u00edch th\u00edch t\u0103ng tr\u01b0\u1edfng v\u00e0 c\u00e1c ph\u1ee5 gia kh\u00f4ng t\u1ef1 nhi\u00ean kh\u00e1c. S\u1ea1ch v\u00e0 an to\u00e0n khi s\u1eed d\u1ee5ng.  <\/li>\n<\/ul>\n<p style=\"text-align: justify;\">\u0110\u1ecdc th\u00eam: <span style=\"text-decoration: underline; color: #008000;\"><a style=\"color: #008000; text-decoration: underline;\" href=\"https:\/\/bynature.vn\/top-5-reasons-why-eating-fruits-is-good-for-your-health\/\">Top 5 reasons why eating fruits good for your health<\/a><\/span><\/p>\n","protected":false},"excerpt":{"rendered":"<p>Chanh d\u00e2y ho\u00e0n to\u00e0n t\u1ef1 nhi\u00ean B\u00f9ng n\u1ed5 h\u01b0\u01a1ng v\u1ecb l\u00e0 c\u00e1ch m\u00f4 t\u1ea3 ch\u00ednh x\u00e1c nh\u1ea5t v\u1ec1 nh\u1eefng tr\u00e1i chanh d\u00e2y ho\u00e0n to\u00e0n t\u1ef1 nhi\u00ean c\u1ee7a ch\u00fang t\u00f4i. H\u01b0\u01a1ng tr\u00e1i c\u00e2y \u0111\u1eadm \u0111\u00e0, ng\u1ecdt v\u00e0 chua thanh h\u00e0i h\u00f2a! Chanh d\u00e2y ByNature \u0111\u01b0\u1ee3c tr\u1ed3ng v\u00e0 thu ho\u1ea1ch theo ph\u01b0\u01a1ng ph\u00e1p t\u1ef1 nhi\u00ean. Kh\u00f4ng s\u1eed &hellip; <\/p>\n<p class=\"link-more\"><a href=\"https:\/\/bynature.vn\/vi\/product\/500g-chanh-day\/\" class=\"more-link\">Continue reading<span class=\"screen-reader-text\"> &#8220;500g Chanh D\u00e2y&#8221;<\/span><\/a><\/p>\n","protected":false},"featured_media":3162,"template":"","meta":[],"pwb-brand":[],"product_cat":[239],"product_tag":[],"class_list":{"0":"post-2514","1":"product","2":"type-product","3":"status-publish","4":"has-post-thumbnail","6":"product_cat-trai-cay","8":"first","9":"instock","10":"purchasable","11":"product-type-simple"},"acf":[],"brands":[],"_links":{"self":[{"href":"https:\/\/bynature.vn\/vi\/wp-json\/wp\/v2\/product\/2514","targetHints":{"allow":["GET"]}}],"collection":[{"href":"https:\/\/bynature.vn\/vi\/wp-json\/wp\/v2\/product"}],"about":[{"href":"https:\/\/bynature.vn\/vi\/wp-json\/wp\/v2\/types\/product"}],"wp:featuredmedia":[{"embeddable":true,"href":"https:\/\/bynature.vn\/vi\/wp-json\/wp\/v2\/media\/3162"}],"wp:attachment":[{"href":"https:\/\/bynature.vn\/vi\/wp-json\/wp\/v2\/media?parent=2514"}],"wp:term":[{"taxonomy":"pwb-brand","embeddable":true,"href":"https:\/\/bynature.vn\/vi\/wp-json\/wp\/v2\/pwb-brand?post=2514"},{"taxonomy":"product_cat","embeddable":true,"href":"https:\/\/bynature.vn\/vi\/wp-json\/wp\/v2\/product_cat?post=2514"},{"taxonomy":"product_tag","embeddable":true,"href":"https:\/\/bynature.vn\/vi\/wp-json\/wp\/v2\/product_tag?post=2514"}],"curies":[{"name":"wp","href":"https:\/\/api.w.org\/{rel}","templated":true}]}}