{"id":2512,"date":"2023-11-14T12:47:32","date_gmt":"2023-11-14T05:47:32","guid":{"rendered":"https:\/\/bynature.vn\/product\/500g-cam-sanh\/"},"modified":"2026-02-10T11:51:46","modified_gmt":"2026-02-10T04:51:46","slug":"500g-cam-sanh","status":"publish","type":"product","link":"https:\/\/bynature.vn\/vi\/product\/500g-cam-sanh\/","title":{"rendered":"500g Cam S\u00e0nh"},"content":{"rendered":"<h6>Cam s\u00e0nh ho\u00e0n to\u00e0n t\u1ef1 nhi\u00ean<\/h6>\n<ul>\n<li>\u0110\u00e2y l\u00e0 ngu\u1ed3n t\u0103ng c\u01b0\u1eddng mi\u1ec5n d\u1ecbch hi\u1ec7u qu\u1ea3, v\u1ecb ng\u1ecdt d\u1ecbu, m\u1ecdng n\u01b0\u1edbc v\u00e0 r\u1ea5t th\u00edch h\u1ee3p \u0111\u1ec3 \u00e9p l\u1ea5y n\u01b0\u1edbc!<\/li>\n<li>Cam ch\u1ee9a nhi\u1ec1u vitamin C, \u0111\u1ed3ng th\u1eddi b\u1ed5 sung ch\u1ea5t x\u01a1, kali v\u00e0 choline &#8211; t\u1ea5t c\u1ea3 \u0111\u1ec1u c\u00f3 l\u1ee3i cho s\u1ee9c kh\u1ecfe.<\/li>\n<\/ul>\n<p>\u0110\u1ecdc th\u00eam: <span style=\"text-decoration: underline; color: #008000;\"><a style=\"color: #008000; text-decoration: underline;\" href=\"https:\/\/bynature.vn\/top-5-reasons-why-eating-fruits-is-good-for-your-health\/\">Top 5 reasons why eating fruits good for your health<\/a><\/span><\/p>\n","protected":false},"excerpt":{"rendered":"<p>Cam s\u00e0nh ho\u00e0n to\u00e0n t\u1ef1 nhi\u00ean \u0110\u00e2y l\u00e0 ngu\u1ed3n t\u0103ng c\u01b0\u1eddng mi\u1ec5n d\u1ecbch hi\u1ec7u qu\u1ea3, v\u1ecb ng\u1ecdt d\u1ecbu, m\u1ecdng n\u01b0\u1edbc v\u00e0 r\u1ea5t th\u00edch h\u1ee3p \u0111\u1ec3 \u00e9p l\u1ea5y n\u01b0\u1edbc! Cam ch\u1ee9a nhi\u1ec1u vitamin C, \u0111\u1ed3ng th\u1eddi b\u1ed5 sung ch\u1ea5t x\u01a1, kali v\u00e0 choline &#8211; t\u1ea5t c\u1ea3 \u0111\u1ec1u c\u00f3 l\u1ee3i cho s\u1ee9c kh\u1ecfe. \u0110\u1ecdc th\u00eam: Top 5 &hellip; <\/p>\n<p class=\"link-more\"><a href=\"https:\/\/bynature.vn\/vi\/product\/500g-cam-sanh\/\" class=\"more-link\">Continue reading<span class=\"screen-reader-text\"> &#8220;500g Cam S\u00e0nh&#8221;<\/span><\/a><\/p>\n","protected":false},"featured_media":3158,"template":"","meta":[],"pwb-brand":[],"product_cat":[239],"product_tag":[],"class_list":{"0":"post-2512","1":"product","2":"type-product","3":"status-publish","4":"has-post-thumbnail","6":"product_cat-trai-cay","8":"first","9":"instock","10":"purchasable","11":"product-type-simple"},"acf":[],"brands":[],"_links":{"self":[{"href":"https:\/\/bynature.vn\/vi\/wp-json\/wp\/v2\/product\/2512","targetHints":{"allow":["GET"]}}],"collection":[{"href":"https:\/\/bynature.vn\/vi\/wp-json\/wp\/v2\/product"}],"about":[{"href":"https:\/\/bynature.vn\/vi\/wp-json\/wp\/v2\/types\/product"}],"wp:featuredmedia":[{"embeddable":true,"href":"https:\/\/bynature.vn\/vi\/wp-json\/wp\/v2\/media\/3158"}],"wp:attachment":[{"href":"https:\/\/bynature.vn\/vi\/wp-json\/wp\/v2\/media?parent=2512"}],"wp:term":[{"taxonomy":"pwb-brand","embeddable":true,"href":"https:\/\/bynature.vn\/vi\/wp-json\/wp\/v2\/pwb-brand?post=2512"},{"taxonomy":"product_cat","embeddable":true,"href":"https:\/\/bynature.vn\/vi\/wp-json\/wp\/v2\/product_cat?post=2512"},{"taxonomy":"product_tag","embeddable":true,"href":"https:\/\/bynature.vn\/vi\/wp-json\/wp\/v2\/product_tag?post=2512"}],"curies":[{"name":"wp","href":"https:\/\/api.w.org\/{rel}","templated":true}]}}