{"id":2510,"date":"2023-11-14T12:47:27","date_gmt":"2023-11-14T05:47:27","guid":{"rendered":"https:\/\/bynature.vn\/product\/sua-chua-muot-200g\/"},"modified":"2026-02-10T11:54:58","modified_gmt":"2026-02-10T04:54:58","slug":"sua-chua-muot-200g","status":"publish","type":"product","link":"https:\/\/bynature.vn\/vi\/product\/sua-chua-muot-200g\/","title":{"rendered":"S\u1eefa Chua Nguy\u00ean Ch\u1ea5t 170ml"},"content":{"rendered":"<h6 style=\"text-align: justify;\">S\u1eefa chua nguy\u00ean ch\u1ea5t<\/h6>\n<p style=\"text-align: justify;\">S\u1eefa chua ki\u1ec3u Ph\u00e1p m\u1ecbn m\u00e0ng, \u0111\u01b0\u1ee3c l\u00ean men b\u1eb1ng men t\u1ef1 nhi\u00ean, kh\u00f4ng ch\u1ee9a ch\u1ea5t l\u00e0m \u0111\u1eb7c hay b\u1ea5t k\u1ef3 ch\u1ea5t x\u00fac t\u00e1c nh\u00e2n t\u1ea1o n\u00e0o. \u0110\u01b0\u1ee3c l\u00e0m ng\u1ecdt nh\u1eb9 b\u1eb1ng m\u1eadt ong, l\u00fd t\u01b0\u1edfng cho b\u1eefa s\u00e1ng ho\u1eb7c nh\u01b0 m\u1ed9t m\u00f3n tr\u00e1ng mi\u1ec7ng l\u00e0nh m\u1ea1nh.  <\/p>\n<p style=\"text-align: justify;\">S\u1eefa \u0111\u01b0\u1ee3c l\u1ea5y tr\u1ef1c ti\u1ebfp t\u1eeb c\u00e1c \u0111\u1ed3ng c\u1ecf t\u1ea1i Tr\u1ea3ng B\u00e0ng, T\u00e2y Ninh. 100% s\u1eefa t\u01b0\u01a1i t\u1eeb trang tr\u1ea1i, b\u00f2 \u0103n c\u1ecf, kh\u00f4ng bi\u1ebfn \u0111\u1ed5i gen v\u00e0 \u0111\u1ea1t ti\u00eau chu\u1ea9n ph\u00fac l\u1ee3i \u0111\u1ed9ng v\u1eadt. <\/p>\n<p style=\"text-align: justify;\">Th\u00e0nh ph\u1ea7n: 95% s\u1eefa thanh tr\u00f9ng kh\u00f4ng \u0111\u1ed3ng h\u00f3a, 5% men s\u1eefa chua v\u00e0 m\u1eadt ong.<\/p>\n<p style=\"text-align: justify;\">H\u1ea1n s\u1eed d\u1ee5ng: 12 ng\u00e0y \u1edf 2-4\u00b0C, 7-9 ng\u00e0y \u1edf 5-10\u00b0C. N\u00ean d\u00f9ng ngay sau khi m\u1edf n\u1eafp. <\/p>\n<p style=\"text-align: justify;\">B\u1ea3o qu\u1ea3n: Lu\u00f4n b\u1ea3o qu\u1ea3n trong ng\u0103n m\u00e1t t\u1ee7 l\u1ea1nh.<\/p>\n<p style=\"text-align: justify;\">Vui l\u00f2ng ho\u00e0n tr\u1ea3 h\u0169 \u0111\u1ec3 tham gia ch\u01b0\u01a1ng tr\u00ecnh t\u00e1i ch\u1ebf.<\/p>\n<p style=\"text-align: justify;\">T\u00ecm hi\u1ec3u th\u00eam: <span style=\"text-decoration: underline;\"><span style=\"color: #008000; text-decoration: underline;\"><a style=\"color: #008000; text-decoration: underline;\" href=\"https:\/\/bynature.vn\/raw-milk-vs-fresh-pasteurized-milk-vs-uht-milk\/\">Raw milk vs. fresh pasteurized milk vs. UHT milk<\/a><\/span><\/span><\/p>\n","protected":false},"excerpt":{"rendered":"<p>S\u1eefa chua nguy\u00ean ch\u1ea5t S\u1eefa chua ki\u1ec3u Ph\u00e1p m\u1ecbn m\u00e0ng, \u0111\u01b0\u1ee3c l\u00ean men b\u1eb1ng men t\u1ef1 nhi\u00ean, kh\u00f4ng ch\u1ee9a ch\u1ea5t l\u00e0m \u0111\u1eb7c hay b\u1ea5t k\u1ef3 ch\u1ea5t x\u00fac t\u00e1c nh\u00e2n t\u1ea1o n\u00e0o. \u0110\u01b0\u1ee3c l\u00e0m ng\u1ecdt nh\u1eb9 b\u1eb1ng m\u1eadt ong, l\u00fd t\u01b0\u1edfng cho b\u1eefa s\u00e1ng ho\u1eb7c nh\u01b0 m\u1ed9t m\u00f3n tr\u00e1ng mi\u1ec7ng l\u00e0nh m\u1ea1nh. S\u1eefa \u0111\u01b0\u1ee3c l\u1ea5y tr\u1ef1c &hellip; <\/p>\n<p class=\"link-more\"><a href=\"https:\/\/bynature.vn\/vi\/product\/sua-chua-muot-200g\/\" class=\"more-link\">Continue reading<span class=\"screen-reader-text\"> &#8220;S\u1eefa Chua Nguy\u00ean Ch\u1ea5t 170ml&#8221;<\/span><\/a><\/p>\n","protected":false},"featured_media":678,"template":"","meta":[],"pwb-brand":[],"product_cat":[224],"product_tag":[],"class_list":{"0":"post-2510","1":"product","2":"type-product","3":"status-publish","4":"has-post-thumbnail","6":"product_cat-sua-chua","8":"first","9":"instock","10":"purchasable","11":"product-type-simple"},"acf":[],"brands":[],"_links":{"self":[{"href":"https:\/\/bynature.vn\/vi\/wp-json\/wp\/v2\/product\/2510","targetHints":{"allow":["GET"]}}],"collection":[{"href":"https:\/\/bynature.vn\/vi\/wp-json\/wp\/v2\/product"}],"about":[{"href":"https:\/\/bynature.vn\/vi\/wp-json\/wp\/v2\/types\/product"}],"wp:featuredmedia":[{"embeddable":true,"href":"https:\/\/bynature.vn\/vi\/wp-json\/wp\/v2\/media\/678"}],"wp:attachment":[{"href":"https:\/\/bynature.vn\/vi\/wp-json\/wp\/v2\/media?parent=2510"}],"wp:term":[{"taxonomy":"pwb-brand","embeddable":true,"href":"https:\/\/bynature.vn\/vi\/wp-json\/wp\/v2\/pwb-brand?post=2510"},{"taxonomy":"product_cat","embeddable":true,"href":"https:\/\/bynature.vn\/vi\/wp-json\/wp\/v2\/product_cat?post=2510"},{"taxonomy":"product_tag","embeddable":true,"href":"https:\/\/bynature.vn\/vi\/wp-json\/wp\/v2\/product_tag?post=2510"}],"curies":[{"name":"wp","href":"https:\/\/api.w.org\/{rel}","templated":true}]}}