{"id":2502,"date":"2023-11-14T12:47:27","date_gmt":"2023-11-14T05:47:27","guid":{"rendered":"https:\/\/bynature.vn\/product\/sua-chua-hy-lap-dac-200g\/"},"modified":"2026-02-10T13:02:41","modified_gmt":"2026-02-10T06:02:41","slug":"sua-chua-hy-lap-dac-200g","status":"publish","type":"product","link":"https:\/\/bynature.vn\/vi\/product\/sua-chua-hy-lap-dac-200g\/","title":{"rendered":"S\u1eefa Chua Hy L\u1ea1p \u0110\u1eb7c 187ml"},"content":{"rendered":"<h6 style=\"text-align: justify;\">S\u1eefa chua Hy L\u1ea1p &#8211; \u0110\u1eb7c<\/h6>\n<p style=\"text-align: justify;\">C\u00f4ng th\u1ee9c b\u00ed truy\u1ec1n l\u00e2u \u0111\u1eddi \u0111\u01b0\u1ee3c s\u1eed d\u1ee5ng \u0111\u1ec3 t\u1ea1o n\u00ean h\u01b0\u01a1ng v\u1ecb \u0111\u1eb7c tr\u01b0ng c\u1ee7a s\u1eefa chua Hy L\u1ea1p (yiaourti sakoulas). S\u1eefa chua c\u00f3 \u0111\u1ed9 s\u00e1nh m\u1ecbn t\u1ef1 nhi\u00ean, ph\u00f9 h\u1ee3p cho nhi\u1ec1u c\u00e1ch ch\u1ebf bi\u1ebfn nh\u01b0 l\u00e0m n\u01b0\u1edbc ch\u1ea5m, s\u1ed1t, b\u00e1nh v\u00e0 c\u00e1c m\u00f3n tr\u00e1ng mi\u1ec7ng, ho\u1eb7c d\u00f9ng nh\u01b0 b\u1eefa s\u00e1ng hay b\u1eefa \u0103n nh\u1eb9 gi\u00e0u protein. <\/p>\n<p style=\"text-align: justify;\">S\u1eefa \u0111\u01b0\u1ee3c l\u1ea5y tr\u1ef1c ti\u1ebfp t\u1eeb c\u00e1c \u0111\u1ed3ng c\u1ecf t\u1ea1i Tr\u1ea3ng B\u00e0ng, T\u00e2y Ninh. 100% s\u1eefa t\u01b0\u01a1i t\u1eeb trang tr\u1ea1i, b\u00f2 \u0103n c\u1ecf, kh\u00f4ng bi\u1ebfn \u0111\u1ed5i gen v\u00e0 \u0111\u1ea1t ti\u00eau chu\u1ea9n ph\u00fac l\u1ee3i \u0111\u1ed9ng v\u1eadt. <\/p>\n<p style=\"text-align: justify;\">Th\u00e0nh ph\u1ea7n: 100% s\u1eefa creamline t\u01b0\u01a1i (3,9% b\u00e9o), l\u00ean men t\u1ef1 nhi\u00ean v\u00e0 l\u1ecdc \u0111\u1eb7c.<\/p>\n<p style=\"text-align: justify;\">H\u1ea1n s\u1eed d\u1ee5ng: 10-15 ng\u00e0y khi b\u1ea3o qu\u1ea3n \u1edf 2\u20138\u00b0C.<\/p>\n<p style=\"text-align: justify;\">B\u1ea3o qu\u1ea3n: Lu\u00f4n b\u1ea3o qu\u1ea3n trong ng\u0103n m\u00e1t t\u1ee7 l\u1ea1nh. N\u00ean d\u00f9ng trong v\u00f2ng 48 gi\u1edd sau khi m\u1edf n\u1eafp.<\/p>\n<p style=\"text-align: justify;\">Vui l\u00f2ng ho\u00e0n tr\u1ea3 h\u0169 \u0111\u1ec3 tham gia ch\u01b0\u01a1ng tr\u00ecnh t\u00e1i ch\u1ebf.<\/p>\n<p style=\"text-align: justify;\">T\u00ecm hi\u1ec3u th\u00eam: <span style=\"text-decoration: underline;\"><span style=\"color: #008000; text-decoration: underline;\"><a style=\"color: #008000; text-decoration: underline;\" href=\"https:\/\/bynature.vn\/raw-milk-vs-fresh-pasteurized-milk-vs-uht-milk\/\">Raw milk vs. fresh pasteurized milk vs. UHT milk<\/a><\/span><\/span><\/p>\n","protected":false},"excerpt":{"rendered":"<p>S\u1eefa chua Hy L\u1ea1p &#8211; \u0110\u1eb7c C\u00f4ng th\u1ee9c b\u00ed truy\u1ec1n l\u00e2u \u0111\u1eddi \u0111\u01b0\u1ee3c s\u1eed d\u1ee5ng \u0111\u1ec3 t\u1ea1o n\u00ean h\u01b0\u01a1ng v\u1ecb \u0111\u1eb7c tr\u01b0ng c\u1ee7a s\u1eefa chua Hy L\u1ea1p (yiaourti sakoulas). S\u1eefa chua c\u00f3 \u0111\u1ed9 s\u00e1nh m\u1ecbn t\u1ef1 nhi\u00ean, ph\u00f9 h\u1ee3p cho nhi\u1ec1u c\u00e1ch ch\u1ebf bi\u1ebfn nh\u01b0 l\u00e0m n\u01b0\u1edbc ch\u1ea5m, s\u1ed1t, b\u00e1nh v\u00e0 c\u00e1c m\u00f3n tr\u00e1ng mi\u1ec7ng, &hellip; <\/p>\n<p class=\"link-more\"><a href=\"https:\/\/bynature.vn\/vi\/product\/sua-chua-hy-lap-dac-200g\/\" class=\"more-link\">Continue reading<span class=\"screen-reader-text\"> &#8220;S\u1eefa Chua Hy L\u1ea1p \u0110\u1eb7c 187ml&#8221;<\/span><\/a><\/p>\n","protected":false},"featured_media":654,"template":"","meta":[],"pwb-brand":[],"product_cat":[224],"product_tag":[],"class_list":{"0":"post-2502","1":"product","2":"type-product","3":"status-publish","4":"has-post-thumbnail","6":"product_cat-sua-chua","8":"first","9":"instock","10":"purchasable","11":"product-type-simple"},"acf":[],"brands":[],"_links":{"self":[{"href":"https:\/\/bynature.vn\/vi\/wp-json\/wp\/v2\/product\/2502","targetHints":{"allow":["GET"]}}],"collection":[{"href":"https:\/\/bynature.vn\/vi\/wp-json\/wp\/v2\/product"}],"about":[{"href":"https:\/\/bynature.vn\/vi\/wp-json\/wp\/v2\/types\/product"}],"wp:featuredmedia":[{"embeddable":true,"href":"https:\/\/bynature.vn\/vi\/wp-json\/wp\/v2\/media\/654"}],"wp:attachment":[{"href":"https:\/\/bynature.vn\/vi\/wp-json\/wp\/v2\/media?parent=2502"}],"wp:term":[{"taxonomy":"pwb-brand","embeddable":true,"href":"https:\/\/bynature.vn\/vi\/wp-json\/wp\/v2\/pwb-brand?post=2502"},{"taxonomy":"product_cat","embeddable":true,"href":"https:\/\/bynature.vn\/vi\/wp-json\/wp\/v2\/product_cat?post=2502"},{"taxonomy":"product_tag","embeddable":true,"href":"https:\/\/bynature.vn\/vi\/wp-json\/wp\/v2\/product_tag?post=2502"}],"curies":[{"name":"wp","href":"https:\/\/api.w.org\/{rel}","templated":true}]}}