{"id":2501,"date":"2023-11-14T12:47:27","date_gmt":"2023-11-14T05:47:27","guid":{"rendered":"https:\/\/bynature.vn\/product\/tra-sua-kem-beo-250ml\/"},"modified":"2026-02-10T13:06:21","modified_gmt":"2026-02-10T06:06:21","slug":"tra-sua-kem-beo-250ml","status":"publish","type":"product","link":"https:\/\/bynature.vn\/vi\/product\/tra-sua-kem-beo-250ml\/","title":{"rendered":"Tr\u00e0 S\u1eefa 250ml"},"content":{"rendered":"<h6>Tr\u00e0 s\u1eefa<\/h6>\n<p style=\"text-align: justify;\">S\u1ef1 k\u1ebft h\u1ee3p \u0111\u01a1n gi\u1ea3n gi\u1eefa s\u1eefa t\u01b0\u01a1i t\u1ef1 nhi\u00ean v\u00e0 tr\u00e0 Kim Hu\u1ec7 d\u00f2ng 1-0-2 truy\u1ec1n th\u1ed1ng, \u0111\u01b0\u1ee3c tr\u1ed3ng t\u1ea1i v\u00f9ng cao nguy\u00ean trung t\u00e2m &#8211; C\u1ea7u \u0110\u1ea5t, L\u00e2m \u0110\u1ed3ng<\/p>\n<p style=\"text-align: justify;\">S\u1eefa \u0111\u01b0\u1ee3c l\u1ea5y tr\u1ef1c ti\u1ebfp t\u1eeb c\u00e1c \u0111\u1ed3ng c\u1ecf t\u1ea1i Tr\u1ea3ng B\u00e0ng, T\u00e2y Ninh. 100% s\u1eefa t\u01b0\u01a1i t\u1eeb trang tr\u1ea1i, b\u00f2 \u0103n c\u1ecf, kh\u00f4ng bi\u1ebfn \u0111\u1ed5i gen v\u00e0 \u0111\u1ea1t ti\u00eau chu\u1ea9n ph\u00fac l\u1ee3i \u0111\u1ed9ng v\u1eadt. <\/p>\n<p style=\"text-align: justify;\">Th\u00e0nh ph\u1ea7n: S\u1eefa creamline (4,2% b\u00e9o); tr\u00e0 Kim Hu\u1ec7 1-0-2; \u0111\u01b0\u1eddng n\u00e2u.<\/p>\n<p style=\"text-align: justify;\">H\u1ea1n s\u1eed d\u1ee5ng: 5 ng\u00e0y \u1edf 2\u20134\u00b0C, 3 ng\u00e0y \u1edf 5\u201310\u00b0C. D\u00f9ng ngay sau khi m\u1edf n\u1eafp. <\/p>\n<p style=\"text-align: justify;\">B\u1ea3o qu\u1ea3n: Lu\u00f4n gi\u1eef l\u1ea1nh \u1edf &lt;10\u00b0C. D\u00f9ng ngay sau khi m\u1edf n\u1eafp.<\/p>\n<p style=\"text-align: justify;\">Vui l\u00f2ng ho\u00e0n tr\u1ea3 chai \u0111\u1ec3 tham gia ch\u01b0\u01a1ng tr\u00ecnh t\u00e1i ch\u1ebf.<\/p>\n<p style=\"text-align: justify;\">T\u00ecm hi\u1ec3u th\u00eam: <span style=\"text-decoration: underline;\"><span style=\"color: #008000; text-decoration: underline;\"><a style=\"color: #008000; text-decoration: underline;\" href=\"https:\/\/bynature.vn\/raw-milk-vs-fresh-pasteurized-milk-vs-uht-milk\/\">Raw milk vs. fresh pasteurized milk vs. UHT milk<\/a><\/span><\/span><\/p>\n","protected":false},"excerpt":{"rendered":"<p>Tr\u00e0 s\u1eefa S\u1ef1 k\u1ebft h\u1ee3p \u0111\u01a1n gi\u1ea3n gi\u1eefa s\u1eefa t\u01b0\u01a1i t\u1ef1 nhi\u00ean v\u00e0 tr\u00e0 Kim Hu\u1ec7 d\u00f2ng 1-0-2 truy\u1ec1n th\u1ed1ng, \u0111\u01b0\u1ee3c tr\u1ed3ng t\u1ea1i v\u00f9ng cao nguy\u00ean trung t\u00e2m &#8211; C\u1ea7u \u0110\u1ea5t, L\u00e2m \u0110\u1ed3ng S\u1eefa \u0111\u01b0\u1ee3c l\u1ea5y tr\u1ef1c ti\u1ebfp t\u1eeb c\u00e1c \u0111\u1ed3ng c\u1ecf t\u1ea1i Tr\u1ea3ng B\u00e0ng, T\u00e2y Ninh. 100% s\u1eefa t\u01b0\u01a1i t\u1eeb trang tr\u1ea1i, b\u00f2 \u0103n &hellip; <\/p>\n<p class=\"link-more\"><a href=\"https:\/\/bynature.vn\/vi\/product\/tra-sua-kem-beo-250ml\/\" class=\"more-link\">Continue reading<span class=\"screen-reader-text\"> &#8220;Tr\u00e0 S\u1eefa 250ml&#8221;<\/span><\/a><\/p>\n","protected":false},"featured_media":651,"template":"","meta":[],"pwb-brand":[],"product_cat":[223],"product_tag":[],"class_list":{"0":"post-2501","1":"product","2":"type-product","3":"status-publish","4":"has-post-thumbnail","6":"product_cat-sua","8":"first","9":"instock","10":"purchasable","11":"product-type-simple"},"acf":[],"brands":[],"_links":{"self":[{"href":"https:\/\/bynature.vn\/vi\/wp-json\/wp\/v2\/product\/2501","targetHints":{"allow":["GET"]}}],"collection":[{"href":"https:\/\/bynature.vn\/vi\/wp-json\/wp\/v2\/product"}],"about":[{"href":"https:\/\/bynature.vn\/vi\/wp-json\/wp\/v2\/types\/product"}],"wp:featuredmedia":[{"embeddable":true,"href":"https:\/\/bynature.vn\/vi\/wp-json\/wp\/v2\/media\/651"}],"wp:attachment":[{"href":"https:\/\/bynature.vn\/vi\/wp-json\/wp\/v2\/media?parent=2501"}],"wp:term":[{"taxonomy":"pwb-brand","embeddable":true,"href":"https:\/\/bynature.vn\/vi\/wp-json\/wp\/v2\/pwb-brand?post=2501"},{"taxonomy":"product_cat","embeddable":true,"href":"https:\/\/bynature.vn\/vi\/wp-json\/wp\/v2\/product_cat?post=2501"},{"taxonomy":"product_tag","embeddable":true,"href":"https:\/\/bynature.vn\/vi\/wp-json\/wp\/v2\/product_tag?post=2501"}],"curies":[{"name":"wp","href":"https:\/\/api.w.org\/{rel}","templated":true}]}}