{"id":2499,"date":"2023-11-14T12:47:27","date_gmt":"2023-11-14T05:47:27","guid":{"rendered":"https:\/\/bynature.vn\/product\/sua-tuoi-kem-beo-960ml\/"},"modified":"2026-02-10T11:05:52","modified_gmt":"2026-02-10T04:05:52","slug":"sua-tuoi-kem-beo-960ml","status":"publish","type":"product","link":"https:\/\/bynature.vn\/vi\/product\/sua-tuoi-kem-beo-960ml\/","title":{"rendered":"S\u1eefa T\u01b0\u01a1i Kem B\u00e9o 960ml"},"content":{"rendered":"<h6 style=\"text-align: justify;\">S\u1eefa t\u01b0\u01a1i kem b\u00e9o &#8211; S\u1eefa creamline<\/h6>\n<p style=\"text-align: justify;\">S\u1eefa t\u01b0\u01a1i kem b\u00e9o (s\u1eefa creamline) \u0111\u01b0\u1ee3c thanh tr\u00f9ng nh\u01b0ng kh\u00f4ng \u0111\u1ed3ng h\u00f3a, do \u0111\u00f3 s\u1ebd c\u00f3 m\u1ed9t l\u1edbp kem t\u1ef1 nhi\u00ean n\u1ed5i l\u00ean sau khi \u0111\u00f3ng chai. L\u1edbp kem n\u00e0y c\u00f3 th\u1ec3 h\u00f2a tan l\u1ea1i khi l\u1eafc \u0111\u1ec1u. S\u1eefa creamline gi\u1eef nguy\u00ean gi\u00e1 tr\u1ecb vitamin v\u00e0 h\u01b0\u01a1ng v\u1ecb th\u01a1m ngon thu\u1ea7n khi\u1ebft khi \u0111\u01b0\u1ee3c b\u1ea3o qu\u1ea3n l\u1ea1nh trong chai th\u1ee7y tinh. B\u1ea1n ch\u1ec9 c\u1ea7n l\u1eafc nh\u1eb9 chai tr\u01b0\u1edbc khi d\u00f9ng, ho\u1eb7c c\u00f3 th\u1ec3 r\u00f3t ph\u1ea7n kem ph\u00eda tr\u00ean ra tr\u01b0\u1edbc, sau \u0111\u00f3 th\u01b0\u1edfng th\u1ee9c ph\u1ea7n s\u1eefa \u00edt b\u00e9o b\u00ean d\u01b0\u1edbi theo c\u00e1ch ri\u00eang c\u1ee7a b\u1ea1n.   <\/p>\n<p style=\"text-align: justify;\">S\u1eefa \u0111\u01b0\u1ee3c l\u1ea5y tr\u1ef1c ti\u1ebfp t\u1eeb c\u00e1c \u0111\u1ed3ng c\u1ecf t\u1ea1i Tr\u1ea3ng B\u00e0ng, T\u00e2y Ninh. 100% s\u1eefa t\u01b0\u01a1i t\u1eeb trang tr\u1ea1i, b\u00f2 \u0103n c\u1ecf, kh\u00f4ng bi\u1ebfn \u0111\u1ed5i gen v\u00e0 \u0111\u1ea1t ti\u00eau chu\u1ea9n ph\u00fac l\u1ee3i \u0111\u1ed9ng v\u1eadt. <\/p>\n<p style=\"text-align: justify;\">Th\u00e0nh ph\u1ea7n: 100% s\u1eefa b\u00f2 t\u01b0\u01a1i &gt;h\u00e0m l\u01b0\u1ee3ng b\u00e9o kho\u1ea3ng 3,9%, thanh tr\u00f9ng \u1edf 72\u00b0C, kh\u00f4ng \u0111\u1ed3ng h\u00f3a.<\/p>\n<p style=\"text-align: justify;\">H\u1ea1n s\u1eed d\u1ee5ng: 6 ng\u00e0y \u1edf 2\u20134\u00b0C, 3 ng\u00e0y \u1edf 5\u20138\u00b0C. N\u00ean d\u00f9ng trong v\u00f2ng 12 gi\u1edd sau khi m\u1edf n\u1eafp. <\/p>\n<p style=\"text-align: justify;\">B\u1ea3o qu\u1ea3n: Lu\u00f4n gi\u1eef l\u1ea1nh \u1edf &lt;10\u00b0C. S\u1eefa s\u1ebd m\u1ea5t v\u1ecb ngon v\u00e0 gi\u1ea3m th\u1eddi gian s\u1eed d\u1ee5ng n\u1ebfu \u0111\u1ec3 \u1edf nhi\u1ec7t \u0111\u1ed9 ph\u00f2ng qu\u00e1 1 gi\u1edd. <\/p>\n<p style=\"text-align: justify;\">Vui l\u00f2ng ho\u00e0n tr\u1ea3 chai \u0111\u1ec3 tham gia ch\u01b0\u01a1ng tr\u00ecnh t\u00e1i ch\u1ebf.<\/p>\n<p style=\"text-align: justify;\">T\u00ecm hi\u1ec3u th\u00eam: <span style=\"text-decoration: underline;\"><span style=\"color: #008000; text-decoration: underline;\"><a style=\"color: #008000; text-decoration: underline;\" href=\"https:\/\/bynature.vn\/raw-milk-vs-fresh-pasteurized-milk-vs-uht-milk\/\">Raw milk vs. fresh pasteurized milk vs. UHT milk<\/a><\/span><\/span><\/p>\n","protected":false},"excerpt":{"rendered":"<p>S\u1eefa t\u01b0\u01a1i kem b\u00e9o &#8211; S\u1eefa creamline S\u1eefa t\u01b0\u01a1i kem b\u00e9o (s\u1eefa creamline) \u0111\u01b0\u1ee3c thanh tr\u00f9ng nh\u01b0ng kh\u00f4ng \u0111\u1ed3ng h\u00f3a, do \u0111\u00f3 s\u1ebd c\u00f3 m\u1ed9t l\u1edbp kem t\u1ef1 nhi\u00ean n\u1ed5i l\u00ean sau khi \u0111\u00f3ng chai. L\u1edbp kem n\u00e0y c\u00f3 th\u1ec3 h\u00f2a tan l\u1ea1i khi l\u1eafc \u0111\u1ec1u. S\u1eefa creamline gi\u1eef nguy\u00ean gi\u00e1 tr\u1ecb vitamin v\u00e0 h\u01b0\u01a1ng &hellip; <\/p>\n<p class=\"link-more\"><a href=\"https:\/\/bynature.vn\/vi\/product\/sua-tuoi-kem-beo-960ml\/\" class=\"more-link\">Continue reading<span class=\"screen-reader-text\"> &#8220;S\u1eefa T\u01b0\u01a1i Kem B\u00e9o 960ml&#8221;<\/span><\/a><\/p>\n","protected":false},"featured_media":645,"template":"","meta":[],"pwb-brand":[],"product_cat":[223],"product_tag":[],"class_list":{"0":"post-2499","1":"product","2":"type-product","3":"status-publish","4":"has-post-thumbnail","6":"product_cat-sua","8":"first","9":"instock","10":"purchasable","11":"product-type-simple"},"acf":[],"brands":[],"_links":{"self":[{"href":"https:\/\/bynature.vn\/vi\/wp-json\/wp\/v2\/product\/2499","targetHints":{"allow":["GET"]}}],"collection":[{"href":"https:\/\/bynature.vn\/vi\/wp-json\/wp\/v2\/product"}],"about":[{"href":"https:\/\/bynature.vn\/vi\/wp-json\/wp\/v2\/types\/product"}],"wp:featuredmedia":[{"embeddable":true,"href":"https:\/\/bynature.vn\/vi\/wp-json\/wp\/v2\/media\/645"}],"wp:attachment":[{"href":"https:\/\/bynature.vn\/vi\/wp-json\/wp\/v2\/media?parent=2499"}],"wp:term":[{"taxonomy":"pwb-brand","embeddable":true,"href":"https:\/\/bynature.vn\/vi\/wp-json\/wp\/v2\/pwb-brand?post=2499"},{"taxonomy":"product_cat","embeddable":true,"href":"https:\/\/bynature.vn\/vi\/wp-json\/wp\/v2\/product_cat?post=2499"},{"taxonomy":"product_tag","embeddable":true,"href":"https:\/\/bynature.vn\/vi\/wp-json\/wp\/v2\/product_tag?post=2499"}],"curies":[{"name":"wp","href":"https:\/\/api.w.org\/{rel}","templated":true}]}}