{"id":2495,"date":"2023-11-14T12:47:27","date_gmt":"2023-11-14T05:47:27","guid":{"rendered":"https:\/\/bynature.vn\/product\/2495\/"},"modified":"2024-03-28T16:19:23","modified_gmt":"2024-03-28T09:19:23","slug":"uc-vit-dong-lanh","status":"publish","type":"product","link":"https:\/\/bynature.vn\/vi\/product\/uc-vit-dong-lanh\/","title":{"rendered":"300g \u1ee8c V\u1ecbt (\u0110\u00f4ng L\u1ea1nh)"},"content":{"rendered":"<h6>\u1ee8c v\u1ecbt (\u0111\u00f4ng l\u1ea1nh)<\/h6>\n<ul>\n<li style=\"text-align: justify;\">\u1ee8c v\u1ecbt c\u00f3 h\u01b0\u01a1ng v\u1ecb \u0111\u1eadm \u0111\u00e0, c\u00f3 m\u00f9i th\u01a1m gi\u1ed1ng th\u1ecbt \u0111\u1ecf h\u01a1n so v\u1edbi th\u1ecbt g\u00e0, c\u00f3 nhi\u1ec1u ch\u1ea5t b\u00e9o h\u01a1n. Khi \u0111\u01b0\u1ee3c n\u1ea5u ch\u00edn \u0111\u00fang c\u00e1ch, th\u1ecbt v\u1ecbt cung c\u1ea5p nhi\u1ec1u protein.<\/li>\n<li style=\"text-align: justify;\">\u1ee8c v\u1ecbt c\u00f3 da.<\/li>\n<li style=\"text-align: justify;\">Nh\u1eadp kh\u1ea9u b\u1edfi The Food Shop.<\/li>\n<\/ul>\n<p>\u0110\u1ecdc th\u00eam: <span style=\"text-decoration: underline;\"><span style=\"color: #008000;\"><a style=\"color: #008000; text-decoration: underline;\" href=\"https:\/\/bynature.vn\/vi\/nhung-loi-ich-cua-thit-chan-tha-tu-do\/\">Nh\u1eefng l\u1ee3i \u00edch c\u1ee7a th\u1ecbt ch\u0103n th\u1ea3 t\u1ef1 do<\/a><\/span><\/span><\/p>\n","protected":false},"excerpt":{"rendered":"<p>\u1ee8c v\u1ecbt (\u0111\u00f4ng l\u1ea1nh) \u1ee8c v\u1ecbt c\u00f3 h\u01b0\u01a1ng v\u1ecb \u0111\u1eadm \u0111\u00e0, c\u00f3 m\u00f9i th\u01a1m gi\u1ed1ng th\u1ecbt \u0111\u1ecf h\u01a1n so v\u1edbi th\u1ecbt g\u00e0, c\u00f3 nhi\u1ec1u ch\u1ea5t b\u00e9o h\u01a1n. Khi \u0111\u01b0\u1ee3c n\u1ea5u ch\u00edn \u0111\u00fang c\u00e1ch, th\u1ecbt v\u1ecbt cung c\u1ea5p nhi\u1ec1u protein. \u1ee8c v\u1ecbt c\u00f3 da. Nh\u1eadp kh\u1ea9u b\u1edfi The Food Shop. \u0110\u1ecdc th\u00eam: Nh\u1eefng l\u1ee3i \u00edch c\u1ee7a &hellip; <\/p>\n<p class=\"link-more\"><a href=\"https:\/\/bynature.vn\/vi\/product\/uc-vit-dong-lanh\/\" class=\"more-link\">Continue reading<span class=\"screen-reader-text\"> &#8220;300g \u1ee8c V\u1ecbt (\u0110\u00f4ng L\u1ea1nh)&#8221;<\/span><\/a><\/p>\n","protected":false},"featured_media":4078,"template":"","meta":[],"pwb-brand":[],"product_cat":[251],"product_tag":[],"class_list":{"0":"post-2495","1":"product","2":"type-product","3":"status-publish","4":"has-post-thumbnail","6":"product_cat-thit-ga-vit","8":"first","9":"instock","10":"purchasable","11":"product-type-simple"},"acf":[],"brands":[],"_links":{"self":[{"href":"https:\/\/bynature.vn\/vi\/wp-json\/wp\/v2\/product\/2495","targetHints":{"allow":["GET"]}}],"collection":[{"href":"https:\/\/bynature.vn\/vi\/wp-json\/wp\/v2\/product"}],"about":[{"href":"https:\/\/bynature.vn\/vi\/wp-json\/wp\/v2\/types\/product"}],"wp:featuredmedia":[{"embeddable":true,"href":"https:\/\/bynature.vn\/vi\/wp-json\/wp\/v2\/media\/4078"}],"wp:attachment":[{"href":"https:\/\/bynature.vn\/vi\/wp-json\/wp\/v2\/media?parent=2495"}],"wp:term":[{"taxonomy":"pwb-brand","embeddable":true,"href":"https:\/\/bynature.vn\/vi\/wp-json\/wp\/v2\/pwb-brand?post=2495"},{"taxonomy":"product_cat","embeddable":true,"href":"https:\/\/bynature.vn\/vi\/wp-json\/wp\/v2\/product_cat?post=2495"},{"taxonomy":"product_tag","embeddable":true,"href":"https:\/\/bynature.vn\/vi\/wp-json\/wp\/v2\/product_tag?post=2495"}],"curies":[{"name":"wp","href":"https:\/\/api.w.org\/{rel}","templated":true}]}}