{"id":2494,"date":"2023-11-14T12:47:27","date_gmt":"2023-11-14T05:47:27","guid":{"rendered":"https:\/\/bynature.vn\/product\/2494\/"},"modified":"2026-01-15T10:04:53","modified_gmt":"2026-01-15T03:04:53","slug":"suon-cuu-loc-mo","status":"publish","type":"product","link":"https:\/\/bynature.vn\/vi\/product\/suon-cuu-loc-mo\/","title":{"rendered":"800g S\u01b0\u1eddn C\u1eebu L\u1ecdc M\u1ee1 (\u0110\u00f4ng l\u1ea1nh) gi\u00e1 m\u1ed7i kg"},"content":{"rendered":"<h6>S\u01b0\u1eddn c\u1eebu l\u1ecdc m\u1ee1 (\u0111\u00f4ng l\u1ea1nh)<\/h6>\n<ul>\n<li style=\"text-align: justify;\">C\u1eebu Mulwarra l\u00e0 d\u00f2ng s\u1ea3n ph\u1ea9m cao c\u1ea5p, ch\u1ea5t l\u01b0\u1ee3ng \u1ed5n \u0111\u1ecbnh v\u00e0 \u0111\u1ed3ng \u0111\u1ec1u. Ph\u1ea7n s\u01b0\u1eddn c\u00f3 h\u01b0\u01a1ng v\u1ecb \u0111\u1eadm \u0111\u00e0, l\u1edbp m\u1ee1 \u0111\u1eb9p. Ph\u1ea7n cap \u0111\u00e3 \u0111\u01b0\u1ee3c lo\u1ea1i b\u1ecf n\u00ean kh\u00f4ng c\u00f2n x\u01b0\u01a1ng s\u1ed1ng. C\u00e1c x\u01b0\u01a1ng s\u01b0\u1eddn \u0111\u01b0\u1ee3c l\u00f3c g\u1ecdn, t\u1ee9c l\u00e0 ph\u1ea7n th\u1ecbt v\u00e0 m\u1ee1 tr\u00ean \u0111\u1ea7u x\u01b0\u01a1ng \u0111\u00e3 \u0111\u01b0\u1ee3c l\u00e0m s\u1ea1ch, t\u1ea1o h\u00ecnh gi\u1ed1ng nh\u01b0 tay c\u1ea7m, r\u1ea5t \u0111\u1eb9p khi ch\u1ebf bi\u1ebfn v\u00e0 tr\u00ecnh b\u00e0y.   <\/li>\n<li style=\"text-align: justify;\">Nh\u1eadp kh\u1ea9u b\u1edfi The Food Shop.<\/li>\n<li style=\"text-align: justify;\">T\u00ecm hi\u1ec3u th\u00eam: <span style=\"text-decoration: underline; color: #008000;\"><a style=\"color: #008000; text-decoration: underline;\" href=\"https:\/\/bynature.vn\/the-benefits-of-free-range-meat\/\">The benefits of free-range meat<\/a><\/span><\/li>\n<\/ul>\n","protected":false},"excerpt":{"rendered":"<p>S\u01b0\u1eddn c\u1eebu l\u1ecdc m\u1ee1 (\u0111\u00f4ng l\u1ea1nh) C\u1eebu Mulwarra l\u00e0 d\u00f2ng s\u1ea3n ph\u1ea9m cao c\u1ea5p, ch\u1ea5t l\u01b0\u1ee3ng \u1ed5n \u0111\u1ecbnh v\u00e0 \u0111\u1ed3ng \u0111\u1ec1u. Ph\u1ea7n s\u01b0\u1eddn c\u00f3 h\u01b0\u01a1ng v\u1ecb \u0111\u1eadm \u0111\u00e0, l\u1edbp m\u1ee1 \u0111\u1eb9p. Ph\u1ea7n cap \u0111\u00e3 \u0111\u01b0\u1ee3c lo\u1ea1i b\u1ecf n\u00ean kh\u00f4ng c\u00f2n x\u01b0\u01a1ng s\u1ed1ng. C\u00e1c x\u01b0\u01a1ng s\u01b0\u1eddn \u0111\u01b0\u1ee3c l\u00f3c g\u1ecdn, t\u1ee9c l\u00e0 ph\u1ea7n th\u1ecbt v\u00e0 m\u1ee1 tr\u00ean &hellip; <\/p>\n<p class=\"link-more\"><a href=\"https:\/\/bynature.vn\/vi\/product\/suon-cuu-loc-mo\/\" class=\"more-link\">Continue reading<span class=\"screen-reader-text\"> &#8220;800g S\u01b0\u1eddn C\u1eebu L\u1ecdc M\u1ee1 (\u0110\u00f4ng l\u1ea1nh) gi\u00e1 m\u1ed7i kg&#8221;<\/span><\/a><\/p>\n","protected":false},"featured_media":5648,"template":"","meta":[],"pwb-brand":[],"product_cat":[249],"product_tag":[],"class_list":{"0":"post-2494","1":"product","2":"type-product","3":"status-publish","4":"has-post-thumbnail","6":"product_cat-thit-cuu","8":"first","9":"instock","10":"purchasable","11":"product-type-simple"},"acf":[],"brands":[],"_links":{"self":[{"href":"https:\/\/bynature.vn\/vi\/wp-json\/wp\/v2\/product\/2494","targetHints":{"allow":["GET"]}}],"collection":[{"href":"https:\/\/bynature.vn\/vi\/wp-json\/wp\/v2\/product"}],"about":[{"href":"https:\/\/bynature.vn\/vi\/wp-json\/wp\/v2\/types\/product"}],"wp:featuredmedia":[{"embeddable":true,"href":"https:\/\/bynature.vn\/vi\/wp-json\/wp\/v2\/media\/5648"}],"wp:attachment":[{"href":"https:\/\/bynature.vn\/vi\/wp-json\/wp\/v2\/media?parent=2494"}],"wp:term":[{"taxonomy":"pwb-brand","embeddable":true,"href":"https:\/\/bynature.vn\/vi\/wp-json\/wp\/v2\/pwb-brand?post=2494"},{"taxonomy":"product_cat","embeddable":true,"href":"https:\/\/bynature.vn\/vi\/wp-json\/wp\/v2\/product_cat?post=2494"},{"taxonomy":"product_tag","embeddable":true,"href":"https:\/\/bynature.vn\/vi\/wp-json\/wp\/v2\/product_tag?post=2494"}],"curies":[{"name":"wp","href":"https:\/\/api.w.org\/{rel}","templated":true}]}}