{"id":2493,"date":"2023-11-14T12:47:27","date_gmt":"2023-11-14T05:47:27","guid":{"rendered":"https:\/\/bynature.vn\/product\/115g-pho-mai-scamorza-xong-khoi\/"},"modified":"2026-02-10T10:24:25","modified_gmt":"2026-02-10T03:24:25","slug":"115g-pho-mai-scamorza-xong-khoi","status":"publish","type":"product","link":"https:\/\/bynature.vn\/vi\/product\/115g-pho-mai-scamorza-xong-khoi\/","title":{"rendered":"115g Ph\u00f4 Mai Scalorza Hun Kh\u00f3i"},"content":{"rendered":"<h6 style=\"text-align: justify;\">Ph\u00f4 mai scalorza hun kh\u00f3i<\/h6>\n<p style=\"text-align: justify;\">Scamorza hun kh\u00f3i l\u00e0 m\u1ed9t lo\u1ea1i ph\u00f4 mai ph\u1ed5 bi\u1ebfn \u1edf mi\u1ec1n Nam n\u01b0\u1edbc \u00dd.<\/p>\n<p style=\"text-align: justify;\">N\u00f3 c\u00f3 th\u1ec3 thay th\u1ebf cho mozzarella trong nhi\u1ec1u m\u00f3n \u0103n. Scamorza hun kh\u00f3i c\u00f3 h\u01b0\u01a1ng v\u1ecb m\u1ea1nh h\u01a1n h\u01b0\u01a1ng v\u1ecb th\u00f4ng th\u01b0\u1eddng. H\u01b0\u01a1ng v\u1ecb c\u1ee7a Scamorza s\u1ebd \u0111\u01b0\u1ee3c n\u00e2ng cao khi \u0111\u01b0\u1ee3c chi\u00ean tr\u00ean ch\u1ea3o. N\u00f3 ph\u00f9 h\u1ee3p \u0111\u1ec3 d\u00f9ng k\u00e8m v\u1edbi r\u01b0\u1ee3u vang.   <\/p>\n<p style=\"text-align: justify;\">H\u1ea1n s\u1eed d\u1ee5ng: 60 ng\u00e0y k\u1ec3 t\u1eeb ng\u00e0y s\u1ea3n xu\u1ea5t.<\/p>\n<p style=\"text-align: justify;\">T\u00ecm hi\u1ec3u th\u00eam:<span style=\"text-decoration: underline; color: #008000;\"> <a style=\"color: #008000; text-decoration: underline;\" href=\"https:\/\/bynature.vn\/cheese-from-farm-to-table\/\">Cheese from farm to table<\/a><\/span><\/p>\n","protected":false},"excerpt":{"rendered":"<p>Ph\u00f4 mai scalorza hun kh\u00f3i Scamorza hun kh\u00f3i l\u00e0 m\u1ed9t lo\u1ea1i ph\u00f4 mai ph\u1ed5 bi\u1ebfn \u1edf mi\u1ec1n Nam n\u01b0\u1edbc \u00dd. N\u00f3 c\u00f3 th\u1ec3 thay th\u1ebf cho mozzarella trong nhi\u1ec1u m\u00f3n \u0103n. Scamorza hun kh\u00f3i c\u00f3 h\u01b0\u01a1ng v\u1ecb m\u1ea1nh h\u01a1n h\u01b0\u01a1ng v\u1ecb th\u00f4ng th\u01b0\u1eddng. H\u01b0\u01a1ng v\u1ecb c\u1ee7a Scamorza s\u1ebd \u0111\u01b0\u1ee3c n\u00e2ng cao khi \u0111\u01b0\u1ee3c chi\u00ean tr\u00ean &hellip; <\/p>\n<p class=\"link-more\"><a href=\"https:\/\/bynature.vn\/vi\/product\/115g-pho-mai-scamorza-xong-khoi\/\" class=\"more-link\">Continue reading<span class=\"screen-reader-text\"> &#8220;115g Ph\u00f4 Mai Scalorza Hun Kh\u00f3i&#8221;<\/span><\/a><\/p>\n","protected":false},"featured_media":3156,"template":"","meta":[],"pwb-brand":[],"product_cat":[222],"product_tag":[],"class_list":{"0":"post-2493","1":"product","2":"type-product","3":"status-publish","4":"has-post-thumbnail","6":"product_cat-pho-mai","8":"first","9":"instock","10":"purchasable","11":"product-type-simple"},"acf":[],"brands":[],"_links":{"self":[{"href":"https:\/\/bynature.vn\/vi\/wp-json\/wp\/v2\/product\/2493","targetHints":{"allow":["GET"]}}],"collection":[{"href":"https:\/\/bynature.vn\/vi\/wp-json\/wp\/v2\/product"}],"about":[{"href":"https:\/\/bynature.vn\/vi\/wp-json\/wp\/v2\/types\/product"}],"wp:featuredmedia":[{"embeddable":true,"href":"https:\/\/bynature.vn\/vi\/wp-json\/wp\/v2\/media\/3156"}],"wp:attachment":[{"href":"https:\/\/bynature.vn\/vi\/wp-json\/wp\/v2\/media?parent=2493"}],"wp:term":[{"taxonomy":"pwb-brand","embeddable":true,"href":"https:\/\/bynature.vn\/vi\/wp-json\/wp\/v2\/pwb-brand?post=2493"},{"taxonomy":"product_cat","embeddable":true,"href":"https:\/\/bynature.vn\/vi\/wp-json\/wp\/v2\/product_cat?post=2493"},{"taxonomy":"product_tag","embeddable":true,"href":"https:\/\/bynature.vn\/vi\/wp-json\/wp\/v2\/product_tag?post=2493"}],"curies":[{"name":"wp","href":"https:\/\/api.w.org\/{rel}","templated":true}]}}