{"id":2491,"date":"2023-11-14T12:47:22","date_gmt":"2023-11-14T05:47:22","guid":{"rendered":"https:\/\/bynature.vn\/product\/200g-pho-mai-mascarpone-tuoi\/"},"modified":"2026-02-10T10:44:00","modified_gmt":"2026-02-10T03:44:00","slug":"200g-pho-mai-mascarpone-tuoi","status":"publish","type":"product","link":"https:\/\/bynature.vn\/vi\/product\/200g-pho-mai-mascarpone-tuoi\/","title":{"rendered":"200g Ph\u00f4 Mai Mascarpone T\u01b0\u01a1i"},"content":{"rendered":"<h6 style=\"text-align: justify;\">Ph\u00f4 mai Mascarpone t\u01b0\u01a1i<\/h6>\n<p style=\"text-align: justify;\">Mascarpone l\u00e0 m\u1ed9t lo\u1ea1i ph\u00f4 mai t\u01b0\u01a1i c\u1ee7a \u00dd \u0111\u01b0\u1ee3c bi\u1ebft \u0111\u1ebfn l\u00e0 nguy\u00ean li\u1ec7u ch\u00ednh c\u1ee7a m\u00f3n Tiramisu. N\u00f3 c\u00f3 h\u01b0\u01a1ng v\u1ecb \u0111\u1eadm \u0111\u00e0 v\u00e0 kem v\u00e0 c\u0169ng tr\u1edf th\u00e0nh m\u1ed9t s\u1ef1 b\u1ed5 sung tuy\u1ec7t v\u1eddi cho n\u01b0\u1edbc s\u1ed1t m\u00ec \u1ed1ng. <\/p>\n<p style=\"text-align: justify;\">H\u1ea1n s\u1eed d\u1ee5ng: 7 ng\u00e0y k\u1ec3 t\u1eeb ng\u00e0y s\u1ea3n xu\u1ea5t<\/p>\n<p style=\"text-align: justify;\">T\u00ecm hi\u1ec3u th\u00eam:<span style=\"text-decoration: underline; color: #008000;\"> <a style=\"color: #008000; text-decoration: underline;\" href=\"https:\/\/bynature.vn\/cheese-from-farm-to-table\/\">Cheese from farm to table<\/a><\/span><\/p>\n","protected":false},"excerpt":{"rendered":"<p>Ph\u00f4 mai Mascarpone t\u01b0\u01a1i Mascarpone l\u00e0 m\u1ed9t lo\u1ea1i ph\u00f4 mai t\u01b0\u01a1i c\u1ee7a \u00dd \u0111\u01b0\u1ee3c bi\u1ebft \u0111\u1ebfn l\u00e0 nguy\u00ean li\u1ec7u ch\u00ednh c\u1ee7a m\u00f3n Tiramisu. N\u00f3 c\u00f3 h\u01b0\u01a1ng v\u1ecb \u0111\u1eadm \u0111\u00e0 v\u00e0 kem v\u00e0 c\u0169ng tr\u1edf th\u00e0nh m\u1ed9t s\u1ef1 b\u1ed5 sung tuy\u1ec7t v\u1eddi cho n\u01b0\u1edbc s\u1ed1t m\u00ec \u1ed1ng. H\u1ea1n s\u1eed d\u1ee5ng: 7 ng\u00e0y k\u1ec3 t\u1eeb ng\u00e0y s\u1ea3n &hellip; <\/p>\n<p class=\"link-more\"><a href=\"https:\/\/bynature.vn\/vi\/product\/200g-pho-mai-mascarpone-tuoi\/\" class=\"more-link\">Continue reading<span class=\"screen-reader-text\"> &#8220;200g Ph\u00f4 Mai Mascarpone T\u01b0\u01a1i&#8221;<\/span><\/a><\/p>\n","protected":false},"featured_media":3154,"template":"","meta":[],"pwb-brand":[],"product_cat":[222],"product_tag":[],"class_list":{"0":"post-2491","1":"product","2":"type-product","3":"status-publish","4":"has-post-thumbnail","6":"product_cat-pho-mai","8":"first","9":"instock","10":"purchasable","11":"product-type-simple"},"acf":[],"brands":[],"_links":{"self":[{"href":"https:\/\/bynature.vn\/vi\/wp-json\/wp\/v2\/product\/2491","targetHints":{"allow":["GET"]}}],"collection":[{"href":"https:\/\/bynature.vn\/vi\/wp-json\/wp\/v2\/product"}],"about":[{"href":"https:\/\/bynature.vn\/vi\/wp-json\/wp\/v2\/types\/product"}],"wp:featuredmedia":[{"embeddable":true,"href":"https:\/\/bynature.vn\/vi\/wp-json\/wp\/v2\/media\/3154"}],"wp:attachment":[{"href":"https:\/\/bynature.vn\/vi\/wp-json\/wp\/v2\/media?parent=2491"}],"wp:term":[{"taxonomy":"pwb-brand","embeddable":true,"href":"https:\/\/bynature.vn\/vi\/wp-json\/wp\/v2\/pwb-brand?post=2491"},{"taxonomy":"product_cat","embeddable":true,"href":"https:\/\/bynature.vn\/vi\/wp-json\/wp\/v2\/product_cat?post=2491"},{"taxonomy":"product_tag","embeddable":true,"href":"https:\/\/bynature.vn\/vi\/wp-json\/wp\/v2\/product_tag?post=2491"}],"curies":[{"name":"wp","href":"https:\/\/api.w.org\/{rel}","templated":true}]}}