{"id":2490,"date":"2023-11-14T12:47:22","date_gmt":"2023-11-14T05:47:22","guid":{"rendered":"https:\/\/bynature.vn\/product\/250g-pho-mai-ricotta\/"},"modified":"2026-02-10T10:37:08","modified_gmt":"2026-02-10T03:37:08","slug":"250g-pho-mai-ricotta","status":"publish","type":"product","link":"https:\/\/bynature.vn\/vi\/product\/250g-pho-mai-ricotta\/","title":{"rendered":"200g Ph\u00f4 Mai Ricotta T\u01b0\u01a1i"},"content":{"rendered":"<h6 style=\"text-align: justify;\">Ph\u00f4 mai Ricotta t\u01b0\u01a1i<\/h6>\n<p style=\"text-align: justify;\">Ricotta l\u00e0 m\u1ed9t lo\u1ea1i ph\u00f4 mai t\u01b0\u01a1i c\u1ee7a \u00dd. N\u00f3 \u0111\u01b0\u1ee3c l\u00e0m b\u1eb1ng c\u00e1ch \u0111un s\u00f4i v\u00e1ng s\u1eefa, ch\u1ea5t l\u1ecfng c\u00f2n l\u1ea1i sau khi l\u00e0m ph\u00f4 mai. V\u00ec v\u1eady, n\u00f3 c\u00f3 nhi\u1ec1u protein v\u00e0 c\u00e1c ch\u1ea5t dinh d\u01b0\u1ee1ng kh\u00e1c. Ricotta c\u00f3 v\u1ecb s\u1eefa t\u01b0\u01a1i n\u00ean r\u1ea5t h\u1ee3p v\u1edbi salad v\u00e0 m\u00ec \u1ed1ng.   <\/p>\n<p style=\"text-align: justify;\">H\u1ea1n s\u1eed d\u1ee5ng: 7 ng\u00e0y k\u1ec3 t\u1eeb ng\u00e0y s\u1ea3n xu\u1ea5t<\/p>\n<p style=\"text-align: justify;\">T\u00ecm hi\u1ec3u th\u00eam:<span style=\"text-decoration: underline; color: #008000;\"> <a style=\"color: #008000; text-decoration: underline;\" href=\"https:\/\/bynature.vn\/cheese-from-farm-to-table\/\">Cheese from farm to table<\/a><\/span><\/p>\n","protected":false},"excerpt":{"rendered":"<p>Ph\u00f4 mai Ricotta t\u01b0\u01a1i Ricotta l\u00e0 m\u1ed9t lo\u1ea1i ph\u00f4 mai t\u01b0\u01a1i c\u1ee7a \u00dd. N\u00f3 \u0111\u01b0\u1ee3c l\u00e0m b\u1eb1ng c\u00e1ch \u0111un s\u00f4i v\u00e1ng s\u1eefa, ch\u1ea5t l\u1ecfng c\u00f2n l\u1ea1i sau khi l\u00e0m ph\u00f4 mai. V\u00ec v\u1eady, n\u00f3 c\u00f3 nhi\u1ec1u protein v\u00e0 c\u00e1c ch\u1ea5t dinh d\u01b0\u1ee1ng kh\u00e1c. Ricotta c\u00f3 v\u1ecb s\u1eefa t\u01b0\u01a1i n\u00ean r\u1ea5t h\u1ee3p v\u1edbi salad v\u00e0 m\u00ec &hellip; <\/p>\n<p class=\"link-more\"><a href=\"https:\/\/bynature.vn\/vi\/product\/250g-pho-mai-ricotta\/\" class=\"more-link\">Continue reading<span class=\"screen-reader-text\"> &#8220;200g Ph\u00f4 Mai Ricotta T\u01b0\u01a1i&#8221;<\/span><\/a><\/p>\n","protected":false},"featured_media":3152,"template":"","meta":[],"pwb-brand":[],"product_cat":[222],"product_tag":[],"class_list":{"0":"post-2490","1":"product","2":"type-product","3":"status-publish","4":"has-post-thumbnail","6":"product_cat-pho-mai","8":"first","9":"instock","10":"purchasable","11":"product-type-simple"},"acf":[],"brands":[],"_links":{"self":[{"href":"https:\/\/bynature.vn\/vi\/wp-json\/wp\/v2\/product\/2490","targetHints":{"allow":["GET"]}}],"collection":[{"href":"https:\/\/bynature.vn\/vi\/wp-json\/wp\/v2\/product"}],"about":[{"href":"https:\/\/bynature.vn\/vi\/wp-json\/wp\/v2\/types\/product"}],"wp:featuredmedia":[{"embeddable":true,"href":"https:\/\/bynature.vn\/vi\/wp-json\/wp\/v2\/media\/3152"}],"wp:attachment":[{"href":"https:\/\/bynature.vn\/vi\/wp-json\/wp\/v2\/media?parent=2490"}],"wp:term":[{"taxonomy":"pwb-brand","embeddable":true,"href":"https:\/\/bynature.vn\/vi\/wp-json\/wp\/v2\/pwb-brand?post=2490"},{"taxonomy":"product_cat","embeddable":true,"href":"https:\/\/bynature.vn\/vi\/wp-json\/wp\/v2\/product_cat?post=2490"},{"taxonomy":"product_tag","embeddable":true,"href":"https:\/\/bynature.vn\/vi\/wp-json\/wp\/v2\/product_tag?post=2490"}],"curies":[{"name":"wp","href":"https:\/\/api.w.org\/{rel}","templated":true}]}}