{"id":2489,"date":"2023-11-14T12:47:22","date_gmt":"2023-11-14T05:47:22","guid":{"rendered":"https:\/\/bynature.vn\/product\/250g-pho-mai-bocconcini-tuoi\/"},"modified":"2026-02-10T10:40:23","modified_gmt":"2026-02-10T03:40:23","slug":"250g-pho-mai-bocconcini-tuoi","status":"publish","type":"product","link":"https:\/\/bynature.vn\/vi\/product\/250g-pho-mai-bocconcini-tuoi\/","title":{"rendered":"150g Ph\u00f4 Mai Bocconcini T\u01b0\u01a1i"},"content":{"rendered":"<h6 style=\"text-align: justify;\">Ph\u00f4 mai bocconcini t\u01b0\u01a1i<\/h6>\n<p style=\"text-align: justify;\">Bocconcini c\u00f3 ngh\u0129a l\u00e0 &#8220;mi\u1ebfng c\u1eafn nh\u1ecf&#8221; trong ti\u1ebfng \u00dd, l\u00e0 m\u1ed9t lo\u1ea1i ph\u00f4 mai Mozzarella t\u01b0\u01a1i c\u00f3 k\u00edch th\u01b0\u1edbc b\u1eb1ng qu\u1ea3 tr\u1ee9ng. V\u1edbi k\u1ebft c\u1ea5u x\u1ed1p v\u00e0 v\u1ecb t\u01b0\u01a1i m\u00e1t, Bocconcini r\u1ea5t ph\u00f9 h\u1ee3p v\u1edbi c\u00e1c m\u00f3n Prociustto ho\u1eb7c Salad d\u00f9ng h\u00fang qu\u1ebf v\u00e0 d\u1ea7u \u00f4 liu. <\/p>\n<p style=\"text-align: justify;\">H\u1ea1n s\u1eed d\u1ee5ng: 7 ng\u00e0y k\u1ec3 t\u1eeb ng\u00e0y s\u1ea3n xu\u1ea5t<\/p>\n<p style=\"text-align: justify;\">T\u00ecm hi\u1ec3u th\u00eam:<span style=\"text-decoration: underline; color: #008000;\"> <a style=\"color: #008000; text-decoration: underline;\" href=\"https:\/\/bynature.vn\/cheese-from-farm-to-table\/\">Cheese from farm to table<\/a><\/span><\/p>\n","protected":false},"excerpt":{"rendered":"<p>Ph\u00f4 mai bocconcini t\u01b0\u01a1i Bocconcini c\u00f3 ngh\u0129a l\u00e0 &#8220;mi\u1ebfng c\u1eafn nh\u1ecf&#8221; trong ti\u1ebfng \u00dd, l\u00e0 m\u1ed9t lo\u1ea1i ph\u00f4 mai Mozzarella t\u01b0\u01a1i c\u00f3 k\u00edch th\u01b0\u1edbc b\u1eb1ng qu\u1ea3 tr\u1ee9ng. V\u1edbi k\u1ebft c\u1ea5u x\u1ed1p v\u00e0 v\u1ecb t\u01b0\u01a1i m\u00e1t, Bocconcini r\u1ea5t ph\u00f9 h\u1ee3p v\u1edbi c\u00e1c m\u00f3n Prociustto ho\u1eb7c Salad d\u00f9ng h\u00fang qu\u1ebf v\u00e0 d\u1ea7u \u00f4 liu. H\u1ea1n s\u1eed d\u1ee5ng: &hellip; <\/p>\n<p class=\"link-more\"><a href=\"https:\/\/bynature.vn\/vi\/product\/250g-pho-mai-bocconcini-tuoi\/\" class=\"more-link\">Continue reading<span class=\"screen-reader-text\"> &#8220;150g Ph\u00f4 Mai Bocconcini T\u01b0\u01a1i&#8221;<\/span><\/a><\/p>\n","protected":false},"featured_media":3150,"template":"","meta":[],"pwb-brand":[],"product_cat":[222],"product_tag":[],"class_list":{"0":"post-2489","1":"product","2":"type-product","3":"status-publish","4":"has-post-thumbnail","6":"product_cat-pho-mai","8":"first","9":"instock","10":"purchasable","11":"product-type-simple"},"acf":[],"brands":[],"_links":{"self":[{"href":"https:\/\/bynature.vn\/vi\/wp-json\/wp\/v2\/product\/2489","targetHints":{"allow":["GET"]}}],"collection":[{"href":"https:\/\/bynature.vn\/vi\/wp-json\/wp\/v2\/product"}],"about":[{"href":"https:\/\/bynature.vn\/vi\/wp-json\/wp\/v2\/types\/product"}],"wp:featuredmedia":[{"embeddable":true,"href":"https:\/\/bynature.vn\/vi\/wp-json\/wp\/v2\/media\/3150"}],"wp:attachment":[{"href":"https:\/\/bynature.vn\/vi\/wp-json\/wp\/v2\/media?parent=2489"}],"wp:term":[{"taxonomy":"pwb-brand","embeddable":true,"href":"https:\/\/bynature.vn\/vi\/wp-json\/wp\/v2\/pwb-brand?post=2489"},{"taxonomy":"product_cat","embeddable":true,"href":"https:\/\/bynature.vn\/vi\/wp-json\/wp\/v2\/product_cat?post=2489"},{"taxonomy":"product_tag","embeddable":true,"href":"https:\/\/bynature.vn\/vi\/wp-json\/wp\/v2\/product_tag?post=2489"}],"curies":[{"name":"wp","href":"https:\/\/api.w.org\/{rel}","templated":true}]}}