{"id":2487,"date":"2023-11-14T12:47:22","date_gmt":"2023-11-14T05:47:22","guid":{"rendered":"https:\/\/bynature.vn\/product\/75g-pho-mai-tuoi-burrata-4ps\/"},"modified":"2026-02-10T10:33:57","modified_gmt":"2026-02-10T03:33:57","slug":"75g-pho-mai-tuoi-burrata-4ps","status":"publish","type":"product","link":"https:\/\/bynature.vn\/vi\/product\/75g-pho-mai-tuoi-burrata-4ps\/","title":{"rendered":"75g Ph\u00f4 Mai Burrata T\u01b0\u01a1i"},"content":{"rendered":"<h6 style=\"text-align: justify;\">Ph\u00f4 Mai Burrata T\u01b0\u01a1i<\/h6>\n<p style=\"text-align: justify;\">Burrata l\u00e0 m\u1ed9t trong nh\u1eefng lo\u1ea1i ph\u00f4 mai \u0111\u1eb7c tr\u01b0ng t\u1ea1i Pizza 4P&#8217;s. L\u1edbp v\u1ecf m\u1ecfng b\u00ean ngo\u00e0i l\u00e0 ph\u00f4 mai mozzarella \u0111\u00f4ng l\u1ea1nh c\u00f2n b\u00ean trong l\u00e0 h\u1ed7n h\u1ee3p s\u1eefa \u0111\u00f4ng v\u00e0 kem t\u01b0\u01a1i. V\u00ec Burrata c\u00f3 ngh\u0129a l\u00e0 &#8220;b\u01a1&#8221; trong ti\u1ebfng \u00dd n\u00ean n\u00f3 c\u00f3 h\u01b0\u01a1ng v\u1ecb nh\u1eb9 v\u00e0 b\u00e9o ng\u1eady.  <\/p>\n<p style=\"text-align: justify;\">H\u1ea1n s\u1eed d\u1ee5ng: 5 ng\u00e0y k\u1ec3 t\u1eeb ng\u00e0y s\u1ea3n xu\u1ea5t<\/p>\n<p style=\"text-align: justify;\">T\u00ecm hi\u1ec3u th\u00eam:<span style=\"text-decoration: underline; color: #008000;\"> <a style=\"color: #008000; text-decoration: underline;\" href=\"https:\/\/bynature.vn\/cheese-from-farm-to-table\/\">Cheese from farm to table<\/a><\/span><\/p>\n","protected":false},"excerpt":{"rendered":"<p>Ph\u00f4 Mai Burrata T\u01b0\u01a1i Burrata l\u00e0 m\u1ed9t trong nh\u1eefng lo\u1ea1i ph\u00f4 mai \u0111\u1eb7c tr\u01b0ng t\u1ea1i Pizza 4P&#8217;s. L\u1edbp v\u1ecf m\u1ecfng b\u00ean ngo\u00e0i l\u00e0 ph\u00f4 mai mozzarella \u0111\u00f4ng l\u1ea1nh c\u00f2n b\u00ean trong l\u00e0 h\u1ed7n h\u1ee3p s\u1eefa \u0111\u00f4ng v\u00e0 kem t\u01b0\u01a1i. V\u00ec Burrata c\u00f3 ngh\u0129a l\u00e0 &#8220;b\u01a1&#8221; trong ti\u1ebfng \u00dd n\u00ean n\u00f3 c\u00f3 h\u01b0\u01a1ng v\u1ecb nh\u1eb9 v\u00e0 &hellip; <\/p>\n<p class=\"link-more\"><a href=\"https:\/\/bynature.vn\/vi\/product\/75g-pho-mai-tuoi-burrata-4ps\/\" class=\"more-link\">Continue reading<span class=\"screen-reader-text\"> &#8220;75g Ph\u00f4 Mai Burrata T\u01b0\u01a1i&#8221;<\/span><\/a><\/p>\n","protected":false},"featured_media":3388,"template":"","meta":[],"pwb-brand":[],"product_cat":[222],"product_tag":[],"class_list":{"0":"post-2487","1":"product","2":"type-product","3":"status-publish","4":"has-post-thumbnail","6":"product_cat-pho-mai","8":"first","9":"instock","10":"purchasable","11":"product-type-simple"},"acf":[],"brands":[],"_links":{"self":[{"href":"https:\/\/bynature.vn\/vi\/wp-json\/wp\/v2\/product\/2487","targetHints":{"allow":["GET"]}}],"collection":[{"href":"https:\/\/bynature.vn\/vi\/wp-json\/wp\/v2\/product"}],"about":[{"href":"https:\/\/bynature.vn\/vi\/wp-json\/wp\/v2\/types\/product"}],"wp:featuredmedia":[{"embeddable":true,"href":"https:\/\/bynature.vn\/vi\/wp-json\/wp\/v2\/media\/3388"}],"wp:attachment":[{"href":"https:\/\/bynature.vn\/vi\/wp-json\/wp\/v2\/media?parent=2487"}],"wp:term":[{"taxonomy":"pwb-brand","embeddable":true,"href":"https:\/\/bynature.vn\/vi\/wp-json\/wp\/v2\/pwb-brand?post=2487"},{"taxonomy":"product_cat","embeddable":true,"href":"https:\/\/bynature.vn\/vi\/wp-json\/wp\/v2\/product_cat?post=2487"},{"taxonomy":"product_tag","embeddable":true,"href":"https:\/\/bynature.vn\/vi\/wp-json\/wp\/v2\/product_tag?post=2487"}],"curies":[{"name":"wp","href":"https:\/\/api.w.org\/{rel}","templated":true}]}}