{"id":2485,"date":"2023-11-14T12:47:22","date_gmt":"2023-11-14T05:47:22","guid":{"rendered":"https:\/\/bynature.vn\/product\/250g-pho-mai-camembert-4ps\/"},"modified":"2026-02-09T23:30:18","modified_gmt":"2026-02-09T16:30:18","slug":"250g-pho-mai-camembert-4ps","status":"publish","type":"product","link":"https:\/\/bynature.vn\/vi\/product\/250g-pho-mai-camembert-4ps\/","title":{"rendered":"250g Ph\u00f4 Mai Camembert"},"content":{"rendered":"<h6>Ph\u00f4 Mai Camembert<\/h6>\n<p>\u0110\u01b0\u1ee3c m\u1ec7nh danh l\u00e0 &#8220;N\u1eef ho\u00e0ng ph\u00f4 mai&#8221;, n\u00f3 c\u00f3 k\u1ebft c\u1ea5u m\u1ec1m m\u1ea1i v\u00e0 h\u01b0\u01a1ng v\u1ecb \u0111\u1eadm \u0111\u00e0, nh\u1eb9 nh\u00e0ng v\u00e0 b\u00e9o ng\u1eady. <\/p>\n<p>H\u1ea1n s\u1eed d\u1ee5ng: 45 ng\u00e0y k\u1ec3 t\u1eeb ng\u00e0y s\u1ea3n xu\u1ea5t<\/p>\n<p>T\u00ecm hi\u1ec3u th\u00eam:<span style=\"text-decoration: underline; color: #008000;\"> <a style=\"color: #008000; text-decoration: underline;\" href=\"https:\/\/bynature.vn\/cheese-from-farm-to-table\/\">Cheese from farm to table<\/a><\/span><\/p>\n","protected":false},"excerpt":{"rendered":"<p>Ph\u00f4 Mai Camembert \u0110\u01b0\u1ee3c m\u1ec7nh danh l\u00e0 &#8220;N\u1eef ho\u00e0ng ph\u00f4 mai&#8221;, n\u00f3 c\u00f3 k\u1ebft c\u1ea5u m\u1ec1m m\u1ea1i v\u00e0 h\u01b0\u01a1ng v\u1ecb \u0111\u1eadm \u0111\u00e0, nh\u1eb9 nh\u00e0ng v\u00e0 b\u00e9o ng\u1eady. H\u1ea1n s\u1eed d\u1ee5ng: 45 ng\u00e0y k\u1ec3 t\u1eeb ng\u00e0y s\u1ea3n xu\u1ea5t T\u00ecm hi\u1ec3u th\u00eam: Cheese from farm to table<\/p>\n","protected":false},"featured_media":3386,"template":"","meta":[],"pwb-brand":[],"product_cat":[222,418],"product_tag":[],"class_list":{"0":"post-2485","1":"product","2":"type-product","3":"status-publish","4":"has-post-thumbnail","6":"product_cat-pho-mai","7":"product_cat-san-pham-noi-bat","9":"first","10":"instock","11":"purchasable","12":"product-type-simple"},"acf":[],"brands":[],"_links":{"self":[{"href":"https:\/\/bynature.vn\/vi\/wp-json\/wp\/v2\/product\/2485","targetHints":{"allow":["GET"]}}],"collection":[{"href":"https:\/\/bynature.vn\/vi\/wp-json\/wp\/v2\/product"}],"about":[{"href":"https:\/\/bynature.vn\/vi\/wp-json\/wp\/v2\/types\/product"}],"wp:featuredmedia":[{"embeddable":true,"href":"https:\/\/bynature.vn\/vi\/wp-json\/wp\/v2\/media\/3386"}],"wp:attachment":[{"href":"https:\/\/bynature.vn\/vi\/wp-json\/wp\/v2\/media?parent=2485"}],"wp:term":[{"taxonomy":"pwb-brand","embeddable":true,"href":"https:\/\/bynature.vn\/vi\/wp-json\/wp\/v2\/pwb-brand?post=2485"},{"taxonomy":"product_cat","embeddable":true,"href":"https:\/\/bynature.vn\/vi\/wp-json\/wp\/v2\/product_cat?post=2485"},{"taxonomy":"product_tag","embeddable":true,"href":"https:\/\/bynature.vn\/vi\/wp-json\/wp\/v2\/product_tag?post=2485"}],"curies":[{"name":"wp","href":"https:\/\/api.w.org\/{rel}","templated":true}]}}