{"id":2483,"date":"2023-11-14T12:47:22","date_gmt":"2023-11-14T05:47:22","guid":{"rendered":"https:\/\/bynature.vn\/product\/125g-pho-mai-tuoi-mozzarella-4ps\/"},"modified":"2026-02-09T23:25:19","modified_gmt":"2026-02-09T16:25:19","slug":"125g-pho-mai-tuoi-mozzarella-4ps","status":"publish","type":"product","link":"https:\/\/bynature.vn\/vi\/product\/125g-pho-mai-tuoi-mozzarella-4ps\/","title":{"rendered":"125g Ph\u00f4 Mai Mozzarella T\u01b0\u01a1i"},"content":{"rendered":"<h6 style=\"text-align: justify;\">Ph\u00f4 Mai Mozzarella t\u01b0\u01a1i<\/h6>\n<p style=\"text-align: justify;\">N\u00f3 c\u00f3 h\u01b0\u01a1ng v\u1ecb s\u1eefa t\u01b0\u01a1i v\u00e0 k\u1ebft c\u1ea5u x\u1ed1p \u0111\u1ed9c \u0111\u00e1o ph\u00f9 h\u1ee3p ho\u00e0n h\u1ea3o v\u1edbi pizza v\u00e0 m\u00ec \u1ed1ng.<\/p>\n<p style=\"text-align: justify;\">H\u1ea1n s\u1eed d\u1ee5ng: 7 ng\u00e0y k\u1ec3 t\u1eeb ng\u00e0y s\u1ea3n xu\u1ea5t<\/p>\n<p style=\"text-align: justify;\">T\u00ecm hi\u1ec3u th\u00eam:<span style=\"text-decoration: underline; color: #008000;\"> <a style=\"color: #008000; text-decoration: underline;\" href=\"https:\/\/bynature.vn\/cheese-from-farm-to-table\/\">Cheese from farm to table<\/a><\/span><\/p>\n","protected":false},"excerpt":{"rendered":"<p>Ph\u00f4 Mai Mozzarella t\u01b0\u01a1i N\u00f3 c\u00f3 h\u01b0\u01a1ng v\u1ecb s\u1eefa t\u01b0\u01a1i v\u00e0 k\u1ebft c\u1ea5u x\u1ed1p \u0111\u1ed9c \u0111\u00e1o ph\u00f9 h\u1ee3p ho\u00e0n h\u1ea3o v\u1edbi pizza v\u00e0 m\u00ec \u1ed1ng. H\u1ea1n s\u1eed d\u1ee5ng: 7 ng\u00e0y k\u1ec3 t\u1eeb ng\u00e0y s\u1ea3n xu\u1ea5t T\u00ecm hi\u1ec3u th\u00eam: Cheese from farm to table<\/p>\n","protected":false},"featured_media":3382,"template":"","meta":[],"pwb-brand":[],"product_cat":[222],"product_tag":[],"class_list":{"0":"post-2483","1":"product","2":"type-product","3":"status-publish","4":"has-post-thumbnail","6":"product_cat-pho-mai","8":"first","9":"instock","10":"purchasable","11":"product-type-simple"},"acf":[],"brands":[],"_links":{"self":[{"href":"https:\/\/bynature.vn\/vi\/wp-json\/wp\/v2\/product\/2483","targetHints":{"allow":["GET"]}}],"collection":[{"href":"https:\/\/bynature.vn\/vi\/wp-json\/wp\/v2\/product"}],"about":[{"href":"https:\/\/bynature.vn\/vi\/wp-json\/wp\/v2\/types\/product"}],"wp:featuredmedia":[{"embeddable":true,"href":"https:\/\/bynature.vn\/vi\/wp-json\/wp\/v2\/media\/3382"}],"wp:attachment":[{"href":"https:\/\/bynature.vn\/vi\/wp-json\/wp\/v2\/media?parent=2483"}],"wp:term":[{"taxonomy":"pwb-brand","embeddable":true,"href":"https:\/\/bynature.vn\/vi\/wp-json\/wp\/v2\/pwb-brand?post=2483"},{"taxonomy":"product_cat","embeddable":true,"href":"https:\/\/bynature.vn\/vi\/wp-json\/wp\/v2\/product_cat?post=2483"},{"taxonomy":"product_tag","embeddable":true,"href":"https:\/\/bynature.vn\/vi\/wp-json\/wp\/v2\/product_tag?post=2483"}],"curies":[{"name":"wp","href":"https:\/\/api.w.org\/{rel}","templated":true}]}}