{"id":2481,"date":"2023-11-14T12:47:22","date_gmt":"2023-11-14T05:47:22","guid":{"rendered":"https:\/\/bynature.vn\/product\/500g-khoai-tay-hong\/"},"modified":"2026-02-09T23:22:08","modified_gmt":"2026-02-09T16:22:08","slug":"500g-khoai-tay-hong","status":"publish","type":"product","link":"https:\/\/bynature.vn\/vi\/product\/500g-khoai-tay-hong\/","title":{"rendered":"500g Khoai T\u00e2y \u0110\u1ecf"},"content":{"rendered":"<h6 style=\"text-align: justify;\">Khoai t\u00e2y \u0111\u1ecf ho\u00e0n to\u00e0n t\u1ef1 nhi\u00ean<\/h6>\n<ul>\n<li style=\"text-align: justify;\">Khoai t\u00e2y m\u00f9a h\u00e8 m\u1edbi ch\u1ee9a \u0111\u1ea7y ch\u1ea5t dinh d\u01b0\u1ee1ng c\u1ee7a ch\u00fang t\u00f4i ch\u1ee9a nhi\u1ec1u ch\u1ea5t x\u01a1, vitamin B, s\u1eaft v\u00e0 kali. H\u00e3y th\u01b0\u1edfng th\u1ee9c k\u1ebft c\u1ea5u \u0111\u1eadm \u0111\u1eb7c c\u1ee7a ch\u00fang v\u00e0 h\u01b0\u01a1ng v\u1ecb nh\u1eb9, b\u01a1 v\u00e0 \u0111\u1ea5t. <\/li>\n<li>\n<p style=\"text-align: justify;\">T\u00ecm hi\u1ec3u th\u00eam: <a style=\"color: #008000; text-decoration: underline;\" href=\"https:\/\/bynature.vn\/is-all-natural-organic-vegetables-worth-the-money\/\"><span style=\"text-decoration: underline; color: #008000;\">Is all-natural &amp; organic vegetables worth the money?<\/span><\/a><\/p>\n<\/li>\n<\/ul>\n","protected":false},"excerpt":{"rendered":"<p>Khoai t\u00e2y \u0111\u1ecf ho\u00e0n to\u00e0n t\u1ef1 nhi\u00ean Khoai t\u00e2y m\u00f9a h\u00e8 m\u1edbi ch\u1ee9a \u0111\u1ea7y ch\u1ea5t dinh d\u01b0\u1ee1ng c\u1ee7a ch\u00fang t\u00f4i ch\u1ee9a nhi\u1ec1u ch\u1ea5t x\u01a1, vitamin B, s\u1eaft v\u00e0 kali. H\u00e3y th\u01b0\u1edfng th\u1ee9c k\u1ebft c\u1ea5u \u0111\u1eadm \u0111\u1eb7c c\u1ee7a ch\u00fang v\u00e0 h\u01b0\u01a1ng v\u1ecb nh\u1eb9, b\u01a1 v\u00e0 \u0111\u1ea5t. T\u00ecm hi\u1ec3u th\u00eam: Is all-natural &amp; organic vegetables worth the &hellip; <\/p>\n<p class=\"link-more\"><a href=\"https:\/\/bynature.vn\/vi\/product\/500g-khoai-tay-hong\/\" class=\"more-link\">Continue reading<span class=\"screen-reader-text\"> &#8220;500g Khoai T\u00e2y \u0110\u1ecf&#8221;<\/span><\/a><\/p>\n","protected":false},"featured_media":3146,"template":"","meta":[],"pwb-brand":[],"product_cat":[380],"product_tag":[],"class_list":{"0":"post-2481","1":"product","2":"type-product","3":"status-publish","4":"has-post-thumbnail","6":"product_cat-cac-loai-khoai","8":"first","9":"outofstock","10":"purchasable","11":"product-type-simple"},"acf":[],"brands":[],"_links":{"self":[{"href":"https:\/\/bynature.vn\/vi\/wp-json\/wp\/v2\/product\/2481","targetHints":{"allow":["GET"]}}],"collection":[{"href":"https:\/\/bynature.vn\/vi\/wp-json\/wp\/v2\/product"}],"about":[{"href":"https:\/\/bynature.vn\/vi\/wp-json\/wp\/v2\/types\/product"}],"wp:featuredmedia":[{"embeddable":true,"href":"https:\/\/bynature.vn\/vi\/wp-json\/wp\/v2\/media\/3146"}],"wp:attachment":[{"href":"https:\/\/bynature.vn\/vi\/wp-json\/wp\/v2\/media?parent=2481"}],"wp:term":[{"taxonomy":"pwb-brand","embeddable":true,"href":"https:\/\/bynature.vn\/vi\/wp-json\/wp\/v2\/pwb-brand?post=2481"},{"taxonomy":"product_cat","embeddable":true,"href":"https:\/\/bynature.vn\/vi\/wp-json\/wp\/v2\/product_cat?post=2481"},{"taxonomy":"product_tag","embeddable":true,"href":"https:\/\/bynature.vn\/vi\/wp-json\/wp\/v2\/product_tag?post=2481"}],"curies":[{"name":"wp","href":"https:\/\/api.w.org\/{rel}","templated":true}]}}