{"id":2479,"date":"2023-11-14T12:47:22","date_gmt":"2023-11-14T05:47:22","guid":{"rendered":"https:\/\/bynature.vn\/product\/bi-hat-dau\/"},"modified":"2026-02-09T23:18:59","modified_gmt":"2026-02-09T16:18:59","slug":"bi-hat-dau","status":"publish","type":"product","link":"https:\/\/bynature.vn\/vi\/product\/bi-hat-dau\/","title":{"rendered":"B\u00ed Ngh\u1ec7 gi\u00e1 theo kg"},"content":{"rendered":"<h6 style=\"text-align: justify;\">B\u00ed ngh\u1ec7 ho\u00e0n to\u00e0n t\u1ef1 nhi\u00ean<\/h6>\n<ul>\n<li style=\"text-align: justify;\">N\u00f3 kh\u00f4ng ch\u1ec9 ngon m\u00e0 c\u00f2n l\u00e0 ngu\u1ed3n cung c\u1ea5p vitamin A carotenoid, vitamin C, vitamin B, kali, magi\u00ea v\u00e0 mangan tuy\u1ec7t v\u1eddi.<\/li>\n<li>\n<p style=\"text-align: justify;\">T\u00ecm hi\u1ec3u th\u00eam: <span style=\"text-decoration: underline;\"><span style=\"color: #008000; text-decoration: underline;\"><a style=\"color: #008000; text-decoration: underline;\" href=\"https:\/\/bynature.vn\/is-all-natural-organic-vegetables-worth-the-money\/\">Is all-natural &amp; organic vegetables worth the money?<\/a><\/span><\/span><\/p>\n<\/li>\n<\/ul>\n","protected":false},"excerpt":{"rendered":"<p>B\u00ed ngh\u1ec7 ho\u00e0n to\u00e0n t\u1ef1 nhi\u00ean N\u00f3 kh\u00f4ng ch\u1ec9 ngon m\u00e0 c\u00f2n l\u00e0 ngu\u1ed3n cung c\u1ea5p vitamin A carotenoid, vitamin C, vitamin B, kali, magi\u00ea v\u00e0 mangan tuy\u1ec7t v\u1eddi. T\u00ecm hi\u1ec3u th\u00eam: Is all-natural &amp; organic vegetables worth the money?<\/p>\n","protected":false},"featured_media":3407,"template":"","meta":[],"pwb-brand":[],"product_cat":[390],"product_tag":[],"class_list":{"0":"post-2479","1":"product","2":"type-product","3":"status-publish","4":"has-post-thumbnail","6":"product_cat-bi-do","8":"first","9":"instock","10":"purchasable","11":"product-type-simple"},"acf":[],"brands":[],"_links":{"self":[{"href":"https:\/\/bynature.vn\/vi\/wp-json\/wp\/v2\/product\/2479","targetHints":{"allow":["GET"]}}],"collection":[{"href":"https:\/\/bynature.vn\/vi\/wp-json\/wp\/v2\/product"}],"about":[{"href":"https:\/\/bynature.vn\/vi\/wp-json\/wp\/v2\/types\/product"}],"wp:featuredmedia":[{"embeddable":true,"href":"https:\/\/bynature.vn\/vi\/wp-json\/wp\/v2\/media\/3407"}],"wp:attachment":[{"href":"https:\/\/bynature.vn\/vi\/wp-json\/wp\/v2\/media?parent=2479"}],"wp:term":[{"taxonomy":"pwb-brand","embeddable":true,"href":"https:\/\/bynature.vn\/vi\/wp-json\/wp\/v2\/pwb-brand?post=2479"},{"taxonomy":"product_cat","embeddable":true,"href":"https:\/\/bynature.vn\/vi\/wp-json\/wp\/v2\/product_cat?post=2479"},{"taxonomy":"product_tag","embeddable":true,"href":"https:\/\/bynature.vn\/vi\/wp-json\/wp\/v2\/product_tag?post=2479"}],"curies":[{"name":"wp","href":"https:\/\/api.w.org\/{rel}","templated":true}]}}