{"id":2478,"date":"2023-11-14T12:47:18","date_gmt":"2023-11-14T05:47:18","guid":{"rendered":"https:\/\/bynature.vn\/product\/200g-sa-cay\/"},"modified":"2024-03-26T16:32:07","modified_gmt":"2024-03-26T09:32:07","slug":"200g-sa-cay","status":"publish","type":"product","link":"https:\/\/bynature.vn\/vi\/product\/200g-sa-cay\/","title":{"rendered":"200g S\u1ea3 C\u00e2y"},"content":{"rendered":"<h6 style=\"text-align: justify;\">S\u1ea3 c\u00e2y<\/h6>\n<ul>\n<li style=\"text-align: justify;\">S\u1ea3 l\u00e0 lo\u1ea1i gia v\u1ecb quen thu\u1ed9c trong c\u00e1c m\u00f3n \u0103n Vi\u1ec7t Nam. Ch\u00fang r\u1ea5t gi\u00e0u vitamin A, B, B9 v\u00e0 C.<\/li>\n<li style=\"text-align: justify;\">S\u1ea3 c\u00e2y ByNature \u0111\u01b0\u1ee3c tr\u1ed3ng v\u00e0 thu ho\u1ea1ch theo h\u01b0\u1edbng thu\u1eadn t\u1ef1 nhi\u00ean, kh\u00f4ng thu\u1ed1c tr\u1eeb s\u00e2u v\u00e0 h\u00f3a ch\u1ea5t n\u00f4ng nghi\u1ec7p. S\u1ea1ch v\u00e0 an to\u00e0n cho s\u1ee9c kh\u1ecfe, t\u01b0\u01a1i ngon t\u1eeb v\u01b0\u1eddn.<\/li>\n<\/ul>\n<p style=\"text-align: justify;\">\u0110\u1ecdc th\u00eam: <span style=\"text-decoration: underline;\"><span style=\"color: #008000;\"><a style=\"color: #008000; text-decoration: underline;\" href=\"https:\/\/bynature.vn\/vi\/nong-san-thuan-tu-nhien-co-dang-tien\/\">N\u00f4ng s\u1ea3n thu\u1eadn t\u1ef1 nhi\u00ean c\u00f3 \u0111\u00e1ng ti\u1ec1n?<\/a><\/span><\/span><\/p>\n","protected":false},"excerpt":{"rendered":"<p>S\u1ea3 c\u00e2y S\u1ea3 l\u00e0 lo\u1ea1i gia v\u1ecb quen thu\u1ed9c trong c\u00e1c m\u00f3n \u0103n Vi\u1ec7t Nam. Ch\u00fang r\u1ea5t gi\u00e0u vitamin A, B, B9 v\u00e0 C. S\u1ea3 c\u00e2y ByNature \u0111\u01b0\u1ee3c tr\u1ed3ng v\u00e0 thu ho\u1ea1ch theo h\u01b0\u1edbng thu\u1eadn t\u1ef1 nhi\u00ean, kh\u00f4ng thu\u1ed1c tr\u1eeb s\u00e2u v\u00e0 h\u00f3a ch\u1ea5t n\u00f4ng nghi\u1ec7p. S\u1ea1ch v\u00e0 an to\u00e0n cho s\u1ee9c kh\u1ecfe, t\u01b0\u01a1i ngon &hellip; <\/p>\n<p class=\"link-more\"><a href=\"https:\/\/bynature.vn\/vi\/product\/200g-sa-cay\/\" class=\"more-link\">Continue reading<span class=\"screen-reader-text\"> &#8220;200g S\u1ea3 C\u00e2y&#8221;<\/span><\/a><\/p>\n","protected":false},"featured_media":3110,"template":"","meta":[],"pwb-brand":[],"product_cat":[394],"product_tag":[],"class_list":{"0":"post-2478","1":"product","2":"type-product","3":"status-publish","4":"has-post-thumbnail","6":"product_cat-cac-loai-rau-an-than-khac","8":"first","9":"instock","10":"purchasable","11":"product-type-simple"},"acf":[],"brands":[],"_links":{"self":[{"href":"https:\/\/bynature.vn\/vi\/wp-json\/wp\/v2\/product\/2478","targetHints":{"allow":["GET"]}}],"collection":[{"href":"https:\/\/bynature.vn\/vi\/wp-json\/wp\/v2\/product"}],"about":[{"href":"https:\/\/bynature.vn\/vi\/wp-json\/wp\/v2\/types\/product"}],"wp:featuredmedia":[{"embeddable":true,"href":"https:\/\/bynature.vn\/vi\/wp-json\/wp\/v2\/media\/3110"}],"wp:attachment":[{"href":"https:\/\/bynature.vn\/vi\/wp-json\/wp\/v2\/media?parent=2478"}],"wp:term":[{"taxonomy":"pwb-brand","embeddable":true,"href":"https:\/\/bynature.vn\/vi\/wp-json\/wp\/v2\/pwb-brand?post=2478"},{"taxonomy":"product_cat","embeddable":true,"href":"https:\/\/bynature.vn\/vi\/wp-json\/wp\/v2\/product_cat?post=2478"},{"taxonomy":"product_tag","embeddable":true,"href":"https:\/\/bynature.vn\/vi\/wp-json\/wp\/v2\/product_tag?post=2478"}],"curies":[{"name":"wp","href":"https:\/\/api.w.org\/{rel}","templated":true}]}}