{"id":2477,"date":"2023-11-14T12:47:18","date_gmt":"2023-11-14T05:47:18","guid":{"rendered":"https:\/\/bynature.vn\/product\/500g-ca-dia\/"},"modified":"2024-03-26T11:55:05","modified_gmt":"2024-03-26T04:55:05","slug":"500g-ca-dia","status":"publish","type":"product","link":"https:\/\/bynature.vn\/vi\/product\/500g-ca-dia\/","title":{"rendered":"500g C\u00e0 D\u0129a"},"content":{"rendered":"<h6 style=\"text-align: justify;\">C\u00e0 d\u0129a<\/h6>\n<p style=\"text-align: justify;\">C\u00e0 d\u0129a gi\u00f2n gi\u00f2n v\u00e0 c\u00f3 h\u01b0\u01a1ng v\u1ecb nh\u1eb9. C\u00e0 d\u0129a l\u00e0 ngu\u1ed3n cung c\u1ea5p kali, ch\u1ea5t ch\u1ed1ng oxy h\u00f3a, mangan v\u00e0 ch\u1ea5t x\u01a1 tuy\u1ec7t v\u1eddi cho c\u01a1 th\u1ec3.<\/p>\n<p style=\"text-align: justify;\">\u0110\u1ecdc th\u00eam: <span style=\"text-decoration: underline; color: #008000;\"><a style=\"color: #008000; text-decoration: underline;\" href=\"https:\/\/bynature.vn\/vi\/nong-nghiep-luoi\/\">N\u00f4ng nghi\u1ec7p l\u01b0\u1eddi?<\/a><\/span><\/p>\n","protected":false},"excerpt":{"rendered":"<p>C\u00e0 d\u0129a C\u00e0 d\u0129a gi\u00f2n gi\u00f2n v\u00e0 c\u00f3 h\u01b0\u01a1ng v\u1ecb nh\u1eb9. C\u00e0 d\u0129a l\u00e0 ngu\u1ed3n cung c\u1ea5p kali, ch\u1ea5t ch\u1ed1ng oxy h\u00f3a, mangan v\u00e0 ch\u1ea5t x\u01a1 tuy\u1ec7t v\u1eddi cho c\u01a1 th\u1ec3. \u0110\u1ecdc th\u00eam: N\u00f4ng nghi\u1ec7p l\u01b0\u1eddi?<\/p>\n","protected":false},"featured_media":3108,"template":"","meta":[],"pwb-brand":[],"product_cat":[385],"product_tag":[],"class_list":{"0":"post-2477","1":"product","2":"type-product","3":"status-publish","4":"has-post-thumbnail","6":"product_cat-cac-loai-khac","8":"first","9":"out_of_season","10":"product-type-simple"},"acf":[],"brands":[],"_links":{"self":[{"href":"https:\/\/bynature.vn\/vi\/wp-json\/wp\/v2\/product\/2477","targetHints":{"allow":["GET"]}}],"collection":[{"href":"https:\/\/bynature.vn\/vi\/wp-json\/wp\/v2\/product"}],"about":[{"href":"https:\/\/bynature.vn\/vi\/wp-json\/wp\/v2\/types\/product"}],"wp:featuredmedia":[{"embeddable":true,"href":"https:\/\/bynature.vn\/vi\/wp-json\/wp\/v2\/media\/3108"}],"wp:attachment":[{"href":"https:\/\/bynature.vn\/vi\/wp-json\/wp\/v2\/media?parent=2477"}],"wp:term":[{"taxonomy":"pwb-brand","embeddable":true,"href":"https:\/\/bynature.vn\/vi\/wp-json\/wp\/v2\/pwb-brand?post=2477"},{"taxonomy":"product_cat","embeddable":true,"href":"https:\/\/bynature.vn\/vi\/wp-json\/wp\/v2\/product_cat?post=2477"},{"taxonomy":"product_tag","embeddable":true,"href":"https:\/\/bynature.vn\/vi\/wp-json\/wp\/v2\/product_tag?post=2477"}],"curies":[{"name":"wp","href":"https:\/\/api.w.org\/{rel}","templated":true}]}}