{"id":2474,"date":"2023-11-14T12:47:13","date_gmt":"2023-11-14T05:47:13","guid":{"rendered":"https:\/\/bynature.vn\/product\/200g-ot-sung-xanh\/"},"modified":"2024-03-26T11:31:18","modified_gmt":"2024-03-26T04:31:18","slug":"200g-ot-sung-xanh","status":"publish","type":"product","link":"https:\/\/bynature.vn\/vi\/product\/200g-ot-sung-xanh\/","title":{"rendered":"200g \u1edat S\u1eebng Xanh"},"content":{"rendered":"<h6>\u1edat s\u1eebng xanh<\/h6>\n<ul>\n<li>\u1edat s\u1eebng xanh c\u00f3 v\u1ecb cay v\u1eeba.<\/li>\n<li>R\u1ea5t \u0111\u01b0\u1ee3c \u01b0a chu\u1ed9ng v\u00e0 \u0111\u01b0\u1ee3c d\u00f9ng l\u00e0m gia v\u1ecb cho nhi\u1ec1u m\u00f3n \u0103n.<\/li>\n<\/ul>\n<p>\u0110\u1ecdc th\u00eam: <span style=\"text-decoration: underline; color: #008000;\"><a style=\"color: #008000; text-decoration: underline;\" href=\"https:\/\/bynature.vn\/vi\/nong-nghiep-luoi\/\">N\u00f4ng nghi\u1ec7p l\u01b0\u1eddi?<\/a><\/span><\/p>\n","protected":false},"excerpt":{"rendered":"<p>\u1edat s\u1eebng xanh \u1edat s\u1eebng xanh c\u00f3 v\u1ecb cay v\u1eeba. R\u1ea5t \u0111\u01b0\u1ee3c \u01b0a chu\u1ed9ng v\u00e0 \u0111\u01b0\u1ee3c d\u00f9ng l\u00e0m gia v\u1ecb cho nhi\u1ec1u m\u00f3n \u0103n. \u0110\u1ecdc th\u00eam: N\u00f4ng nghi\u1ec7p l\u01b0\u1eddi?<\/p>\n","protected":false},"featured_media":3104,"template":"","meta":[],"pwb-brand":[],"product_cat":[384],"product_tag":[],"class_list":{"0":"post-2474","1":"product","2":"type-product","3":"status-publish","4":"has-post-thumbnail","6":"product_cat-ot","8":"first","9":"out_of_season","10":"product-type-simple"},"acf":[],"brands":[],"_links":{"self":[{"href":"https:\/\/bynature.vn\/vi\/wp-json\/wp\/v2\/product\/2474","targetHints":{"allow":["GET"]}}],"collection":[{"href":"https:\/\/bynature.vn\/vi\/wp-json\/wp\/v2\/product"}],"about":[{"href":"https:\/\/bynature.vn\/vi\/wp-json\/wp\/v2\/types\/product"}],"wp:featuredmedia":[{"embeddable":true,"href":"https:\/\/bynature.vn\/vi\/wp-json\/wp\/v2\/media\/3104"}],"wp:attachment":[{"href":"https:\/\/bynature.vn\/vi\/wp-json\/wp\/v2\/media?parent=2474"}],"wp:term":[{"taxonomy":"pwb-brand","embeddable":true,"href":"https:\/\/bynature.vn\/vi\/wp-json\/wp\/v2\/pwb-brand?post=2474"},{"taxonomy":"product_cat","embeddable":true,"href":"https:\/\/bynature.vn\/vi\/wp-json\/wp\/v2\/product_cat?post=2474"},{"taxonomy":"product_tag","embeddable":true,"href":"https:\/\/bynature.vn\/vi\/wp-json\/wp\/v2\/product_tag?post=2474"}],"curies":[{"name":"wp","href":"https:\/\/api.w.org\/{rel}","templated":true}]}}