{"id":2473,"date":"2023-11-14T12:47:18","date_gmt":"2023-11-14T05:47:18","guid":{"rendered":"https:\/\/bynature.vn\/product\/200g-nam-huong-nam-dong-co\/"},"modified":"2024-03-26T16:39:04","modified_gmt":"2024-03-26T09:39:04","slug":"200g-nam-huong-nam-dong-co","status":"publish","type":"product","link":"https:\/\/bynature.vn\/vi\/product\/200g-nam-huong-nam-dong-co\/","title":{"rendered":"250g N\u1ea5m H\u01b0\u01a1ng\/ N\u1ea5m \u0110\u00f4ng C\u00f4"},"content":{"rendered":"<h6>N\u1ea5m h\u01b0\u01a1ng<\/h6>\n<ul>\n<li>N\u1ea5m H\u01b0\u01a1ng hay N\u1ea5m \u0110\u00f4ng C\u00f4 l\u00e0 lo\u1ea1i n\u1ea5m c\u00f3 h\u01b0\u01a1ng v\u1ecb th\u01a1m ngon v\u00e0 \u0111\u1eadm \u0111\u00e0.<\/li>\n<li>Th\u1ecbt n\u1ea5m d\u00e0y v\u00e0 \u0111\u01b0\u1ee3c d\u00f9ng r\u1ea5t nhi\u1ec1u trong ch\u1ebf bi\u1ebfn c\u00e1c m\u00f3n \u0103n.<\/li>\n<\/ul>\n<p>\u0110\u1ecdc th\u00eam: <span style=\"text-decoration: underline;\"><span style=\"color: #008000;\"><a style=\"color: #008000; text-decoration: underline;\" href=\"https:\/\/bynature.vn\/vi\/nong-san-thuan-tu-nhien-co-dang-tien\/\">N\u00f4ng s\u1ea3n thu\u1eadn t\u1ef1 nhi\u00ean c\u00f3 \u0111\u00e1ng ti\u1ec1n?<\/a><\/span><\/span><\/p>\n","protected":false},"excerpt":{"rendered":"<p>N\u1ea5m h\u01b0\u01a1ng N\u1ea5m H\u01b0\u01a1ng hay N\u1ea5m \u0110\u00f4ng C\u00f4 l\u00e0 lo\u1ea1i n\u1ea5m c\u00f3 h\u01b0\u01a1ng v\u1ecb th\u01a1m ngon v\u00e0 \u0111\u1eadm \u0111\u00e0. Th\u1ecbt n\u1ea5m d\u00e0y v\u00e0 \u0111\u01b0\u1ee3c d\u00f9ng r\u1ea5t nhi\u1ec1u trong ch\u1ebf bi\u1ebfn c\u00e1c m\u00f3n \u0103n. \u0110\u1ecdc th\u00eam: N\u00f4ng s\u1ea3n thu\u1eadn t\u1ef1 nhi\u00ean c\u00f3 \u0111\u00e1ng ti\u1ec1n?<\/p>\n","protected":false},"featured_media":3399,"template":"","meta":[],"pwb-brand":[],"product_cat":[378],"product_tag":[],"class_list":{"0":"post-2473","1":"product","2":"type-product","3":"status-publish","4":"has-post-thumbnail","6":"product_cat-nam","8":"first","9":"instock","10":"purchasable","11":"product-type-simple"},"acf":[],"brands":[],"_links":{"self":[{"href":"https:\/\/bynature.vn\/vi\/wp-json\/wp\/v2\/product\/2473","targetHints":{"allow":["GET"]}}],"collection":[{"href":"https:\/\/bynature.vn\/vi\/wp-json\/wp\/v2\/product"}],"about":[{"href":"https:\/\/bynature.vn\/vi\/wp-json\/wp\/v2\/types\/product"}],"wp:featuredmedia":[{"embeddable":true,"href":"https:\/\/bynature.vn\/vi\/wp-json\/wp\/v2\/media\/3399"}],"wp:attachment":[{"href":"https:\/\/bynature.vn\/vi\/wp-json\/wp\/v2\/media?parent=2473"}],"wp:term":[{"taxonomy":"pwb-brand","embeddable":true,"href":"https:\/\/bynature.vn\/vi\/wp-json\/wp\/v2\/pwb-brand?post=2473"},{"taxonomy":"product_cat","embeddable":true,"href":"https:\/\/bynature.vn\/vi\/wp-json\/wp\/v2\/product_cat?post=2473"},{"taxonomy":"product_tag","embeddable":true,"href":"https:\/\/bynature.vn\/vi\/wp-json\/wp\/v2\/product_tag?post=2473"}],"curies":[{"name":"wp","href":"https:\/\/api.w.org\/{rel}","templated":true}]}}