{"id":2472,"date":"2023-11-14T12:47:13","date_gmt":"2023-11-14T05:47:13","guid":{"rendered":"https:\/\/bynature.vn\/product\/500g-khoai-lang-nhat\/"},"modified":"2026-02-09T21:24:29","modified_gmt":"2026-02-09T14:24:29","slug":"500g-khoai-lang-nhat","status":"publish","type":"product","link":"https:\/\/bynature.vn\/vi\/product\/500g-khoai-lang-nhat\/","title":{"rendered":"500g Khoai Lang Nh\u1eadt"},"content":{"rendered":"<h6>Khoai lang Nh\u1eadt ho\u00e0n to\u00e0n t\u1ef1 nhi\u00ean<\/h6>\n<ul>\n<li style=\"text-align: justify;\">Nh\u1eefng c\u1ee7 khoai lang n\u00e0y c\u00f3 m\u00e0u nh\u1ea1t h\u01a1n \u1edf b\u00ean trong v\u00e0 c\u00f3 v\u1ecb ng\u1ecdt h\u01a1n nhi\u1ec1u so v\u1edbi c\u00e1c lo\u1ea1i khoai t\u00e2y tr\u1eafng th\u00f4ng th\u01b0\u1eddng. Khi rang ho\u1eb7c n\u01b0\u1edbng, b\u1ea1n s\u1ebd th\u1ea5y b\u00ean ngo\u00e0i tr\u1edf n\u00ean gi\u00f2n v\u00e0 c\u00f3 caramen h\u01a1n.<\/li>\n<li>T\u00ecm hi\u1ec3u th\u00eam: <a style=\"color: #008000; text-decoration: underline;\" href=\"https:\/\/bynature.vn\/is-all-natural-organic-vegetables-worth-the-money\/\"><span style=\"text-decoration: underline; color: #008000;\">Is all-natural &amp; organic vegetables worth the money?<\/span><\/a><\/li>\n<\/ul>\n","protected":false},"excerpt":{"rendered":"<p>Khoai lang Nh\u1eadt ho\u00e0n to\u00e0n t\u1ef1 nhi\u00ean Nh\u1eefng c\u1ee7 khoai lang n\u00e0y c\u00f3 m\u00e0u nh\u1ea1t h\u01a1n \u1edf b\u00ean trong v\u00e0 c\u00f3 v\u1ecb ng\u1ecdt h\u01a1n nhi\u1ec1u so v\u1edbi c\u00e1c lo\u1ea1i khoai t\u00e2y tr\u1eafng th\u00f4ng th\u01b0\u1eddng. Khi rang ho\u1eb7c n\u01b0\u1edbng, b\u1ea1n s\u1ebd th\u1ea5y b\u00ean ngo\u00e0i tr\u1edf n\u00ean gi\u00f2n v\u00e0 c\u00f3 caramen h\u01a1n. T\u00ecm hi\u1ec3u th\u00eam: Is all-natural &hellip; <\/p>\n<p class=\"link-more\"><a href=\"https:\/\/bynature.vn\/vi\/product\/500g-khoai-lang-nhat\/\" class=\"more-link\">Continue reading<span class=\"screen-reader-text\"> &#8220;500g Khoai Lang Nh\u1eadt&#8221;<\/span><\/a><\/p>\n","protected":false},"featured_media":3102,"template":"","meta":[],"pwb-brand":[],"product_cat":[380],"product_tag":[],"class_list":{"0":"post-2472","1":"product","2":"type-product","3":"status-publish","4":"has-post-thumbnail","6":"product_cat-cac-loai-khoai","8":"first","9":"instock","10":"purchasable","11":"product-type-simple"},"acf":[],"brands":[],"_links":{"self":[{"href":"https:\/\/bynature.vn\/vi\/wp-json\/wp\/v2\/product\/2472","targetHints":{"allow":["GET"]}}],"collection":[{"href":"https:\/\/bynature.vn\/vi\/wp-json\/wp\/v2\/product"}],"about":[{"href":"https:\/\/bynature.vn\/vi\/wp-json\/wp\/v2\/types\/product"}],"wp:featuredmedia":[{"embeddable":true,"href":"https:\/\/bynature.vn\/vi\/wp-json\/wp\/v2\/media\/3102"}],"wp:attachment":[{"href":"https:\/\/bynature.vn\/vi\/wp-json\/wp\/v2\/media?parent=2472"}],"wp:term":[{"taxonomy":"pwb-brand","embeddable":true,"href":"https:\/\/bynature.vn\/vi\/wp-json\/wp\/v2\/pwb-brand?post=2472"},{"taxonomy":"product_cat","embeddable":true,"href":"https:\/\/bynature.vn\/vi\/wp-json\/wp\/v2\/product_cat?post=2472"},{"taxonomy":"product_tag","embeddable":true,"href":"https:\/\/bynature.vn\/vi\/wp-json\/wp\/v2\/product_tag?post=2472"}],"curies":[{"name":"wp","href":"https:\/\/api.w.org\/{rel}","templated":true}]}}