{"id":2471,"date":"2023-11-14T12:47:13","date_gmt":"2023-11-14T05:47:13","guid":{"rendered":"https:\/\/bynature.vn\/product\/200g-ot-sung\/"},"modified":"2024-03-26T11:29:18","modified_gmt":"2024-03-26T04:29:18","slug":"200g-ot-sung","status":"publish","type":"product","link":"https:\/\/bynature.vn\/vi\/product\/200g-ot-sung\/","title":{"rendered":"200g \u1edat S\u1eebng"},"content":{"rendered":"<h6 style=\"text-align: justify;\">\u1edat s\u1eebng<\/h6>\n<ul style=\"text-align: justify;\">\n<li>\u1edat s\u1eebng ho\u00e0n h\u1ea3o \u0111\u1ec3 l\u00e0m gia v\u1ecb v\u00ec ch\u00fang kh\u00f4ng qu\u00e1 cay, c\u00f3 th\u1ec3 d\u00f9ng l\u00e0m n\u01b0\u1edbc s\u1ed1t ho\u1eb7c n\u01b0\u1edbc \u01b0\u1edbp BBQ.<\/li>\n<li>B\u1ea1n c\u0169ng c\u00f3 th\u1ec3 th\u1eed ch\u00fang v\u1edbi m\u00f3n \u1edbt nh\u1ed3i th\u1ecbt.<\/li>\n<li>\u1edat s\u1eebng ByNature \u0111\u01b0\u1ee3c tr\u1ed3ng v\u00e0 thu ho\u1ea1ch thu\u1eadn t\u1ef1 nhi\u00ean, kh\u00f4ng thu\u1ed1c tr\u1eeb s\u00e2u v\u00e0 h\u00f3a ch\u1ea5t n\u00f4ng nghi\u1ec7p. S\u1ea1ch v\u00e0 an to\u00e0n cho s\u1ee9c kh\u1ecfe, t\u01b0\u01a1i ngon t\u1eeb v\u01b0\u1eddn.<\/li>\n<\/ul>\n<p style=\"text-align: justify;\">\u0110\u1ecdc th\u00eam: <span style=\"text-decoration: underline; color: #008000;\"><a style=\"color: #008000; text-decoration: underline;\" href=\"https:\/\/bynature.vn\/vi\/nong-nghiep-luoi\/\">N\u00f4ng nghi\u1ec7p l\u01b0\u1eddi?<\/a><\/span><\/p>\n","protected":false},"excerpt":{"rendered":"<p>\u1edat s\u1eebng \u1edat s\u1eebng ho\u00e0n h\u1ea3o \u0111\u1ec3 l\u00e0m gia v\u1ecb v\u00ec ch\u00fang kh\u00f4ng qu\u00e1 cay, c\u00f3 th\u1ec3 d\u00f9ng l\u00e0m n\u01b0\u1edbc s\u1ed1t ho\u1eb7c n\u01b0\u1edbc \u01b0\u1edbp BBQ. B\u1ea1n c\u0169ng c\u00f3 th\u1ec3 th\u1eed ch\u00fang v\u1edbi m\u00f3n \u1edbt nh\u1ed3i th\u1ecbt. \u1edat s\u1eebng ByNature \u0111\u01b0\u1ee3c tr\u1ed3ng v\u00e0 thu ho\u1ea1ch thu\u1eadn t\u1ef1 nhi\u00ean, kh\u00f4ng thu\u1ed1c tr\u1eeb s\u00e2u v\u00e0 h\u00f3a ch\u1ea5t n\u00f4ng &hellip; <\/p>\n<p class=\"link-more\"><a href=\"https:\/\/bynature.vn\/vi\/product\/200g-ot-sung\/\" class=\"more-link\">Continue reading<span class=\"screen-reader-text\"> &#8220;200g \u1edat S\u1eebng&#8221;<\/span><\/a><\/p>\n","protected":false},"featured_media":3100,"template":"","meta":[],"pwb-brand":[],"product_cat":[384],"product_tag":[],"class_list":{"0":"post-2471","1":"product","2":"type-product","3":"status-publish","4":"has-post-thumbnail","6":"product_cat-ot","8":"first","9":"out_of_season","10":"product-type-simple"},"acf":[],"brands":[],"_links":{"self":[{"href":"https:\/\/bynature.vn\/vi\/wp-json\/wp\/v2\/product\/2471","targetHints":{"allow":["GET"]}}],"collection":[{"href":"https:\/\/bynature.vn\/vi\/wp-json\/wp\/v2\/product"}],"about":[{"href":"https:\/\/bynature.vn\/vi\/wp-json\/wp\/v2\/types\/product"}],"wp:featuredmedia":[{"embeddable":true,"href":"https:\/\/bynature.vn\/vi\/wp-json\/wp\/v2\/media\/3100"}],"wp:attachment":[{"href":"https:\/\/bynature.vn\/vi\/wp-json\/wp\/v2\/media?parent=2471"}],"wp:term":[{"taxonomy":"pwb-brand","embeddable":true,"href":"https:\/\/bynature.vn\/vi\/wp-json\/wp\/v2\/pwb-brand?post=2471"},{"taxonomy":"product_cat","embeddable":true,"href":"https:\/\/bynature.vn\/vi\/wp-json\/wp\/v2\/product_cat?post=2471"},{"taxonomy":"product_tag","embeddable":true,"href":"https:\/\/bynature.vn\/vi\/wp-json\/wp\/v2\/product_tag?post=2471"}],"curies":[{"name":"wp","href":"https:\/\/api.w.org\/{rel}","templated":true}]}}