{"id":2470,"date":"2023-11-14T12:47:13","date_gmt":"2023-11-14T05:47:13","guid":{"rendered":"https:\/\/bynature.vn\/product\/200g-nam-kim-cham\/"},"modified":"2024-03-26T16:39:40","modified_gmt":"2024-03-26T09:39:40","slug":"200g-nam-kim-cham","status":"publish","type":"product","link":"https:\/\/bynature.vn\/vi\/product\/200g-nam-kim-cham\/","title":{"rendered":"200g N\u1ea5m Kim Ch\u00e2m"},"content":{"rendered":"<h6 style=\"text-align: justify;\">N\u1ea5m kim ch\u00e2m<\/h6>\n<ul>\n<li style=\"text-align: justify;\">Th\u01b0\u1eddng \u0111\u01b0\u1ee3c s\u1eed d\u1ee5ng trong c\u00e1c m\u00f3n \u0103n ch\u00e2u \u00c1.<\/li>\n<li style=\"text-align: justify;\">N\u1ea5m kim ch\u00e2m kh\u00e1 gi\u00f2n v\u00e0 c\u00f3 h\u01b0\u01a1ng v\u1ecb nh\u1eb9 nh\u00e0ng, tinh t\u1ebf.<\/li>\n<li style=\"text-align: justify;\">N\u1ea5m kinh ch\u00e2m ByNature \u0111\u01b0\u1ee3c tr\u1ed3ng v\u00e0 thu ho\u1ea1ch thu\u1eadn t\u1ef1 nhi\u00ean. Kh\u00f4ng thu\u1ed1c tr\u1eeb s\u00e2u v\u00e0 h\u00f3a ch\u1ea5t n\u00f4ng nghi\u1ec7p, s\u1ea1ch v\u00e0 an to\u00e0n cho s\u1ee9c kh\u1ecfe.<\/li>\n<\/ul>\n<p style=\"text-align: justify;\">\u0110\u1ecdc th\u00eam: <span style=\"text-decoration: underline;\"><span style=\"color: #008000;\"><a style=\"color: #008000; text-decoration: underline;\" href=\"https:\/\/bynature.vn\/vi\/nong-san-thuan-tu-nhien-co-dang-tien\/\">N\u00f4ng s\u1ea3n thu\u1eadn t\u1ef1 nhi\u00ean c\u00f3 \u0111\u00e1ng ti\u1ec1n?<\/a><\/span><\/span><\/p>\n","protected":false},"excerpt":{"rendered":"<p>N\u1ea5m kim ch\u00e2m Th\u01b0\u1eddng \u0111\u01b0\u1ee3c s\u1eed d\u1ee5ng trong c\u00e1c m\u00f3n \u0103n ch\u00e2u \u00c1. N\u1ea5m kim ch\u00e2m kh\u00e1 gi\u00f2n v\u00e0 c\u00f3 h\u01b0\u01a1ng v\u1ecb nh\u1eb9 nh\u00e0ng, tinh t\u1ebf. N\u1ea5m kinh ch\u00e2m ByNature \u0111\u01b0\u1ee3c tr\u1ed3ng v\u00e0 thu ho\u1ea1ch thu\u1eadn t\u1ef1 nhi\u00ean. Kh\u00f4ng thu\u1ed1c tr\u1eeb s\u00e2u v\u00e0 h\u00f3a ch\u1ea5t n\u00f4ng nghi\u1ec7p, s\u1ea1ch v\u00e0 an to\u00e0n cho s\u1ee9c kh\u1ecfe. \u0110\u1ecdc &hellip; <\/p>\n<p class=\"link-more\"><a href=\"https:\/\/bynature.vn\/vi\/product\/200g-nam-kim-cham\/\" class=\"more-link\">Continue reading<span class=\"screen-reader-text\"> &#8220;200g N\u1ea5m Kim Ch\u00e2m&#8221;<\/span><\/a><\/p>\n","protected":false},"featured_media":3098,"template":"","meta":[],"pwb-brand":[],"product_cat":[378],"product_tag":[],"class_list":{"0":"post-2470","1":"product","2":"type-product","3":"status-publish","4":"has-post-thumbnail","6":"product_cat-nam","8":"first","9":"instock","10":"purchasable","11":"product-type-simple"},"acf":[],"brands":[],"_links":{"self":[{"href":"https:\/\/bynature.vn\/vi\/wp-json\/wp\/v2\/product\/2470","targetHints":{"allow":["GET"]}}],"collection":[{"href":"https:\/\/bynature.vn\/vi\/wp-json\/wp\/v2\/product"}],"about":[{"href":"https:\/\/bynature.vn\/vi\/wp-json\/wp\/v2\/types\/product"}],"wp:featuredmedia":[{"embeddable":true,"href":"https:\/\/bynature.vn\/vi\/wp-json\/wp\/v2\/media\/3098"}],"wp:attachment":[{"href":"https:\/\/bynature.vn\/vi\/wp-json\/wp\/v2\/media?parent=2470"}],"wp:term":[{"taxonomy":"pwb-brand","embeddable":true,"href":"https:\/\/bynature.vn\/vi\/wp-json\/wp\/v2\/pwb-brand?post=2470"},{"taxonomy":"product_cat","embeddable":true,"href":"https:\/\/bynature.vn\/vi\/wp-json\/wp\/v2\/product_cat?post=2470"},{"taxonomy":"product_tag","embeddable":true,"href":"https:\/\/bynature.vn\/vi\/wp-json\/wp\/v2\/product_tag?post=2470"}],"curies":[{"name":"wp","href":"https:\/\/api.w.org\/{rel}","templated":true}]}}