{"id":2469,"date":"2023-11-14T12:47:13","date_gmt":"2023-11-14T05:47:13","guid":{"rendered":"https:\/\/bynature.vn\/product\/200g-cai-xoan-kale\/"},"modified":"2026-02-09T21:27:23","modified_gmt":"2026-02-09T14:27:23","slug":"200g-cai-xoan-kale","status":"publish","type":"product","link":"https:\/\/bynature.vn\/vi\/product\/200g-cai-xoan-kale\/","title":{"rendered":"200g C\u1ea3i Xo\u0103n"},"content":{"rendered":"<h6 style=\"text-align: justify;\">C\u1ea3i xo\u0103n ho\u00e0n to\u00e0n t\u1ef1 nhi\u00ean<\/h6>\n<ul style=\"text-align: justify;\">\n<li>C\u1ea3i xo\u0103n l\u00e0 m\u1ed9t trong nh\u1eefng lo\u1ea1i rau gi\u00e0u dinh d\u01b0\u1ee1ng nh\u1ea5t m\u00e0 b\u1ea1n c\u00f3 th\u1ec3 t\u00ecm th\u1ea5y nh\u1edd ch\u1ea5t ch\u1ed1ng oxy h\u00f3a m\u1ea1nh m\u1ebd v\u00e0 vitamin C.<\/li>\n<li>\u0110\u00e2y l\u00e0 m\u1ed9t lo\u1ea1i rau l\u00e1 xanh \u0111\u1eadm, gi\u00e0u dinh d\u01b0\u1ee1ng v\u1edbi h\u01b0\u01a1ng v\u1ecb m\u1ea1nh v\u00e0 \u0111\u1eb7c tr\u01b0ng.<\/li>\n<\/ul>\n<p style=\"text-align: justify;\">T\u00ecm hi\u1ec3u th\u00eam: <span style=\"text-decoration: underline; color: #008000;\"><a style=\"color: #008000; text-decoration: underline;\" href=\"https:\/\/bynature.vn\/clean-and-or-safe-produce\/\">Clean and\/or safe produce<\/a><\/span><\/p>\n","protected":false},"excerpt":{"rendered":"<p>C\u1ea3i xo\u0103n ho\u00e0n to\u00e0n t\u1ef1 nhi\u00ean C\u1ea3i xo\u0103n l\u00e0 m\u1ed9t trong nh\u1eefng lo\u1ea1i rau gi\u00e0u dinh d\u01b0\u1ee1ng nh\u1ea5t m\u00e0 b\u1ea1n c\u00f3 th\u1ec3 t\u00ecm th\u1ea5y nh\u1edd ch\u1ea5t ch\u1ed1ng oxy h\u00f3a m\u1ea1nh m\u1ebd v\u00e0 vitamin C. \u0110\u00e2y l\u00e0 m\u1ed9t lo\u1ea1i rau l\u00e1 xanh \u0111\u1eadm, gi\u00e0u dinh d\u01b0\u1ee1ng v\u1edbi h\u01b0\u01a1ng v\u1ecb m\u1ea1nh v\u00e0 \u0111\u1eb7c tr\u01b0ng. T\u00ecm hi\u1ec3u th\u00eam: &hellip; <\/p>\n<p class=\"link-more\"><a href=\"https:\/\/bynature.vn\/vi\/product\/200g-cai-xoan-kale\/\" class=\"more-link\">Continue reading<span class=\"screen-reader-text\"> &#8220;200g C\u1ea3i Xo\u0103n&#8221;<\/span><\/a><\/p>\n","protected":false},"featured_media":3096,"template":"","meta":[],"pwb-brand":[],"product_cat":[368],"product_tag":[],"class_list":{"0":"post-2469","1":"product","2":"type-product","3":"status-publish","4":"has-post-thumbnail","6":"product_cat-cac-loai-rau-an-la-khac","8":"first","9":"instock","10":"purchasable","11":"product-type-simple"},"acf":[],"brands":[],"_links":{"self":[{"href":"https:\/\/bynature.vn\/vi\/wp-json\/wp\/v2\/product\/2469","targetHints":{"allow":["GET"]}}],"collection":[{"href":"https:\/\/bynature.vn\/vi\/wp-json\/wp\/v2\/product"}],"about":[{"href":"https:\/\/bynature.vn\/vi\/wp-json\/wp\/v2\/types\/product"}],"wp:featuredmedia":[{"embeddable":true,"href":"https:\/\/bynature.vn\/vi\/wp-json\/wp\/v2\/media\/3096"}],"wp:attachment":[{"href":"https:\/\/bynature.vn\/vi\/wp-json\/wp\/v2\/media?parent=2469"}],"wp:term":[{"taxonomy":"pwb-brand","embeddable":true,"href":"https:\/\/bynature.vn\/vi\/wp-json\/wp\/v2\/pwb-brand?post=2469"},{"taxonomy":"product_cat","embeddable":true,"href":"https:\/\/bynature.vn\/vi\/wp-json\/wp\/v2\/product_cat?post=2469"},{"taxonomy":"product_tag","embeddable":true,"href":"https:\/\/bynature.vn\/vi\/wp-json\/wp\/v2\/product_tag?post=2469"}],"curies":[{"name":"wp","href":"https:\/\/api.w.org\/{rel}","templated":true}]}}