{"id":2468,"date":"2023-11-14T12:47:13","date_gmt":"2023-11-14T05:47:13","guid":{"rendered":"https:\/\/bynature.vn\/product\/100g-ngo\/"},"modified":"2024-03-25T16:40:55","modified_gmt":"2024-03-25T09:40:55","slug":"100g-ngo-ri","status":"publish","type":"product","link":"https:\/\/bynature.vn\/vi\/product\/100g-ngo-ri\/","title":{"rendered":"100g Ng\u00f2 R\u00ed"},"content":{"rendered":"<h6 style=\"text-align: justify;\">Ng\u00f2 r\u00ed<\/h6>\n<ul style=\"text-align: justify;\">\n<li>Rau m\u00f9i hay ng\u00f2 r\u00ed l\u00e0 lo\u1ea1i rau gia v\u1ecb ph\u1ed5 bi\u1ebfn.<\/li>\n<li>Rau m\u00f9i\/ ng\u00f2 r\u00ed ByNature \u0111\u01b0\u1ee3c tr\u1ed3ng theo h\u01b0\u1edbng thu\u1eadn t\u1ef1 nhi\u00ean, kh\u00f4ng thu\u1ed1c tr\u1eeb s\u00e2u v\u00e0 h\u00f3a ch\u1ea5t n\u00f4ng nghi\u1ec7p.<\/li>\n<li>S\u1ea1ch v\u00e0 an to\u00e0n cho s\u1ee9c kh\u1ecfe, t\u01b0\u01a1i ngon t\u1eeb v\u01b0\u1eddn.<\/li>\n<\/ul>\n<p style=\"text-align: justify;\">\u0110\u1ecdc th\u00eam: <span style=\"text-decoration: underline;\"><span style=\"color: #008000;\"><a style=\"color: #008000; text-decoration: underline;\" href=\"https:\/\/bynature.vn\/vi\/rau-sach-hay-chi-la-rau-an-toan\/\">Rau s\u1ea1ch hay ch\u1ec9 l\u00e0 rau an to\u00e0n?<\/a><\/span><\/span><\/p>\n","protected":false},"excerpt":{"rendered":"<p>Ng\u00f2 r\u00ed Rau m\u00f9i hay ng\u00f2 r\u00ed l\u00e0 lo\u1ea1i rau gia v\u1ecb ph\u1ed5 bi\u1ebfn. Rau m\u00f9i\/ ng\u00f2 r\u00ed ByNature \u0111\u01b0\u1ee3c tr\u1ed3ng theo h\u01b0\u1edbng thu\u1eadn t\u1ef1 nhi\u00ean, kh\u00f4ng thu\u1ed1c tr\u1eeb s\u00e2u v\u00e0 h\u00f3a ch\u1ea5t n\u00f4ng nghi\u1ec7p. S\u1ea1ch v\u00e0 an to\u00e0n cho s\u1ee9c kh\u1ecfe, t\u01b0\u01a1i ngon t\u1eeb v\u01b0\u1eddn. \u0110\u1ecdc th\u00eam: Rau s\u1ea1ch hay ch\u1ec9 l\u00e0 rau an &hellip; <\/p>\n<p class=\"link-more\"><a href=\"https:\/\/bynature.vn\/vi\/product\/100g-ngo-ri\/\" class=\"more-link\">Continue reading<span class=\"screen-reader-text\"> &#8220;100g Ng\u00f2 R\u00ed&#8221;<\/span><\/a><\/p>\n","protected":false},"featured_media":3094,"template":"","meta":[],"pwb-brand":[],"product_cat":[372],"product_tag":[],"class_list":{"0":"post-2468","1":"product","2":"type-product","3":"status-publish","4":"has-post-thumbnail","6":"product_cat-rau-thom","8":"first","9":"instock","10":"purchasable","11":"product-type-simple"},"acf":[],"brands":[],"_links":{"self":[{"href":"https:\/\/bynature.vn\/vi\/wp-json\/wp\/v2\/product\/2468","targetHints":{"allow":["GET"]}}],"collection":[{"href":"https:\/\/bynature.vn\/vi\/wp-json\/wp\/v2\/product"}],"about":[{"href":"https:\/\/bynature.vn\/vi\/wp-json\/wp\/v2\/types\/product"}],"wp:featuredmedia":[{"embeddable":true,"href":"https:\/\/bynature.vn\/vi\/wp-json\/wp\/v2\/media\/3094"}],"wp:attachment":[{"href":"https:\/\/bynature.vn\/vi\/wp-json\/wp\/v2\/media?parent=2468"}],"wp:term":[{"taxonomy":"pwb-brand","embeddable":true,"href":"https:\/\/bynature.vn\/vi\/wp-json\/wp\/v2\/pwb-brand?post=2468"},{"taxonomy":"product_cat","embeddable":true,"href":"https:\/\/bynature.vn\/vi\/wp-json\/wp\/v2\/product_cat?post=2468"},{"taxonomy":"product_tag","embeddable":true,"href":"https:\/\/bynature.vn\/vi\/wp-json\/wp\/v2\/product_tag?post=2468"}],"curies":[{"name":"wp","href":"https:\/\/api.w.org\/{rel}","templated":true}]}}