{"id":2467,"date":"2023-11-14T12:47:13","date_gmt":"2023-11-14T05:47:13","guid":{"rendered":"https:\/\/bynature.vn\/product\/400g-bap-cai-tim\/"},"modified":"2026-02-09T21:30:40","modified_gmt":"2026-02-09T14:30:40","slug":"400g-bap-cai-tim","status":"publish","type":"product","link":"https:\/\/bynature.vn\/vi\/product\/400g-bap-cai-tim\/","title":{"rendered":"1 B\u1eafp C\u1ea3i Tim"},"content":{"rendered":"<h6>B\u1eafp c\u1ea3i tim ho\u00e0n to\u00e0n t\u1ef1 nhi\u00ean<\/h6>\n<ul>\n<li>C\u00f2n \u0111\u01b0\u1ee3c g\u1ecdi l\u00e0 b\u1eafp c\u1ea3i nh\u1ecdn nh\u1ecf h\u01a1n b\u1eafp c\u1ea3i tr\u1eafng v\u00e0 c\u00f3 h\u01b0\u01a1ng v\u1ecb nh\u1eb9 h\u01a1n.<\/li>\n<li>B\u1eafp c\u1ea3i t\u01b0\u01a1i t\u1ea1i trang tr\u1ea1i c\u1ee7a ch\u00fang t\u00f4i r\u1ea5t th\u00edch h\u1ee3p \u0111\u1ec3 \u0103n s\u1ed1ng, x\u00e0o, n\u01b0\u1edbng BBQ, ng\u00e2m chua ho\u1eb7c l\u00ean men.<\/li>\n<\/ul>\n<p>T\u00ecm hi\u1ec3u th\u00eam: <span style=\"text-decoration: underline; color: #008000;\"><a style=\"color: #008000; text-decoration: underline;\" href=\"https:\/\/bynature.vn\/clean-and-or-safe-produce\/\">Clean and\/or safe produce<\/a><\/span><\/p>\n","protected":false},"excerpt":{"rendered":"<p>B\u1eafp c\u1ea3i tim ho\u00e0n to\u00e0n t\u1ef1 nhi\u00ean C\u00f2n \u0111\u01b0\u1ee3c g\u1ecdi l\u00e0 b\u1eafp c\u1ea3i nh\u1ecdn nh\u1ecf h\u01a1n b\u1eafp c\u1ea3i tr\u1eafng v\u00e0 c\u00f3 h\u01b0\u01a1ng v\u1ecb nh\u1eb9 h\u01a1n. B\u1eafp c\u1ea3i t\u01b0\u01a1i t\u1ea1i trang tr\u1ea1i c\u1ee7a ch\u00fang t\u00f4i r\u1ea5t th\u00edch h\u1ee3p \u0111\u1ec3 \u0103n s\u1ed1ng, x\u00e0o, n\u01b0\u1edbng BBQ, ng\u00e2m chua ho\u1eb7c l\u00ean men. T\u00ecm hi\u1ec3u th\u00eam: Clean and\/or safe produce<\/p>\n","protected":false},"featured_media":2900,"template":"","meta":[],"pwb-brand":[],"product_cat":[371],"product_tag":[],"class_list":{"0":"post-2467","1":"product","2":"type-product","3":"status-publish","4":"has-post-thumbnail","6":"product_cat-bap-cai","8":"first","9":"instock","10":"purchasable","11":"product-type-simple"},"acf":[],"brands":[],"_links":{"self":[{"href":"https:\/\/bynature.vn\/vi\/wp-json\/wp\/v2\/product\/2467","targetHints":{"allow":["GET"]}}],"collection":[{"href":"https:\/\/bynature.vn\/vi\/wp-json\/wp\/v2\/product"}],"about":[{"href":"https:\/\/bynature.vn\/vi\/wp-json\/wp\/v2\/types\/product"}],"wp:featuredmedia":[{"embeddable":true,"href":"https:\/\/bynature.vn\/vi\/wp-json\/wp\/v2\/media\/2900"}],"wp:attachment":[{"href":"https:\/\/bynature.vn\/vi\/wp-json\/wp\/v2\/media?parent=2467"}],"wp:term":[{"taxonomy":"pwb-brand","embeddable":true,"href":"https:\/\/bynature.vn\/vi\/wp-json\/wp\/v2\/pwb-brand?post=2467"},{"taxonomy":"product_cat","embeddable":true,"href":"https:\/\/bynature.vn\/vi\/wp-json\/wp\/v2\/product_cat?post=2467"},{"taxonomy":"product_tag","embeddable":true,"href":"https:\/\/bynature.vn\/vi\/wp-json\/wp\/v2\/product_tag?post=2467"}],"curies":[{"name":"wp","href":"https:\/\/api.w.org\/{rel}","templated":true}]}}