{"id":2466,"date":"2023-11-14T12:47:13","date_gmt":"2023-11-14T05:47:13","guid":{"rendered":"https:\/\/bynature.vn\/product\/500g-khoai-mon\/"},"modified":"2026-02-09T21:33:48","modified_gmt":"2026-02-09T14:33:48","slug":"500g-khoai-mon","status":"publish","type":"product","link":"https:\/\/bynature.vn\/vi\/product\/500g-khoai-mon\/","title":{"rendered":"500g Khoai M\u00f4n"},"content":{"rendered":"<h6>Khoai m\u00f4n ho\u00e0n to\u00e0n t\u1ef1 nhi\u00ean<\/h6>\n<ul>\n<li style=\"text-align: justify;\">Khoai m\u00f4n c\u00f3 h\u01b0\u01a1ng v\u1ecb kh\u00e1 gi\u1ed1ng khoai lang ho\u1eb7c phi\u00ean b\u1ea3n \u201c\u0111\u1eadm v\u1ecb \u0111\u1ea5t\u201d h\u01a1n c\u1ee7a khoai t\u00e2y. K\u1ebft c\u1ea5u m\u1ec1m, b\u00f9i, b\u00e9o nh\u1eb9 v\u00e0 c\u00f3 v\u1ecb ng\u1ecdt thoang tho\u1ea3ng. <\/li>\n<li>T\u00ecm hi\u1ec3u th\u00eam: <a style=\"color: #008000; text-decoration: underline;\" href=\"https:\/\/bynature.vn\/all-natural-for-a-better-you\/\"><span style=\"color: #008000; text-decoration: underline;\"><span style=\"text-decoration: underline;\">All-natural for a better you!<\/span><\/span><\/a><\/li>\n<\/ul>\n","protected":false},"excerpt":{"rendered":"<p>Khoai m\u00f4n ho\u00e0n to\u00e0n t\u1ef1 nhi\u00ean Khoai m\u00f4n c\u00f3 h\u01b0\u01a1ng v\u1ecb kh\u00e1 gi\u1ed1ng khoai lang ho\u1eb7c phi\u00ean b\u1ea3n \u201c\u0111\u1eadm v\u1ecb \u0111\u1ea5t\u201d h\u01a1n c\u1ee7a khoai t\u00e2y. K\u1ebft c\u1ea5u m\u1ec1m, b\u00f9i, b\u00e9o nh\u1eb9 v\u00e0 c\u00f3 v\u1ecb ng\u1ecdt thoang tho\u1ea3ng. T\u00ecm hi\u1ec3u th\u00eam: All-natural for a better you!<\/p>\n","protected":false},"featured_media":3092,"template":"","meta":[],"pwb-brand":[],"product_cat":[380],"product_tag":[],"class_list":{"0":"post-2466","1":"product","2":"type-product","3":"status-publish","4":"has-post-thumbnail","6":"product_cat-cac-loai-khoai","8":"first","9":"instock","10":"purchasable","11":"product-type-simple"},"acf":[],"brands":[],"_links":{"self":[{"href":"https:\/\/bynature.vn\/vi\/wp-json\/wp\/v2\/product\/2466","targetHints":{"allow":["GET"]}}],"collection":[{"href":"https:\/\/bynature.vn\/vi\/wp-json\/wp\/v2\/product"}],"about":[{"href":"https:\/\/bynature.vn\/vi\/wp-json\/wp\/v2\/types\/product"}],"wp:featuredmedia":[{"embeddable":true,"href":"https:\/\/bynature.vn\/vi\/wp-json\/wp\/v2\/media\/3092"}],"wp:attachment":[{"href":"https:\/\/bynature.vn\/vi\/wp-json\/wp\/v2\/media?parent=2466"}],"wp:term":[{"taxonomy":"pwb-brand","embeddable":true,"href":"https:\/\/bynature.vn\/vi\/wp-json\/wp\/v2\/pwb-brand?post=2466"},{"taxonomy":"product_cat","embeddable":true,"href":"https:\/\/bynature.vn\/vi\/wp-json\/wp\/v2\/product_cat?post=2466"},{"taxonomy":"product_tag","embeddable":true,"href":"https:\/\/bynature.vn\/vi\/wp-json\/wp\/v2\/product_tag?post=2466"}],"curies":[{"name":"wp","href":"https:\/\/api.w.org\/{rel}","templated":true}]}}