{"id":2465,"date":"2023-11-14T12:47:13","date_gmt":"2023-11-14T05:47:13","guid":{"rendered":"https:\/\/bynature.vn\/product\/500g-bi-do-non\/"},"modified":"2026-02-09T21:40:51","modified_gmt":"2026-02-09T14:40:51","slug":"500g-bi-do-non","status":"publish","type":"product","link":"https:\/\/bynature.vn\/vi\/product\/500g-bi-do-non\/","title":{"rendered":"500g B\u00ed \u0110\u1ecf Non"},"content":{"rendered":"<h6>B\u00ed \u0111\u1ecf non ho\u00e0n to\u00e0n t\u1ef1 nhi\u00ean<\/h6>\n<ul>\n<li style=\"text-align: justify;\">B\u00ed \u0111\u1ecf non th\u01b0\u1eddng \u0111\u01b0\u1ee3c coi l\u00e0 b\u00ed m\u00f9a h\u00e8 c\u00f3 h\u01b0\u01a1ng v\u1ecb gi\u1ed1ng h\u1ec7t b\u00ed \u0111\u1ecf th\u00f4ng th\u01b0\u1eddng, nh\u01b0ng \u0111i\u1ec1u th\u00fa v\u1ecb l\u00e0 \u1edf h\u00ecnh d\u1ea1ng t\u1ea1o n\u00ean s\u1ef1 ho\u00e0n h\u1ea3o cho m\u00f3n b\u00ed \u0111\u1ecf n\u01b0\u1edbng ho\u1eb7c nh\u1ed3i.<\/li>\n<li>T\u00ecm hi\u1ec3u th\u00eam: <span style=\"text-decoration: underline;\"><span style=\"color: #008000; text-decoration: underline;\"><a style=\"color: #008000; text-decoration: underline;\" href=\"https:\/\/bynature.vn\/is-all-natural-organic-vegetables-worth-the-money\/\">Is all-natural &amp; organic vegetables worth the money?<\/a><\/span><\/span><\/li>\n<\/ul>\n","protected":false},"excerpt":{"rendered":"<p>B\u00ed \u0111\u1ecf non ho\u00e0n to\u00e0n t\u1ef1 nhi\u00ean B\u00ed \u0111\u1ecf non th\u01b0\u1eddng \u0111\u01b0\u1ee3c coi l\u00e0 b\u00ed m\u00f9a h\u00e8 c\u00f3 h\u01b0\u01a1ng v\u1ecb gi\u1ed1ng h\u1ec7t b\u00ed \u0111\u1ecf th\u00f4ng th\u01b0\u1eddng, nh\u01b0ng \u0111i\u1ec1u th\u00fa v\u1ecb l\u00e0 \u1edf h\u00ecnh d\u1ea1ng t\u1ea1o n\u00ean s\u1ef1 ho\u00e0n h\u1ea3o cho m\u00f3n b\u00ed \u0111\u1ecf n\u01b0\u1edbng ho\u1eb7c nh\u1ed3i. T\u00ecm hi\u1ec3u th\u00eam: Is all-natural &amp; organic vegetables worth &hellip; <\/p>\n<p class=\"link-more\"><a href=\"https:\/\/bynature.vn\/vi\/product\/500g-bi-do-non\/\" class=\"more-link\">Continue reading<span class=\"screen-reader-text\"> &#8220;500g B\u00ed \u0110\u1ecf Non&#8221;<\/span><\/a><\/p>\n","protected":false},"featured_media":3090,"template":"","meta":[],"pwb-brand":[],"product_cat":[388],"product_tag":[],"class_list":{"0":"post-2465","1":"product","2":"type-product","3":"status-publish","4":"has-post-thumbnail","6":"product_cat-bi-ngoi","8":"first","9":"out_of_season","10":"product-type-simple"},"acf":[],"brands":[],"_links":{"self":[{"href":"https:\/\/bynature.vn\/vi\/wp-json\/wp\/v2\/product\/2465","targetHints":{"allow":["GET"]}}],"collection":[{"href":"https:\/\/bynature.vn\/vi\/wp-json\/wp\/v2\/product"}],"about":[{"href":"https:\/\/bynature.vn\/vi\/wp-json\/wp\/v2\/types\/product"}],"wp:featuredmedia":[{"embeddable":true,"href":"https:\/\/bynature.vn\/vi\/wp-json\/wp\/v2\/media\/3090"}],"wp:attachment":[{"href":"https:\/\/bynature.vn\/vi\/wp-json\/wp\/v2\/media?parent=2465"}],"wp:term":[{"taxonomy":"pwb-brand","embeddable":true,"href":"https:\/\/bynature.vn\/vi\/wp-json\/wp\/v2\/pwb-brand?post=2465"},{"taxonomy":"product_cat","embeddable":true,"href":"https:\/\/bynature.vn\/vi\/wp-json\/wp\/v2\/product_cat?post=2465"},{"taxonomy":"product_tag","embeddable":true,"href":"https:\/\/bynature.vn\/vi\/wp-json\/wp\/v2\/product_tag?post=2465"}],"curies":[{"name":"wp","href":"https:\/\/api.w.org\/{rel}","templated":true}]}}