{"id":2462,"date":"2023-11-14T12:47:13","date_gmt":"2023-11-14T05:47:13","guid":{"rendered":"https:\/\/bynature.vn\/product\/500g-dau-dua\/"},"modified":"2024-03-26T11:58:41","modified_gmt":"2024-03-26T04:58:41","slug":"500g-dau-dua","status":"publish","type":"product","link":"https:\/\/bynature.vn\/vi\/product\/500g-dau-dua\/","title":{"rendered":"500g \u0110\u1eadu \u0110\u0169a"},"content":{"rendered":"<h6 style=\"text-align: justify;\">\u0110\u1eadu \u0111\u0169a<\/h6>\n<ul>\n<li style=\"text-align: justify;\">\u0110\u1eadu \u0111\u0169a kh\u00f4ng ng\u1ecdt nh\u01b0 \u0111\u1eadu que nh\u01b0ng c\u00f3 v\u1ecb b\u00f9i h\u01a1n.<\/li>\n<li style=\"text-align: justify;\">\u0110\u1eadu \u0111\u0169a ByNature \u0111\u01b0\u1ee3c tr\u1ed3ng theo h\u01b0\u1edbng thu\u1eadn t\u1ef1 nhi\u00ean, kh\u00f4ng thu\u1ed1c tr\u1eeb s\u00e2u v\u00e0 h\u00f3a ch\u1ea5t n\u00f4ng nghi\u1ec7p. S\u1ea1ch v\u00e0 an to\u00e0n cho s\u1ee9c kh\u1ecfe.<\/li>\n<\/ul>\n<p style=\"text-align: justify;\">\u0110\u1ecdc th\u00eam: <span style=\"text-decoration: underline; color: #008000;\"><a style=\"color: #008000; text-decoration: underline;\" href=\"https:\/\/bynature.vn\/vi\/nong-nghiep-luoi\/\">N\u00f4ng nghi\u1ec7p l\u01b0\u1eddi?<\/a><\/span><\/p>\n","protected":false},"excerpt":{"rendered":"<p>\u0110\u1eadu \u0111\u0169a \u0110\u1eadu \u0111\u0169a kh\u00f4ng ng\u1ecdt nh\u01b0 \u0111\u1eadu que nh\u01b0ng c\u00f3 v\u1ecb b\u00f9i h\u01a1n. \u0110\u1eadu \u0111\u0169a ByNature \u0111\u01b0\u1ee3c tr\u1ed3ng theo h\u01b0\u1edbng thu\u1eadn t\u1ef1 nhi\u00ean, kh\u00f4ng thu\u1ed1c tr\u1eeb s\u00e2u v\u00e0 h\u00f3a ch\u1ea5t n\u00f4ng nghi\u1ec7p. S\u1ea1ch v\u00e0 an to\u00e0n cho s\u1ee9c kh\u1ecfe. \u0110\u1ecdc th\u00eam: N\u00f4ng nghi\u1ec7p l\u01b0\u1eddi?<\/p>\n","protected":false},"featured_media":3078,"template":"","meta":[],"pwb-brand":[],"product_cat":[387],"product_tag":[],"class_list":{"0":"post-2462","1":"product","2":"type-product","3":"status-publish","4":"has-post-thumbnail","6":"product_cat-dau","8":"first","9":"instock","10":"purchasable","11":"product-type-simple"},"acf":[],"brands":[],"_links":{"self":[{"href":"https:\/\/bynature.vn\/vi\/wp-json\/wp\/v2\/product\/2462","targetHints":{"allow":["GET"]}}],"collection":[{"href":"https:\/\/bynature.vn\/vi\/wp-json\/wp\/v2\/product"}],"about":[{"href":"https:\/\/bynature.vn\/vi\/wp-json\/wp\/v2\/types\/product"}],"wp:featuredmedia":[{"embeddable":true,"href":"https:\/\/bynature.vn\/vi\/wp-json\/wp\/v2\/media\/3078"}],"wp:attachment":[{"href":"https:\/\/bynature.vn\/vi\/wp-json\/wp\/v2\/media?parent=2462"}],"wp:term":[{"taxonomy":"pwb-brand","embeddable":true,"href":"https:\/\/bynature.vn\/vi\/wp-json\/wp\/v2\/pwb-brand?post=2462"},{"taxonomy":"product_cat","embeddable":true,"href":"https:\/\/bynature.vn\/vi\/wp-json\/wp\/v2\/product_cat?post=2462"},{"taxonomy":"product_tag","embeddable":true,"href":"https:\/\/bynature.vn\/vi\/wp-json\/wp\/v2\/product_tag?post=2462"}],"curies":[{"name":"wp","href":"https:\/\/api.w.org\/{rel}","templated":true}]}}