{"id":2458,"date":"2023-11-14T12:47:08","date_gmt":"2023-11-14T05:47:08","guid":{"rendered":"https:\/\/bynature.vn\/product\/50g-thi-la\/"},"modified":"2024-03-25T16:43:05","modified_gmt":"2024-03-25T09:43:05","slug":"50g-thi-la","status":"publish","type":"product","link":"https:\/\/bynature.vn\/vi\/product\/50g-thi-la\/","title":{"rendered":"50g Th\u00ec L\u00e0"},"content":{"rendered":"<h6>Rau th\u00ec l\u00e0<\/h6>\n<ul>\n<li>Th\u00ec l\u00e0 th\u00edch h\u1ee3p cho c\u00e1c lo\u1ea1i n\u01b0\u1edbc s\u1ed1t, salad, h\u1ea3i s\u1ea3n, s\u00fap,&#8230; ho\u1eb7c d\u00f9ng \u0111\u1ec3 trang tr\u00ed cho c\u00e1c m\u00f3n \u0103n.<\/li>\n<li>Th\u00ec l\u00e0 ByNature \u0111\u01b0\u1ee3c tr\u1ed3ng theo h\u01b0\u1edbng thu\u1eadn t\u1ef1 nhi\u00ean, kh\u00f4ng thu\u1ed1c tr\u1eeb s\u00e2u v\u00e0 h\u00f3a ch\u1ea5t n\u00f4ng nghi\u1ec7p.<\/li>\n<li>S\u1ea1ch v\u00e0 an to\u00e0n cho s\u1ee9c kh\u1ecfe, t\u01b0\u01a1i ngon t\u1eeb v\u01b0\u1eddn.<\/li>\n<\/ul>\n<p>\u0110\u1ecdc th\u00eam: <span style=\"text-decoration: underline;\"><span style=\"color: #008000;\"><a style=\"color: #008000; text-decoration: underline;\" href=\"https:\/\/bynature.vn\/vi\/rau-sach-hay-chi-la-rau-an-toan\/\">Rau s\u1ea1ch hay ch\u1ec9 l\u00e0 rau an to\u00e0n?<\/a><\/span><\/span><\/p>\n","protected":false},"excerpt":{"rendered":"<p>Rau th\u00ec l\u00e0 Th\u00ec l\u00e0 th\u00edch h\u1ee3p cho c\u00e1c lo\u1ea1i n\u01b0\u1edbc s\u1ed1t, salad, h\u1ea3i s\u1ea3n, s\u00fap,&#8230; ho\u1eb7c d\u00f9ng \u0111\u1ec3 trang tr\u00ed cho c\u00e1c m\u00f3n \u0103n. Th\u00ec l\u00e0 ByNature \u0111\u01b0\u1ee3c tr\u1ed3ng theo h\u01b0\u1edbng thu\u1eadn t\u1ef1 nhi\u00ean, kh\u00f4ng thu\u1ed1c tr\u1eeb s\u00e2u v\u00e0 h\u00f3a ch\u1ea5t n\u00f4ng nghi\u1ec7p. S\u1ea1ch v\u00e0 an to\u00e0n cho s\u1ee9c kh\u1ecfe, t\u01b0\u01a1i ngon t\u1eeb v\u01b0\u1eddn. &hellip; <\/p>\n<p class=\"link-more\"><a href=\"https:\/\/bynature.vn\/vi\/product\/50g-thi-la\/\" class=\"more-link\">Continue reading<span class=\"screen-reader-text\"> &#8220;50g Th\u00ec L\u00e0&#8221;<\/span><\/a><\/p>\n","protected":false},"featured_media":3070,"template":"","meta":[],"pwb-brand":[],"product_cat":[372],"product_tag":[],"class_list":{"0":"post-2458","1":"product","2":"type-product","3":"status-publish","4":"has-post-thumbnail","6":"product_cat-rau-thom","8":"first","9":"instock","10":"purchasable","11":"product-type-simple"},"acf":[],"brands":[],"_links":{"self":[{"href":"https:\/\/bynature.vn\/vi\/wp-json\/wp\/v2\/product\/2458","targetHints":{"allow":["GET"]}}],"collection":[{"href":"https:\/\/bynature.vn\/vi\/wp-json\/wp\/v2\/product"}],"about":[{"href":"https:\/\/bynature.vn\/vi\/wp-json\/wp\/v2\/types\/product"}],"wp:featuredmedia":[{"embeddable":true,"href":"https:\/\/bynature.vn\/vi\/wp-json\/wp\/v2\/media\/3070"}],"wp:attachment":[{"href":"https:\/\/bynature.vn\/vi\/wp-json\/wp\/v2\/media?parent=2458"}],"wp:term":[{"taxonomy":"pwb-brand","embeddable":true,"href":"https:\/\/bynature.vn\/vi\/wp-json\/wp\/v2\/pwb-brand?post=2458"},{"taxonomy":"product_cat","embeddable":true,"href":"https:\/\/bynature.vn\/vi\/wp-json\/wp\/v2\/product_cat?post=2458"},{"taxonomy":"product_tag","embeddable":true,"href":"https:\/\/bynature.vn\/vi\/wp-json\/wp\/v2\/product_tag?post=2458"}],"curies":[{"name":"wp","href":"https:\/\/api.w.org\/{rel}","templated":true}]}}