{"id":2457,"date":"2023-11-14T12:47:08","date_gmt":"2023-11-14T05:47:08","guid":{"rendered":"https:\/\/bynature.vn\/product\/500g-khoai-tay-baby\/"},"modified":"2026-02-09T22:19:42","modified_gmt":"2026-02-09T15:19:42","slug":"500g-khoai-tay-baby","status":"publish","type":"product","link":"https:\/\/bynature.vn\/vi\/product\/500g-khoai-tay-baby\/","title":{"rendered":"500g Khoai T\u00e2y Nh\u1ecf"},"content":{"rendered":"<h6 style=\"text-align: justify;\">Khoai t\u00e2y nh\u1ecf ho\u00e0n to\u00e0n t\u1ef1 nhi\u00ean<\/h6>\n<ul>\n<li style=\"text-align: justify;\">M\u1ec1m v\u00e0 tinh t\u1ebf h\u01a1n khoai t\u00e2y th\u01b0\u1eddng, v\u1edbi v\u1ecb h\u01a1i ng\u1ecdt v\u00e0 k\u1ebft c\u1ea5u b\u00e9o m\u1ecbn. N\u00ean b\u1ea3o qu\u1ea3n trong t\u00fai gi\u1ea5y n\u00e2u v\u00e0 s\u1eed d\u1ee5ng trong v\u00f2ng v\u00e0i ng\u00e0y sau khi mua. <\/li>\n<li style=\"text-align: justify;\">T\u00ecm hi\u1ec3u th\u00eam: <a style=\"color: #008000; text-decoration: underline;\" href=\"https:\/\/bynature.vn\/is-all-natural-organic-vegetables-worth-the-money\/\"><span style=\"text-decoration: underline; color: #008000;\">Is all-natural &amp; organic vegetables worth the money?<\/span><\/a><\/li>\n<\/ul>\n","protected":false},"excerpt":{"rendered":"<p>Khoai t\u00e2y nh\u1ecf ho\u00e0n to\u00e0n t\u1ef1 nhi\u00ean M\u1ec1m v\u00e0 tinh t\u1ebf h\u01a1n khoai t\u00e2y th\u01b0\u1eddng, v\u1edbi v\u1ecb h\u01a1i ng\u1ecdt v\u00e0 k\u1ebft c\u1ea5u b\u00e9o m\u1ecbn. N\u00ean b\u1ea3o qu\u1ea3n trong t\u00fai gi\u1ea5y n\u00e2u v\u00e0 s\u1eed d\u1ee5ng trong v\u00f2ng v\u00e0i ng\u00e0y sau khi mua. T\u00ecm hi\u1ec3u th\u00eam: Is all-natural &amp; organic vegetables worth the money?<\/p>\n","protected":false},"featured_media":3068,"template":"","meta":[],"pwb-brand":[],"product_cat":[380],"product_tag":[],"class_list":{"0":"post-2457","1":"product","2":"type-product","3":"status-publish","4":"has-post-thumbnail","6":"product_cat-cac-loai-khoai","8":"first","9":"instock","10":"purchasable","11":"product-type-simple"},"acf":[],"brands":[],"_links":{"self":[{"href":"https:\/\/bynature.vn\/vi\/wp-json\/wp\/v2\/product\/2457","targetHints":{"allow":["GET"]}}],"collection":[{"href":"https:\/\/bynature.vn\/vi\/wp-json\/wp\/v2\/product"}],"about":[{"href":"https:\/\/bynature.vn\/vi\/wp-json\/wp\/v2\/types\/product"}],"wp:featuredmedia":[{"embeddable":true,"href":"https:\/\/bynature.vn\/vi\/wp-json\/wp\/v2\/media\/3068"}],"wp:attachment":[{"href":"https:\/\/bynature.vn\/vi\/wp-json\/wp\/v2\/media?parent=2457"}],"wp:term":[{"taxonomy":"pwb-brand","embeddable":true,"href":"https:\/\/bynature.vn\/vi\/wp-json\/wp\/v2\/pwb-brand?post=2457"},{"taxonomy":"product_cat","embeddable":true,"href":"https:\/\/bynature.vn\/vi\/wp-json\/wp\/v2\/product_cat?post=2457"},{"taxonomy":"product_tag","embeddable":true,"href":"https:\/\/bynature.vn\/vi\/wp-json\/wp\/v2\/product_tag?post=2457"}],"curies":[{"name":"wp","href":"https:\/\/api.w.org\/{rel}","templated":true}]}}