{"id":2456,"date":"2023-11-14T12:47:08","date_gmt":"2023-11-14T05:47:08","guid":{"rendered":"https:\/\/bynature.vn\/product\/400g-mang-tay-xanh\/"},"modified":"2024-03-26T16:19:39","modified_gmt":"2024-03-26T09:19:39","slug":"400g-mang-tay-xanh","status":"publish","type":"product","link":"https:\/\/bynature.vn\/vi\/product\/400g-mang-tay-xanh\/","title":{"rendered":"400g M\u0103ng T\u00e2y Xanh"},"content":{"rendered":"<h6 style=\"text-align: justify;\">M\u0103ng t\u00e2y xanh<\/h6>\n<ul style=\"text-align: justify;\">\n<li>C\u00f3 v\u1ecb \u0111\u1eb7c tr\u01b0ng, c\u00f3 th\u1ec3 d\u00f9ng \u0111\u1ec3 \u0103n s\u1ed1ng, khi n\u1ea5u ch\u00edn, m\u00f9i v\u1ecb s\u1ebd c\u00f3 ch\u00fat thay \u0111\u1ed5i.<\/li>\n<li>M\u0103ng t\u00e2y xanh ByNature \u0111\u01b0\u1ee3c tr\u1ed3ng theo h\u01b0\u1edbng thu\u1eadn t\u1ef1 nhi\u00ean.<\/li>\n<li>Kh\u00f4ng thu\u1ed1c tr\u1eeb s\u00e2u v\u00e0 h\u00f3a ch\u1ea5t n\u00f4ng nghi\u1ec7p. S\u1ea1ch v\u00e0 an to\u00e0n cho s\u1ee9c kh\u1ecfe, t\u01b0\u01a1i ngon t\u1eeb v\u01b0\u1eddn.<\/li>\n<\/ul>\n<p style=\"text-align: justify;\">\u0110\u1ecdc th\u00eam: <span style=\"text-decoration: underline;\"><span style=\"color: #008000;\"><a style=\"color: #008000; text-decoration: underline;\" href=\"https:\/\/bynature.vn\/vi\/nong-san-thuan-tu-nhien-co-dang-tien\/\">N\u00f4ng s\u1ea3n thu\u1eadn t\u1ef1 nhi\u00ean c\u00f3 \u0111\u00e1ng ti\u1ec1n?<\/a><\/span><\/span><\/p>\n","protected":false},"excerpt":{"rendered":"<p>M\u0103ng t\u00e2y xanh C\u00f3 v\u1ecb \u0111\u1eb7c tr\u01b0ng, c\u00f3 th\u1ec3 d\u00f9ng \u0111\u1ec3 \u0103n s\u1ed1ng, khi n\u1ea5u ch\u00edn, m\u00f9i v\u1ecb s\u1ebd c\u00f3 ch\u00fat thay \u0111\u1ed5i. M\u0103ng t\u00e2y xanh ByNature \u0111\u01b0\u1ee3c tr\u1ed3ng theo h\u01b0\u1edbng thu\u1eadn t\u1ef1 nhi\u00ean. Kh\u00f4ng thu\u1ed1c tr\u1eeb s\u00e2u v\u00e0 h\u00f3a ch\u1ea5t n\u00f4ng nghi\u1ec7p. S\u1ea1ch v\u00e0 an to\u00e0n cho s\u1ee9c kh\u1ecfe, t\u01b0\u01a1i ngon t\u1eeb v\u01b0\u1eddn. \u0110\u1ecdc &hellip; <\/p>\n<p class=\"link-more\"><a href=\"https:\/\/bynature.vn\/vi\/product\/400g-mang-tay-xanh\/\" class=\"more-link\">Continue reading<span class=\"screen-reader-text\"> &#8220;400g M\u0103ng T\u00e2y Xanh&#8221;<\/span><\/a><\/p>\n","protected":false},"featured_media":3064,"template":"","meta":[],"pwb-brand":[],"product_cat":[394],"product_tag":[],"class_list":{"0":"post-2456","1":"product","2":"type-product","3":"status-publish","4":"has-post-thumbnail","6":"product_cat-cac-loai-rau-an-than-khac","8":"first","9":"out_of_season","10":"product-type-simple"},"acf":[],"brands":[],"_links":{"self":[{"href":"https:\/\/bynature.vn\/vi\/wp-json\/wp\/v2\/product\/2456","targetHints":{"allow":["GET"]}}],"collection":[{"href":"https:\/\/bynature.vn\/vi\/wp-json\/wp\/v2\/product"}],"about":[{"href":"https:\/\/bynature.vn\/vi\/wp-json\/wp\/v2\/types\/product"}],"wp:featuredmedia":[{"embeddable":true,"href":"https:\/\/bynature.vn\/vi\/wp-json\/wp\/v2\/media\/3064"}],"wp:attachment":[{"href":"https:\/\/bynature.vn\/vi\/wp-json\/wp\/v2\/media?parent=2456"}],"wp:term":[{"taxonomy":"pwb-brand","embeddable":true,"href":"https:\/\/bynature.vn\/vi\/wp-json\/wp\/v2\/pwb-brand?post=2456"},{"taxonomy":"product_cat","embeddable":true,"href":"https:\/\/bynature.vn\/vi\/wp-json\/wp\/v2\/product_cat?post=2456"},{"taxonomy":"product_tag","embeddable":true,"href":"https:\/\/bynature.vn\/vi\/wp-json\/wp\/v2\/product_tag?post=2456"}],"curies":[{"name":"wp","href":"https:\/\/api.w.org\/{rel}","templated":true}]}}