{"id":2454,"date":"2023-11-14T12:47:08","date_gmt":"2023-11-14T05:47:08","guid":{"rendered":"https:\/\/bynature.vn\/product\/600g-sup-lo-trang\/"},"modified":"2026-02-09T22:47:26","modified_gmt":"2026-02-09T15:47:26","slug":"600g-sup-lo-trang","status":"publish","type":"product","link":"https:\/\/bynature.vn\/vi\/product\/600g-sup-lo-trang\/","title":{"rendered":"1 B\u00f4ng C\u1ea3i"},"content":{"rendered":"<h6>B\u00f4ng c\u1ea3i ho\u00e0n to\u00e0n t\u1ef1 nhi\u00ean<\/h6>\n<ul>\n<li>B\u00f4ng c\u1ea3i t\u01b0\u01a1i gi\u00f2n t\u1eeb trang tr\u1ea1i c\u1ee7a ch\u00fang t\u00f4i c\u00f3 v\u1ecb ng\u1ecdt ng\u00e0o v\u1edbi h\u01b0\u01a1ng v\u1ecb h\u1ea5p d\u1eabn.<\/li>\n<li>M\u00f3n compaignon ho\u00e0n h\u1ea3o tr\u00ean b\u00e0n \u0103n t\u1ed1i v\u1edbi t\u01b0 c\u00e1ch l\u00e0 m\u00f3n ph\u1ee5 ho\u1eb7c nguy\u00ean li\u1ec7u ch\u00ednh.<\/li>\n<\/ul>\n<p>T\u00ecm hi\u1ec3u th\u00eam: <span style=\"text-decoration: underline; color: #008000;\"><a style=\"color: #008000; text-decoration: underline;\" href=\"https:\/\/bynature.vn\/clean-and-or-safe-produce\/\">Clean and\/or safe produce<\/a><\/span><\/p>\n","protected":false},"excerpt":{"rendered":"<p>B\u00f4ng c\u1ea3i ho\u00e0n to\u00e0n t\u1ef1 nhi\u00ean B\u00f4ng c\u1ea3i t\u01b0\u01a1i gi\u00f2n t\u1eeb trang tr\u1ea1i c\u1ee7a ch\u00fang t\u00f4i c\u00f3 v\u1ecb ng\u1ecdt ng\u00e0o v\u1edbi h\u01b0\u01a1ng v\u1ecb h\u1ea5p d\u1eabn. M\u00f3n compaignon ho\u00e0n h\u1ea3o tr\u00ean b\u00e0n \u0103n t\u1ed1i v\u1edbi t\u01b0 c\u00e1ch l\u00e0 m\u00f3n ph\u1ee5 ho\u1eb7c nguy\u00ean li\u1ec7u ch\u00ednh. T\u00ecm hi\u1ec3u th\u00eam: Clean and\/or safe produce<\/p>\n","protected":false},"featured_media":3394,"template":"","meta":[],"pwb-brand":[],"product_cat":[370],"product_tag":[],"class_list":{"0":"post-2454","1":"product","2":"type-product","3":"status-publish","4":"has-post-thumbnail","6":"product_cat-bong-cai","8":"first","9":"instock","10":"purchasable","11":"product-type-simple"},"acf":[],"brands":[],"_links":{"self":[{"href":"https:\/\/bynature.vn\/vi\/wp-json\/wp\/v2\/product\/2454","targetHints":{"allow":["GET"]}}],"collection":[{"href":"https:\/\/bynature.vn\/vi\/wp-json\/wp\/v2\/product"}],"about":[{"href":"https:\/\/bynature.vn\/vi\/wp-json\/wp\/v2\/types\/product"}],"wp:featuredmedia":[{"embeddable":true,"href":"https:\/\/bynature.vn\/vi\/wp-json\/wp\/v2\/media\/3394"}],"wp:attachment":[{"href":"https:\/\/bynature.vn\/vi\/wp-json\/wp\/v2\/media?parent=2454"}],"wp:term":[{"taxonomy":"pwb-brand","embeddable":true,"href":"https:\/\/bynature.vn\/vi\/wp-json\/wp\/v2\/pwb-brand?post=2454"},{"taxonomy":"product_cat","embeddable":true,"href":"https:\/\/bynature.vn\/vi\/wp-json\/wp\/v2\/product_cat?post=2454"},{"taxonomy":"product_tag","embeddable":true,"href":"https:\/\/bynature.vn\/vi\/wp-json\/wp\/v2\/product_tag?post=2454"}],"curies":[{"name":"wp","href":"https:\/\/api.w.org\/{rel}","templated":true}]}}