{"id":2452,"date":"2023-11-14T12:47:08","date_gmt":"2023-11-14T05:47:08","guid":{"rendered":"https:\/\/bynature.vn\/product\/bap-cai-do\/"},"modified":"2026-02-09T22:57:49","modified_gmt":"2026-02-09T15:57:49","slug":"bap-cai-do","status":"publish","type":"product","link":"https:\/\/bynature.vn\/vi\/product\/bap-cai-do\/","title":{"rendered":"1 B\u1eafp C\u1ea3i T\u00edm"},"content":{"rendered":"<h6 style=\"text-align: justify;\">B\u1eafp c\u1ea3i t\u00edm ho\u00e0n to\u00e0n t\u1ef1 nhi\u00ean<\/h6>\n<ul>\n<li style=\"text-align: justify;\">K\u00edch th\u01b0\u1edbc c\u00f3 th\u1ec3 kh\u00e1c nhau, nh\u01b0ng kho\u1ea3ng h\u01a1n 600+g b\u1eafp c\u1ea3i t\u00edm gi\u00f2n v\u1edbi s\u1ef1 c\u00e2n b\u1eb1ng tuy\u1ec7t v\u1eddi v\u1ec1 vitamin v\u00e0 kho\u00e1ng ch\u1ea5t &#8211; \u0111\u1eb7c bi\u1ec7t l\u00e0 folate.<\/li>\n<li style=\"text-align: justify;\">T\u00ecm hi\u1ec3u th\u00eam: <span style=\"text-decoration: underline; color: #008000;\"><a style=\"color: #008000; text-decoration: underline;\" href=\"https:\/\/bynature.vn\/clean-and-or-safe-produce\/\">Clean and\/or safe produce<\/a><\/span><\/li>\n<\/ul>\n","protected":false},"excerpt":{"rendered":"<p>B\u1eafp c\u1ea3i t\u00edm ho\u00e0n to\u00e0n t\u1ef1 nhi\u00ean K\u00edch th\u01b0\u1edbc c\u00f3 th\u1ec3 kh\u00e1c nhau, nh\u01b0ng kho\u1ea3ng h\u01a1n 600+g b\u1eafp c\u1ea3i t\u00edm gi\u00f2n v\u1edbi s\u1ef1 c\u00e2n b\u1eb1ng tuy\u1ec7t v\u1eddi v\u1ec1 vitamin v\u00e0 kho\u00e1ng ch\u1ea5t &#8211; \u0111\u1eb7c bi\u1ec7t l\u00e0 folate. T\u00ecm hi\u1ec3u th\u00eam: Clean and\/or safe produce<\/p>\n","protected":false},"featured_media":2898,"template":"","meta":[],"pwb-brand":[],"product_cat":[371],"product_tag":[],"class_list":{"0":"post-2452","1":"product","2":"type-product","3":"status-publish","4":"has-post-thumbnail","6":"product_cat-bap-cai","8":"first","9":"instock","10":"purchasable","11":"product-type-simple"},"acf":[],"brands":[],"_links":{"self":[{"href":"https:\/\/bynature.vn\/vi\/wp-json\/wp\/v2\/product\/2452","targetHints":{"allow":["GET"]}}],"collection":[{"href":"https:\/\/bynature.vn\/vi\/wp-json\/wp\/v2\/product"}],"about":[{"href":"https:\/\/bynature.vn\/vi\/wp-json\/wp\/v2\/types\/product"}],"wp:featuredmedia":[{"embeddable":true,"href":"https:\/\/bynature.vn\/vi\/wp-json\/wp\/v2\/media\/2898"}],"wp:attachment":[{"href":"https:\/\/bynature.vn\/vi\/wp-json\/wp\/v2\/media?parent=2452"}],"wp:term":[{"taxonomy":"pwb-brand","embeddable":true,"href":"https:\/\/bynature.vn\/vi\/wp-json\/wp\/v2\/pwb-brand?post=2452"},{"taxonomy":"product_cat","embeddable":true,"href":"https:\/\/bynature.vn\/vi\/wp-json\/wp\/v2\/product_cat?post=2452"},{"taxonomy":"product_tag","embeddable":true,"href":"https:\/\/bynature.vn\/vi\/wp-json\/wp\/v2\/product_tag?post=2452"}],"curies":[{"name":"wp","href":"https:\/\/api.w.org\/{rel}","templated":true}]}}