{"id":2449,"date":"2023-11-14T12:47:08","date_gmt":"2023-11-14T05:47:08","guid":{"rendered":"https:\/\/bynature.vn\/product\/500g-ca-rot-baby\/"},"modified":"2024-03-26T10:29:11","modified_gmt":"2024-03-26T03:29:11","slug":"500g-ca-rot-baby","status":"publish","type":"product","link":"https:\/\/bynature.vn\/vi\/product\/500g-ca-rot-baby\/","title":{"rendered":"500g C\u00e0 R\u1ed1t Baby"},"content":{"rendered":"<h6 style=\"text-align: justify;\">C\u00e0 r\u1ed1t baby<\/h6>\n<p style=\"text-align: justify;\">C\u00e0 r\u1ed1t baby c\u00f3 k\u00edch th\u01b0\u1edbc nh\u1ecf h\u01a1n, nh\u01b0ng m\u00f9i v\u1ecb kh\u00f4ng qu\u00e1 kh\u00e1c bi\u1ec7t so v\u1edbi c\u00e0 r\u1ed1t th\u00f4ng th\u01b0\u1eddng, ch\u00fang l\u00e0m cho m\u00f3n \u0103n th\u00eam ph\u1ea7n b\u1eaft m\u1eaft v\u00e0 th\u00fa v\u1ecb h\u01a1n.<\/p>\n<p style=\"text-align: justify;\">\u0110\u1ecdc th\u00eam: <span style=\"text-decoration: underline; color: #008000;\"><a style=\"color: #008000; text-decoration: underline;\" href=\"https:\/\/bynature.vn\/vi\/an-ca-rot-co-giup-cai-thien-thi-luc-khong\/\">\u0102n c\u00e0 r\u1ed1t c\u00f3 gi\u00fap c\u1ea3i thi\u1ec7n th\u1ecb l\u1ef1c kh\u00f4ng?<\/a><\/span><\/p>\n","protected":false},"excerpt":{"rendered":"<p>C\u00e0 r\u1ed1t baby C\u00e0 r\u1ed1t baby c\u00f3 k\u00edch th\u01b0\u1edbc nh\u1ecf h\u01a1n, nh\u01b0ng m\u00f9i v\u1ecb kh\u00f4ng qu\u00e1 kh\u00e1c bi\u1ec7t so v\u1edbi c\u00e0 r\u1ed1t th\u00f4ng th\u01b0\u1eddng, ch\u00fang l\u00e0m cho m\u00f3n \u0103n th\u00eam ph\u1ea7n b\u1eaft m\u1eaft v\u00e0 th\u00fa v\u1ecb h\u01a1n. \u0110\u1ecdc th\u00eam: \u0102n c\u00e0 r\u1ed1t c\u00f3 gi\u00fap c\u1ea3i thi\u1ec7n th\u1ecb l\u1ef1c kh\u00f4ng?<\/p>\n","protected":false},"featured_media":3050,"template":"","meta":[],"pwb-brand":[],"product_cat":[379],"product_tag":[],"class_list":{"0":"post-2449","1":"product","2":"type-product","3":"status-publish","4":"has-post-thumbnail","6":"product_cat-ca-rot","8":"first","9":"instock","10":"purchasable","11":"product-type-simple"},"acf":[],"brands":[],"_links":{"self":[{"href":"https:\/\/bynature.vn\/vi\/wp-json\/wp\/v2\/product\/2449","targetHints":{"allow":["GET"]}}],"collection":[{"href":"https:\/\/bynature.vn\/vi\/wp-json\/wp\/v2\/product"}],"about":[{"href":"https:\/\/bynature.vn\/vi\/wp-json\/wp\/v2\/types\/product"}],"wp:featuredmedia":[{"embeddable":true,"href":"https:\/\/bynature.vn\/vi\/wp-json\/wp\/v2\/media\/3050"}],"wp:attachment":[{"href":"https:\/\/bynature.vn\/vi\/wp-json\/wp\/v2\/media?parent=2449"}],"wp:term":[{"taxonomy":"pwb-brand","embeddable":true,"href":"https:\/\/bynature.vn\/vi\/wp-json\/wp\/v2\/pwb-brand?post=2449"},{"taxonomy":"product_cat","embeddable":true,"href":"https:\/\/bynature.vn\/vi\/wp-json\/wp\/v2\/product_cat?post=2449"},{"taxonomy":"product_tag","embeddable":true,"href":"https:\/\/bynature.vn\/vi\/wp-json\/wp\/v2\/product_tag?post=2449"}],"curies":[{"name":"wp","href":"https:\/\/api.w.org\/{rel}","templated":true}]}}