{"id":2448,"date":"2023-11-14T12:47:08","date_gmt":"2023-11-14T05:47:08","guid":{"rendered":"https:\/\/bynature.vn\/product\/400g-bong-cai-xanh-baby\/"},"modified":"2026-02-09T23:10:13","modified_gmt":"2026-02-09T16:10:13","slug":"400g-bong-cai-xanh-baby","status":"publish","type":"product","link":"https:\/\/bynature.vn\/vi\/product\/400g-bong-cai-xanh-baby\/","title":{"rendered":"500g B\u00f4ng C\u1ea3i Xanh Non"},"content":{"rendered":"<h6 style=\"text-align: justify;\">B\u00f4ng c\u1ea3i xanh non ho\u00e0n to\u00e0n t\u1ef1 nhi\u00ean<\/h6>\n<ul>\n<li style=\"text-align: justify;\">So v\u1edbi ng\u01b0\u1eddi anh em b\u00f4ng c\u1ea3i xanh c\u1ee7a n\u00f3, b\u00f4ng c\u1ea3i xanh non nh\u1eb9 h\u01a1n v\u00e0 ng\u1ecdt h\u01a1n v\u1edbi m\u1ed9t ch\u00fat h\u01b0\u01a1ng v\u1ecb \u0111\u1ea5t.<\/li>\n<li style=\"text-align: justify;\">T\u1ea5t c\u1ea3 c\u00e1c lo\u1ea1i rau \u0111\u01b0\u1ee3c tr\u1ed3ng ho\u00e0n to\u00e0n t\u1ef1 nhi\u00ean n\u00e0y c\u00f3 th\u1ec3 \u0111\u01b0\u1ee3c \u0103n s\u1ed1ng ho\u1eb7c n\u1ea5u ch\u00edn.<\/li>\n<\/ul>\n<p style=\"text-align: justify;\">T\u00ecm hi\u1ec3u th\u00eam: <span style=\"text-decoration: underline; color: #008000;\"><a style=\"color: #008000; text-decoration: underline;\" href=\"https:\/\/bynature.vn\/clean-and-or-safe-produce\/\">Clean and\/or safe produce<\/a><\/span><\/p>\n","protected":false},"excerpt":{"rendered":"<p>B\u00f4ng c\u1ea3i xanh non ho\u00e0n to\u00e0n t\u1ef1 nhi\u00ean So v\u1edbi ng\u01b0\u1eddi anh em b\u00f4ng c\u1ea3i xanh c\u1ee7a n\u00f3, b\u00f4ng c\u1ea3i xanh non nh\u1eb9 h\u01a1n v\u00e0 ng\u1ecdt h\u01a1n v\u1edbi m\u1ed9t ch\u00fat h\u01b0\u01a1ng v\u1ecb \u0111\u1ea5t. T\u1ea5t c\u1ea3 c\u00e1c lo\u1ea1i rau \u0111\u01b0\u1ee3c tr\u1ed3ng ho\u00e0n to\u00e0n t\u1ef1 nhi\u00ean n\u00e0y c\u00f3 th\u1ec3 \u0111\u01b0\u1ee3c \u0103n s\u1ed1ng ho\u1eb7c n\u1ea5u ch\u00edn. T\u00ecm hi\u1ec3u &hellip; <\/p>\n<p class=\"link-more\"><a href=\"https:\/\/bynature.vn\/vi\/product\/400g-bong-cai-xanh-baby\/\" class=\"more-link\">Continue reading<span class=\"screen-reader-text\"> &#8220;500g B\u00f4ng C\u1ea3i Xanh Non&#8221;<\/span><\/a><\/p>\n","protected":false},"featured_media":3048,"template":"","meta":[],"pwb-brand":[],"product_cat":[370,418],"product_tag":[],"class_list":{"0":"post-2448","1":"product","2":"type-product","3":"status-publish","4":"has-post-thumbnail","6":"product_cat-bong-cai","7":"product_cat-san-pham-noi-bat","9":"first","10":"out_of_season","11":"product-type-simple"},"acf":[],"brands":[],"_links":{"self":[{"href":"https:\/\/bynature.vn\/vi\/wp-json\/wp\/v2\/product\/2448","targetHints":{"allow":["GET"]}}],"collection":[{"href":"https:\/\/bynature.vn\/vi\/wp-json\/wp\/v2\/product"}],"about":[{"href":"https:\/\/bynature.vn\/vi\/wp-json\/wp\/v2\/types\/product"}],"wp:featuredmedia":[{"embeddable":true,"href":"https:\/\/bynature.vn\/vi\/wp-json\/wp\/v2\/media\/3048"}],"wp:attachment":[{"href":"https:\/\/bynature.vn\/vi\/wp-json\/wp\/v2\/media?parent=2448"}],"wp:term":[{"taxonomy":"pwb-brand","embeddable":true,"href":"https:\/\/bynature.vn\/vi\/wp-json\/wp\/v2\/pwb-brand?post=2448"},{"taxonomy":"product_cat","embeddable":true,"href":"https:\/\/bynature.vn\/vi\/wp-json\/wp\/v2\/product_cat?post=2448"},{"taxonomy":"product_tag","embeddable":true,"href":"https:\/\/bynature.vn\/vi\/wp-json\/wp\/v2\/product_tag?post=2448"}],"curies":[{"name":"wp","href":"https:\/\/api.w.org\/{rel}","templated":true}]}}